{"id":865,"date":"2022-11-10T00:19:56","date_gmt":"2022-11-09T16:19:56","guid":{"rendered":"https:\/\/zzlcmachinery.com\/?post_type=product&#038;p=865"},"modified":"2022-11-14T22:42:35","modified_gmt":"2022-11-14T14:42:35","slug":"lc-dl60s-cheapest-square-tube-flat-iron-square-steel-embossing-machine","status":"publish","type":"product","link":"https:\/\/zzlcmachinery.com\/fi\/tuote\/lc-dl60s-cheapest-square-tube-flat-iron-square-steel-embossing-machine\/","title":{"rendered":"LC-DL60S Halvin neli\u00f6putki litte\u00e4 rautainen neli\u00f6ter\u00e4ksinen kohokuviointikone"},"content":{"rendered":"","protected":false},"excerpt":{"rendered":"<p>T\u00e4m\u00e4 LC-DL60S halvin neli\u00f6putki litte\u00e4n rautaisen neli\u00f6n ter\u00e4ksen kohokuviointikone on ammattimainen laite kylm\u00e4valssaus- ja taontamateriaaleille. T\u00e4m\u00e4 kone voi k\u00e4sitell\u00e4 neli\u00f6m\u00e4ist\u00e4 putkea, neli\u00f6m\u00e4ist\u00e4 ter\u00e4st\u00e4, litte\u00e4\u00e4 ter\u00e4st\u00e4, jolla on kansainv\u00e4liset yhteiset mitat, Verrattuna samantyyppiseen kylm\u00e4painokoneeseen, t\u00e4m\u00e4n koneen muottikustannukset ovat paljon pienemm\u00e4t, kuten neli\u00f6m\u00e4isten putkien k\u00e4sittelyss\u00e4, ei ole tarvetta maksa ja kaiverra muottisarja jokaiselle erikokoiselle neli\u00f6putkelle, 20\u00d720-80x80mm neli\u00f6putki on yhdistelm\u00e4 Muotti voidaan vapaasti yhdist\u00e4\u00e4 kaikenkokoisille neli\u00f6putkille sopivaksi muotiksi tiivisteiden p\u00e4\u00e4llekk\u00e4in. k\u00e4sitelty, mukaan lukien suorakaiteen muotoiset putket ja ruostumattomasta ter\u00e4ksest\u00e4 valmistetut putket.<br \/>\n<strong>TEKNINEN PARAMETRI<\/strong><br \/>\n<strong>Tasainen rauta:<\/strong> \u226410\u00d750mm<br \/>\n<strong>Neli\u00f6m\u00e4inen ter\u00e4s:<\/strong>\u00a0\u226425\u00d725mm<br \/>\n<strong>Neli\u00f6putki:<\/strong> \u226480x80mm<br \/>\n<strong>Teho:<\/strong> 4 kW<br \/>\n<strong>J\u00e4nnite:<\/strong> 220V\/380V<br \/>\n<strong>Pakkauksen mitat:<\/strong> 1000\u00d7800\u00d71200mm<br \/>\n<strong>NW (kg):<\/strong> 450<br \/>\n<strong>GW (kg):<\/strong> 500<\/p>","protected":false},"featured_media":888,"template":"","meta":{"_kad_post_transparent":"default","_kad_post_title":"hide","_kad_post_layout":"fullwidth","_kad_post_sidebar_id":"","_kad_post_content_style":"unboxed","_kad_post_vertical_padding":"hide","_kad_post_feature":"hide","_kad_post_feature_position":"","_kad_post_header":false,"_kad_post_footer":false},"product_brand":[],"product_cat":[29,19],"product_tag":[381,382,47,386,379,378,380,384,383,385,44,111],"class_list":{"0":"post-865","1":"product","2":"type-product","3":"status-publish","4":"has-post-thumbnail","6":"product_cat-electric-wrought-iron-processing-machine","7":"product_cat-cold-rolling-embossing-machine","8":"product_tag-china-metal-craft-embossing-equiment","9":"product_tag-china-wrought-iron-machine-and-cold-rolling-embossing-machine","10":"product_tag-cold-rolling-embossing-machine","11":"product_tag-flat-iorn-embossing-machine","12":"product_tag-iron-embossing-machine","13":"product_tag-lc-dl60s-cheapest-square-tube-flat-iron-square-steel-embossing-machine","14":"product_tag-professional-cold-rolling-metal-plate-embossing-machine","15":"product_tag-sauare-steel-embossing-machine","16":"product_tag-square-tube-embossing-machine","17":"product_tag-stainless-steel-pipe-embossing-machine","18":"product_tag-wrought-iron-embossing-machine","19":"product_tag-wrought-iron-machine","21":"first","22":"instock","23":"shipping-taxable","24":"product-type-simple","25":"entry","26":"content-bg","27":"loop-entry"},"_links":{"self":[{"href":"https:\/\/zzlcmachinery.com\/fi\/wp-json\/wp\/v2\/product\/865","targetHints":{"allow":["GET"]}}],"collection":[{"href":"https:\/\/zzlcmachinery.com\/fi\/wp-json\/wp\/v2\/product"}],"about":[{"href":"https:\/\/zzlcmachinery.com\/fi\/wp-json\/wp\/v2\/types\/product"}],"version-history":[{"count":0,"href":"https:\/\/zzlcmachinery.com\/fi\/wp-json\/wp\/v2\/product\/865\/revisions"}],"wp:featuredmedia":[{"embeddable":true,"href":"https:\/\/zzlcmachinery.com\/fi\/wp-json\/wp\/v2\/media\/888"}],"wp:attachment":[{"href":"https:\/\/zzlcmachinery.com\/fi\/wp-json\/wp\/v2\/media?parent=865"}],"wp:term":[{"taxonomy":"product_brand","embeddable":true,"href":"https:\/\/zzlcmachinery.com\/fi\/wp-json\/wp\/v2\/product_brand?post=865"},{"taxonomy":"product_cat","embeddable":true,"href":"https:\/\/zzlcmachinery.com\/fi\/wp-json\/wp\/v2\/product_cat?post=865"},{"taxonomy":"product_tag","embeddable":true,"href":"https:\/\/zzlcmachinery.com\/fi\/wp-json\/wp\/v2\/product_tag?post=865"}],"curies":[{"name":"wp","href":"https:\/\/api.w.org\/{rel}","templated":true}]}}