{"id":834,"date":"2022-11-04T22:29:01","date_gmt":"2022-11-04T14:29:01","guid":{"rendered":"https:\/\/zzlcmachinery.com\/?post_type=product&#038;p=834"},"modified":"2022-11-26T00:47:30","modified_gmt":"2022-11-25T16:47:30","slug":"lc120-hydraulic-decorative-iron-pipe-iron-tube-twisting-machine","status":"publish","type":"product","link":"https:\/\/zzlcmachinery.com\/fi\/tuote\/lc120-hydraulic-decorative-iron-pipe-iron-tube-twisting-machine\/","title":{"rendered":"LC120 Hydraulinen koristeellinen rautaputki rautaputken kiertokone"},"content":{"rendered":"","protected":false},"excerpt":{"rendered":"<p>T\u00e4t\u00e4 LC120 Hydraulista koristeellista rautaputkien kierrekonetta k\u00e4ytet\u00e4\u00e4n vain py\u00f6reiden putkien k\u00e4sittelyyn. Koneen teht\u00e4v\u00e4n\u00e4 on erilaisten kuvioiden ilmestyminen py\u00f6reiden putkien k\u00e4sittelyn j\u00e4lkeen. N\u00e4it\u00e4 puolivalmiita tuotteita k\u00e4ytet\u00e4\u00e4n p\u00e4\u00e4asiassa ovien, ikkunoiden, portaiden ja kaiteiden kaiteissa ja runkotuissa. Ne eiv\u00e4t ole vain kauniita, vaan my\u00f6s eritt\u00e4in vahvoja, materiaalit ovat py\u00f6reit\u00e4 putkia, joten verrattuna kiinteisiin oviin ja ikkunoihin ja kaiteisiin, kustannukset ovat alhaisemmat kuin 50%-80%. Se sopii eritt\u00e4in hyvin sepp\u00e4pajoihin, joissa ovet ja ikkunat ovat suuressa mittakaavassa. T\u00e4ll\u00e4 putkenkiertokoneella prosessoitiin py\u00f6reit\u00e4 putkia, joiden halkaisija on 60-120 mm. Py\u00f6re\u00e4t putket voidaan muuttaa py\u00f6reiksi putkiksi, neli\u00f6putkiksi, 6-kulmaputkiksi, 12-kulmaputkiksi, 16-kulmaputkiksi jne. K\u00e4sittelyn j\u00e4lkeen. N\u00e4ill\u00e4 jalostetuilla putkilla voi olla my\u00f6s erilaisia kuviomuotoja, jotka valmistetaan p\u00e4\u00e4asiassa konetta toistuvasti kiert\u00e4m\u00e4ll\u00e4. Kuvion tiheys ja kuvion syvyys voidaan saavuttaa s\u00e4\u00e4t\u00e4m\u00e4ll\u00e4 hydraulij\u00e4rjestelm\u00e4\u00e4 ja rajakytkimi\u00e4.<br \/>\nErityist\u00e4 huomiota tulee kiinnitt\u00e4\u00e4 py\u00f6re\u00e4n putken paksuuteen, joka on enint\u00e4\u00e4n 2,5 mm.<br \/>\nOtetaan esimerkkin\u00e4 py\u00f6re\u00e4 putki, joka on muutettu neli\u00f6m\u00e4iseksi putkeksi, py\u00f6re\u00e4 putki, jonka halkaisija on \u03c6 50mm, \u03c660mm, \u03c676mm, \u03c6 89mm, \u03c6114mm muuttuu neli\u00f6m\u00e4iseksi putkeksi \u53e3 40mm \u53e3 50mm \u53e3 60mm \u53e3)<br \/>\n24 tunnin verkkopalvelu, kerro meille, jos sinulla on kysytt\u00e4v\u00e4\u00e4!<br \/>\n<strong>TEKNINEN PARAMETRI<br \/>\n<\/strong><strong>Malli: LC-JKLG120<br \/>\nK\u00e4sittelymateriaali: Py\u00f6re\u00e4 putki\u2264\u03a6120mmx3mm<br \/>\nValmiin tuotteen mitat:<\/strong><br \/>\n<strong>Py\u00f6re\u00e4 putki<\/strong>\u2264\u03a6120mmx2,5mm<br \/>\n<strong>Litte\u00e4 putki<\/strong> \u2264 90x60x2,5mm<br \/>\n<strong>Neli\u00f6nmuotoinen putki<\/strong>\u226440x40x2,5-90x90x2,5mm<br \/>\n<strong style=\"font-family: var(--global-body-font-family);\">Teho:<\/strong><span style=\"font-family: var(--global-body-font-family);\"> 11,7 kW<br \/>\n<\/span><strong>Ilmaisille kuoleille:<\/strong>6 sarjaa<br \/>\n<strong>J\u00e4nnite:<\/strong>\u00a0220V\/380V\/415V<br \/>\n<strong>Pakkauksen mitat:<\/strong>800*1200*700mm<strong><br \/>\n<\/strong><strong>NW (kg):<\/strong> 2500\u00a0 \u00a0 <strong>GW (kg):<\/strong> 2550<\/p>","protected":false},"featured_media":861,"template":"","meta":{"_kad_post_transparent":"default","_kad_post_title":"","_kad_post_layout":"default","_kad_post_sidebar_id":"","_kad_post_content_style":"default","_kad_post_vertical_padding":"default","_kad_post_feature":"","_kad_post_feature_position":"","_kad_post_header":false,"_kad_post_footer":false},"product_brand":[],"product_cat":[20,31],"product_tag":[350,353,354,339,349,343,355,351,352,111,347],"class_list":{"0":"post-834","1":"product","2":"type-product","3":"status-publish","4":"has-post-thumbnail","6":"product_cat-wrought-iron-twisting-machine","7":"product_cat-electric-pipe-twisting-machine","8":"product_tag-decorate-metal-pipe-tube-twist-wrought-iron-machine","9":"product_tag-decorative-pipe-tube-twisting-machine-pipe-threading-machine","10":"product_tag-factory-hot-sell-automatic-round-stainless-steel-pipe-twisting-machine","11":"product_tag-fully-automatic-multi-functional-round-tube-twisting-machine","12":"product_tag-iron-pipe-stainless-steel-pipe-tube-drawing-machine","13":"product_tag-ornamental-wrought-iron-round-pipe-twisting-making-machine","14":"product_tag-pipe-twisting-machine-for-wrought-iron","15":"product_tag-ss-tube-twisting-design-machine-wrought-iron-threading-pipe-machinery-price","16":"product_tag-tube-twisting-machine-spiral-twist-threading-round-metal-pipes-rotary-swaging-equipments","17":"product_tag-wrought-iron-machine","18":"product_tag-wrought-iron-tube-twisting-machine-for-steel-pipe","20":"first","21":"instock","22":"featured","23":"shipping-taxable","24":"product-type-simple","25":"entry","26":"content-bg","27":"loop-entry"},"_links":{"self":[{"href":"https:\/\/zzlcmachinery.com\/fi\/wp-json\/wp\/v2\/product\/834","targetHints":{"allow":["GET"]}}],"collection":[{"href":"https:\/\/zzlcmachinery.com\/fi\/wp-json\/wp\/v2\/product"}],"about":[{"href":"https:\/\/zzlcmachinery.com\/fi\/wp-json\/wp\/v2\/types\/product"}],"version-history":[{"count":0,"href":"https:\/\/zzlcmachinery.com\/fi\/wp-json\/wp\/v2\/product\/834\/revisions"}],"wp:featuredmedia":[{"embeddable":true,"href":"https:\/\/zzlcmachinery.com\/fi\/wp-json\/wp\/v2\/media\/861"}],"wp:attachment":[{"href":"https:\/\/zzlcmachinery.com\/fi\/wp-json\/wp\/v2\/media?parent=834"}],"wp:term":[{"taxonomy":"product_brand","embeddable":true,"href":"https:\/\/zzlcmachinery.com\/fi\/wp-json\/wp\/v2\/product_brand?post=834"},{"taxonomy":"product_cat","embeddable":true,"href":"https:\/\/zzlcmachinery.com\/fi\/wp-json\/wp\/v2\/product_cat?post=834"},{"taxonomy":"product_tag","embeddable":true,"href":"https:\/\/zzlcmachinery.com\/fi\/wp-json\/wp\/v2\/product_tag?post=834"}],"curies":[{"name":"wp","href":"https:\/\/api.w.org\/{rel}","templated":true}]}}