{"id":832,"date":"2022-11-04T20:23:29","date_gmt":"2022-11-04T12:23:29","guid":{"rendered":"https:\/\/zzlcmachinery.com\/?post_type=product&#038;p=832"},"modified":"2022-11-26T00:47:32","modified_gmt":"2022-11-25T16:47:32","slug":"lc-jklg60-aotumatic-multi-function-round-pipe-twisting-machine","status":"publish","type":"product","link":"https:\/\/zzlcmachinery.com\/fi\/tuote\/lc-jklg60-aotumatic-multi-function-round-pipe-twisting-machine\/","title":{"rendered":"LC-JKLG60 Aotumatic monitoiminen py\u00f6re\u00e4n putken kiertokone"},"content":{"rendered":"","protected":false},"excerpt":{"rendered":"<p>T\u00e4m\u00e4 LC-JKLG60 Aotumatic monitoiminen py\u00f6re\u00e4n putken kiertokone voi vet\u00e4\u00e4 ja k\u00e4sitell\u00e4 spiraalisia py\u00f6reit\u00e4 putkia, linjata neli\u00f6m\u00e4isi\u00e4 putkia, litteit\u00e4 putkia, joilla on eri paksuus ja kuviot.<br \/>\nKone pystyy valmistamaan ja prosessoimaan py\u00f6reit\u00e4 putkia, joiden halkaisija on enint\u00e4\u00e4n 60 mm ja paksuus alle 1,2 mm, kierreputkiksi. Py\u00f6re\u00e4st\u00e4 putkesta voidaan tehd\u00e4 neli\u00f6m\u00e4inen putki, 6 kulmaputki, 8 kulmaputki, 16 kulmaputki ja muita kuvioita.<br \/>\nKonetta vet\u00e4m\u00e4ll\u00e4 voidaan k\u00e4sitell\u00e4 erilaisia kuvioita ruostumattomasta ter\u00e4ksest\u00e4 erityisten muottien alla. K\u00e4sitelty materiaali ei ole vain ulkon\u00e4\u00f6lt\u00e4\u00e4n kaunis, kest\u00e4v\u00e4 ja vahva, vaan my\u00f6s siksi, ett\u00e4 se on ontto. Materiaali on kaksinkertainen kiinte\u00e4\u00e4n materiaaliin verrattuna. Se on v\u00e4ltt\u00e4m\u00e4t\u00f6n kone ovien, ikkunoiden, portaiden, kaiteiden ja aitojen k\u00e4sittelyyn<br \/>\n24 tunnin verkkopalvelu, kerro meille, jos sinulla on kysytt\u00e4v\u00e4\u00e4!<br \/>\n<strong>TEKNINEN PARAMETRI<br \/>\n<\/strong><strong>Malli: LC-JKLG60<br \/>\nK\u00e4sittelymateriaali: Py\u00f6re\u00e4 putki\u2264\u03a660mmx1,2mm<br \/>\nValmiin tuotteen mitat:<\/strong><br \/>\nPy\u00f6rist\u00e4\u00e4<strong> putki<\/strong>\u2264\u03a660mmx1,2mm<br \/>\nLitte\u00e4 putki \u2264 60x30x1,2mm<br \/>\nNeli\u00f6m\u00e4inen putki\u226415x15x1,2-60x60x1,2mm<br \/>\n<strong style=\"font-family: var(--global-body-font-family);\">Teho:<\/strong><span style=\"font-family: var(--global-body-font-family);\"> 7,5 kW<br \/>\n<\/span><strong>Ilmaisille kuoleille:<\/strong>6 sarjaa<br \/>\n<strong>J\u00e4nnite:<\/strong>\u00a0220V\/380V\/415V<br \/>\n<strong>Pakkauksen mitat:<\/strong>800*1200*700mm<strong><br \/>\n<\/strong><strong>NW (kg):<\/strong> 1100\u00a0 \u00a0 \u00a0<strong>GW (kg):<\/strong> 1150<\/p>","protected":false},"featured_media":848,"template":"","meta":{"_kad_post_transparent":"default","_kad_post_title":"","_kad_post_layout":"default","_kad_post_sidebar_id":"","_kad_post_content_style":"default","_kad_post_vertical_padding":"default","_kad_post_feature":"","_kad_post_feature_position":"","_kad_post_header":false,"_kad_post_footer":false},"product_brand":[],"product_cat":[20,31,29],"product_tag":[333,334,335,336,337,338,339,340,341,342,343,344,348,345,346,347],"class_list":{"0":"post-832","1":"product","2":"type-product","3":"status-publish","4":"has-post-thumbnail","6":"product_cat-wrought-iron-twisting-machine","7":"product_cat-electric-pipe-twisting-machine","8":"product_cat-electric-wrought-iron-processing-machine","9":"product_tag-aotumatic-multi-function-round-pipe-twisting-machine","10":"product_tag-automatic-rod-pipe-twisting-machine-equipment-with-best-price","11":"product_tag-automatic-tube-threading-pipe-twisting-machine","12":"product_tag-electric-metal-twisting-machine-twist-forming-metal-gate-door-processing-equipment","13":"product_tag-factory-hot-sale-automatic-round-stainless-steel-pipe-twisting-machine","14":"product_tag-finished-products-by-pipe-twisting-machine-2","15":"product_tag-fully-automatic-multi-functional-round-tube-twisting-machine","16":"product_tag-metal-wrought-iron-pipe-twisting-machine-with-factory-price","17":"product_tag-moulds-for-pipe-twisting-machine","18":"product_tag-new-automatic-round-pipe-twisting-machine-for-square-pipe-twisting-shape","19":"product_tag-ornamental-wrought-iron-round-pipe-twisting-making-machine","20":"product_tag-pipe-embossing-and-stretching-machine","21":"product_tag-round-pipe-twisting-machine","22":"product_tag-stainless-steel-pipe-twisting-forming-machine-with-square-pipe-twisting-shape","23":"product_tag-wrought-iron-pipe-twist-and-bend-machine-copper-pipe-twisting-machine","24":"product_tag-wrought-iron-tube-twisting-machine-for-steel-pipe","26":"first","27":"instock","28":"featured","29":"shipping-taxable","30":"product-type-simple","31":"entry","32":"content-bg","33":"loop-entry"},"_links":{"self":[{"href":"https:\/\/zzlcmachinery.com\/fi\/wp-json\/wp\/v2\/product\/832","targetHints":{"allow":["GET"]}}],"collection":[{"href":"https:\/\/zzlcmachinery.com\/fi\/wp-json\/wp\/v2\/product"}],"about":[{"href":"https:\/\/zzlcmachinery.com\/fi\/wp-json\/wp\/v2\/types\/product"}],"version-history":[{"count":0,"href":"https:\/\/zzlcmachinery.com\/fi\/wp-json\/wp\/v2\/product\/832\/revisions"}],"wp:featuredmedia":[{"embeddable":true,"href":"https:\/\/zzlcmachinery.com\/fi\/wp-json\/wp\/v2\/media\/848"}],"wp:attachment":[{"href":"https:\/\/zzlcmachinery.com\/fi\/wp-json\/wp\/v2\/media?parent=832"}],"wp:term":[{"taxonomy":"product_brand","embeddable":true,"href":"https:\/\/zzlcmachinery.com\/fi\/wp-json\/wp\/v2\/product_brand?post=832"},{"taxonomy":"product_cat","embeddable":true,"href":"https:\/\/zzlcmachinery.com\/fi\/wp-json\/wp\/v2\/product_cat?post=832"},{"taxonomy":"product_tag","embeddable":true,"href":"https:\/\/zzlcmachinery.com\/fi\/wp-json\/wp\/v2\/product_tag?post=832"}],"curies":[{"name":"wp","href":"https:\/\/api.w.org\/{rel}","templated":true}]}}