{"id":807,"date":"2022-11-01T20:30:06","date_gmt":"2022-11-01T12:30:06","guid":{"rendered":"https:\/\/zzlcmachinery.com\/?post_type=product&#038;p=807"},"modified":"2022-11-22T14:55:42","modified_gmt":"2022-11-22T06:55:42","slug":"lc-dk-hydraulic-folding-welding-spot-square-buckle-machine-for-forging-handrail","status":"publish","type":"product","link":"https:\/\/zzlcmachinery.com\/fi\/tuote\/lc-dk-hydraulic-folding-welding-spot-square-buckle-machine-for-forging-handrail\/","title":{"rendered":"LC-DK hydraulinen taittuva hitsauspisteen neli\u00f6solkikone kaiteen takomiseen"},"content":{"rendered":"","protected":false},"excerpt":{"rendered":"<p>T\u00e4m\u00e4 LC-DK hydraulinen taittuva hitsauspisteen neli\u00f6solkikone on hydraulinen puoliautomaattinen k\u00e4\u00e4rint\u00e4solkilaite. Hydraulij\u00e4rjestelm\u00e4 on t\u00e4rkein k\u00e4ytt\u00f6voima. Se suorittaa p\u00e4\u00e4osin k\u00e4\u00e4rint\u00e4toimintoa takorautaisten standardiosien ja porraskaiteiden hitsauskohdassa. Pakollinen kone eurooppalaistyyliseen taiteelliseen metallink\u00e4sittelyyn.<br \/>\nT\u00e4ss\u00e4 koneessa on kaksi toimintatilaa: jog-k\u00e4sittely ja automaattinen k\u00e4sittely. Jog-k\u00e4sittely voi k\u00e4sitell\u00e4 soljet hidastettuna. Sit\u00e4 k\u00e4ytet\u00e4\u00e4n p\u00e4\u00e4asiassa koneen virheenkorjaukseen ja standardiosien ja solkien valinnan virheenkorjaukseen. Automaattinen k\u00e4sittelytoiminto voi lukkiutua jatkuvasti, mik\u00e4 s\u00e4\u00e4st\u00e4\u00e4 aikaa ja ty\u00f6t\u00e4.<br \/>\nT\u00e4m\u00e4n koneen teht\u00e4v\u00e4n\u00e4 on pakata hitsauskohta nappiter\u00e4kselle, jotta nappi ei kuumene, mik\u00e4 eroaa entisest\u00e4. Nopeilla ja tehokkailla ominaisuuksilla on hyv\u00e4 maine raudan tuotantolinjalla.<br \/>\n24 tunnin verkkopalvelu, kerro meille, jos sinulla on kysytt\u00e4v\u00e4\u00e4!<br \/>\n<strong>TEKNINEN PARAMETRI<br \/>\n<\/strong><strong>Malli: LC-DK<br \/>\nK\u00e4sittelymateriaali: Mieto ter\u00e4s<br \/>\nK\u00e4sittelysoljen koko:<\/strong>\u00a0\u226436x20mm<br \/>\n<strong>Teho:<\/strong> 2,2 kW<br \/>\n<strong>Ilmaisia kuoppia: 4 sarjaa<\/strong><br \/>\n<strong>J\u00e4nnite:<\/strong>\u00a0220V\/380V\/415V<br \/>\n<strong>Pakkauksen mitat:<\/strong> 860\u00d7780\u00d71480mm<br \/>\n<strong>NW (kg):<\/strong> 550\u00a0 \u00a0 \u00a0<strong>GW (kg):<\/strong> 600<\/p>","protected":false},"featured_media":809,"template":"","meta":{"_kad_post_transparent":"default","_kad_post_title":"","_kad_post_layout":"default","_kad_post_sidebar_id":"","_kad_post_content_style":"default","_kad_post_vertical_padding":"default","_kad_post_feature":"","_kad_post_feature_position":"","_kad_post_header":false,"_kad_post_footer":false},"product_brand":[],"product_cat":[29],"product_tag":[320,318,319,321,111,322],"class_list":{"0":"post-807","1":"product","2":"type-product","3":"status-publish","4":"has-post-thumbnail","6":"product_cat-electric-wrought-iron-processing-machine","7":"product_tag-hydraulic-folding-welding-spot-square-buckle-machine-for-forging-handrail","8":"product_tag-hydraulic-wrought-iron-folding-square-buckle-machine-for-fence-staircase-welding-spot","9":"product_tag-hydraulic-wrought-iron-forging-handrail-welding-spot-square-buckle-machine","10":"product_tag-welding-buckle-machine-for-wrought-iron","11":"product_tag-wrought-iron-machine","12":"product_tag-wrought-iron-metal-buckle-machine","14":"first","15":"instock","16":"shipping-taxable","17":"product-type-simple","18":"entry","19":"content-bg","20":"loop-entry"},"_links":{"self":[{"href":"https:\/\/zzlcmachinery.com\/fi\/wp-json\/wp\/v2\/product\/807","targetHints":{"allow":["GET"]}}],"collection":[{"href":"https:\/\/zzlcmachinery.com\/fi\/wp-json\/wp\/v2\/product"}],"about":[{"href":"https:\/\/zzlcmachinery.com\/fi\/wp-json\/wp\/v2\/types\/product"}],"version-history":[{"count":0,"href":"https:\/\/zzlcmachinery.com\/fi\/wp-json\/wp\/v2\/product\/807\/revisions"}],"wp:featuredmedia":[{"embeddable":true,"href":"https:\/\/zzlcmachinery.com\/fi\/wp-json\/wp\/v2\/media\/809"}],"wp:attachment":[{"href":"https:\/\/zzlcmachinery.com\/fi\/wp-json\/wp\/v2\/media?parent=807"}],"wp:term":[{"taxonomy":"product_brand","embeddable":true,"href":"https:\/\/zzlcmachinery.com\/fi\/wp-json\/wp\/v2\/product_brand?post=807"},{"taxonomy":"product_cat","embeddable":true,"href":"https:\/\/zzlcmachinery.com\/fi\/wp-json\/wp\/v2\/product_cat?post=807"},{"taxonomy":"product_tag","embeddable":true,"href":"https:\/\/zzlcmachinery.com\/fi\/wp-json\/wp\/v2\/product_tag?post=807"}],"curies":[{"name":"wp","href":"https:\/\/api.w.org\/{rel}","templated":true}]}}