{"id":766,"date":"2022-11-01T00:17:04","date_gmt":"2022-10-31T16:17:04","guid":{"rendered":"https:\/\/zzlcmachinery.com\/?post_type=product&#038;p=766"},"modified":"2022-11-22T15:10:56","modified_gmt":"2022-11-22T07:10:56","slug":"w12-professional-manual-scroll-bending-tool-with-12-free-dies-for-wrought-iron","status":"publish","type":"product","link":"https:\/\/zzlcmachinery.com\/fi\/tuote\/w12-professional-manual-scroll-bending-tool-with-12-free-dies-for-wrought-iron\/","title":{"rendered":"W12 Professional Manual Scroll Taivutusty\u00f6kalu, jossa on 12 ilmaista meisti\u00e4 takorautaa varten"},"content":{"rendered":"","protected":false},"excerpt":{"rendered":"<p>T\u00e4m\u00e4 LC-W12 ammattik\u00e4ytt\u00f6\u00f6n tarkoitettu manuaalinen rullataivutusty\u00f6kalu 12 vapaalla takorautamuottimella on tee-se-itse-k\u00e4sity\u00f6kalu lattaraudan, neli\u00f6m\u00e4isen ter\u00e4ksen ja py\u00f6re\u00e4n ter\u00e4ksen ty\u00f6st\u00e4miseen S-, C- ja P-muotoon.<br \/>\nT\u00e4ss\u00e4 manuaalisessa taivutuskoneessa on 12 sarjaa vapaata taivutusmuottia, joka on sarja taivutuskoneita, joissa on eniten muotteja taivutuskoneessa. T\u00e4m\u00e4 etu ep\u00e4ilem\u00e4tt\u00e4 lis\u00e4\u00e4 koneen ty\u00f6st\u00f6aluetta suurimmassa m\u00e4\u00e4rin ja rikastaa valmiita kuviotyyppej\u00e4. Se on sarja manuaalisia taivutuskoneita, joita tarvitaan kodin metalli-tee-se-itse ja sepp\u00e4pajan alkuvaiheessa.<br \/>\nT\u00e4ll\u00e4 koneella on vain kukkien rullataivutustoiminto, sill\u00e4 se voi taivuttaa litte\u00e4\u00e4 rautaa, neli\u00f6m\u00e4ist\u00e4 ter\u00e4st\u00e4 ja py\u00f6re\u00e4\u00e4 ter\u00e4st\u00e4 &quot;S&quot;, &quot;C&quot; ja &quot;P&quot; muotoisilla.<br \/>\n24 tunnin verkkopalvelu, kerro meille, jos sinulla on kysytt\u00e4v\u00e4\u00e4!<br \/>\n<strong>TEKNINEN PARAMETRI<br \/>\n<\/strong><strong>Malli: LC-W12<br \/>\nTasainen rauta\u00a0<\/strong> \u00a0 \u22645mm * 30mm<br \/>\n<strong>Py\u00f6re\u00e4 ter\u00e4s<\/strong> \u2264\u03a610mm<br \/>\n<strong>Neli\u00f6nmuotoinen ter\u00e4s<\/strong> \u226410mm * 10mm<br \/>\n<strong>Teho:<\/strong> Manuaalinen<br \/>\n<strong>Pakkauksen mitat:<\/strong> 200\u00d7200\u00d7400 mm<br \/>\n<strong>NW (kg):<\/strong>45<br \/>\n<strong>GW (kg): 50<\/strong><\/p>","protected":false},"featured_media":776,"template":"","meta":{"_kad_post_transparent":"default","_kad_post_title":"","_kad_post_layout":"default","_kad_post_sidebar_id":"","_kad_post_content_style":"default","_kad_post_vertical_padding":"default","_kad_post_feature":"","_kad_post_feature_position":"","_kad_post_header":false,"_kad_post_footer":false},"product_brand":[],"product_cat":[33,34],"product_tag":[281,282,253,280,268,277,279,278,239,176],"class_list":{"0":"post-766","1":"product","2":"type-product","3":"status-publish","4":"has-post-thumbnail","6":"product_cat-manual-wrounght-iron-processing-tools","7":"product_cat-manual-scroll-bender","8":"product_tag-bending-machine-for-sale","9":"product_tag-buy-manual-scroll-bending-machine","10":"product_tag-buy-wrought-iron-scroll-bender","11":"product_tag-dies-for-w12-manual-scroll-bending-machine","12":"product_tag-diy-metal-working-tools","13":"product_tag-manual-scroll-bender","14":"product_tag-manual-steel-scroll-bending-tools","15":"product_tag-professional-manual-metal-scroll-bending-tool-with-12-sets-free-dies-for-wrought-iron","16":"product_tag-scroll-bender-machine-for-flat-iron-round-pipe-square-steel-square-tube","17":"product_tag-wrought-iron-scroll-bender-for-sale","19":"first","20":"instock","21":"shipping-taxable","22":"product-type-simple","23":"entry","24":"content-bg","25":"loop-entry"},"_links":{"self":[{"href":"https:\/\/zzlcmachinery.com\/fi\/wp-json\/wp\/v2\/product\/766","targetHints":{"allow":["GET"]}}],"collection":[{"href":"https:\/\/zzlcmachinery.com\/fi\/wp-json\/wp\/v2\/product"}],"about":[{"href":"https:\/\/zzlcmachinery.com\/fi\/wp-json\/wp\/v2\/types\/product"}],"version-history":[{"count":0,"href":"https:\/\/zzlcmachinery.com\/fi\/wp-json\/wp\/v2\/product\/766\/revisions"}],"wp:featuredmedia":[{"embeddable":true,"href":"https:\/\/zzlcmachinery.com\/fi\/wp-json\/wp\/v2\/media\/776"}],"wp:attachment":[{"href":"https:\/\/zzlcmachinery.com\/fi\/wp-json\/wp\/v2\/media?parent=766"}],"wp:term":[{"taxonomy":"product_brand","embeddable":true,"href":"https:\/\/zzlcmachinery.com\/fi\/wp-json\/wp\/v2\/product_brand?post=766"},{"taxonomy":"product_cat","embeddable":true,"href":"https:\/\/zzlcmachinery.com\/fi\/wp-json\/wp\/v2\/product_cat?post=766"},{"taxonomy":"product_tag","embeddable":true,"href":"https:\/\/zzlcmachinery.com\/fi\/wp-json\/wp\/v2\/product_tag?post=766"}],"curies":[{"name":"wp","href":"https:\/\/api.w.org\/{rel}","templated":true}]}}