{"id":755,"date":"2022-10-31T19:03:30","date_gmt":"2022-10-31T11:03:30","guid":{"rendered":"https:\/\/zzlcmachinery.com\/?post_type=product&#038;p=755"},"modified":"2022-11-22T15:16:02","modified_gmt":"2022-11-22T07:16:02","slug":"lc-w13-manual-metal-craft-wrought-iron-scroll-bender","status":"publish","type":"product","link":"https:\/\/zzlcmachinery.com\/fi\/tuote\/lc-w13-manual-metal-craft-wrought-iron-scroll-bender\/","title":{"rendered":"LC-W13 Manuaalinen Metal Craft Wrought Iron Scroll Bender"},"content":{"rendered":"","protected":false},"excerpt":{"rendered":"<p>LC-W13 mantal metalli k\u00e4sity\u00f6takorauta rullataivutuskone on tee-se-itse-k\u00e4sity\u00f6kalu metallin leikkaamiseen, taivutukseen ja metallin kiert\u00e4miseen. Manuaalista rullataivuttajaa voidaan k\u00e4ytt\u00e4\u00e4 lattaraudan, neli\u00f6m\u00e4isen ter\u00e4ksen ja py\u00f6re\u00e4n ter\u00e4ksen k\u00e4sittelyyn. Se voi taivuttaa lattarautaa, neli\u00f6m\u00e4ist\u00e4 ter\u00e4st\u00e4 ja py\u00f6re\u00e4\u00e4 ter\u00e4st\u00e4 S-, C- ja P-muotoisina. Se voi my\u00f6s toteuttaa nelilankaisten kukkakorien valmistamisen. T\u00e4m\u00e4 ty\u00f6kalusarja koostuu 9 ty\u00f6kalusta eri toiminnoilla<br \/>\n6 taivutusty\u00f6kalua metallimateriaalin taivuttamiseen &quot;S&quot; &quot;C&quot; &quot;P&quot; kuvio<br \/>\n1 leikkausty\u00f6kalu metallimateriaalien leikkaamiseen<br \/>\n1 k\u00e4\u00e4nt\u00f6ty\u00f6kalu kukkakoritoiminnon tekemiseen<br \/>\n1 erikoismuotoillulla ty\u00f6kalulla on metallin viisto-, py\u00f6ristys- ja kaarretoiminto.<br \/>\n24 tunnin verkkopalvelu, kerro meille, jos sinulla on kysytt\u00e4v\u00e4\u00e4!<br \/>\n<strong>TEKNINEN PARAMETRI<br \/>\n<\/strong><strong>Malli: LC-W13<br \/>\nTasainen rauta:<\/strong> \u226440*6mm,<br \/>\n<strong>Py\u00f6re\u00e4 ter\u00e4s:<\/strong> \u2264\u03c612mm,<br \/>\n<strong>Neli\u00f6m\u00e4inen ter\u00e4s:<\/strong> \u226416*16mm<br \/>\n<strong>Teho:<\/strong> Manuaalinen<br \/>\n<strong>Pakkauksen mitat:<\/strong> 500\u00d7500\u00d7500 mm<br \/>\n<strong>NW (kg):<\/strong>80<br \/>\n<strong>GW (kg): 80<\/strong><\/p>","protected":false},"featured_media":762,"template":"","meta":{"_kad_post_transparent":"default","_kad_post_title":"","_kad_post_layout":"default","_kad_post_sidebar_id":"","_kad_post_content_style":"default","_kad_post_vertical_padding":"default","_kad_post_feature":"","_kad_post_feature_position":"","_kad_post_header":false,"_kad_post_footer":false},"product_brand":[],"product_cat":[33,34],"product_tag":[273,268,271,274,188,261,272,276,250,72,275,265],"class_list":{"0":"post-755","1":"product","2":"type-product","3":"status-publish","4":"has-post-thumbnail","6":"product_cat-manual-wrounght-iron-processing-tools","7":"product_cat-manual-scroll-bender","8":"product_tag-bender-hand-tools","9":"product_tag-diy-metal-working-tools","10":"product_tag-diy-scroll-bender-without-welding-for-steel-brass-cooper-aluminum","11":"product_tag-homemade-metal-bender-tools","12":"product_tag-make-a-metal-scroll-bender","13":"product_tag-manual-metal-craft-scroll-bending-tools","14":"product_tag-manual-metal-craft-wrought-iron-scroll","15":"product_tag-metal-bender-tool","16":"product_tag-metal-craft-bending-tools-ornametal-scroll-bender","17":"product_tag-metal-scroll-bender","18":"product_tag-scroll-bender-plans","19":"product_tag-wrought-iron-metal-scroll-bender","21":"first","22":"instock","23":"shipping-taxable","24":"product-type-simple","25":"entry","26":"content-bg","27":"loop-entry"},"_links":{"self":[{"href":"https:\/\/zzlcmachinery.com\/fi\/wp-json\/wp\/v2\/product\/755","targetHints":{"allow":["GET"]}}],"collection":[{"href":"https:\/\/zzlcmachinery.com\/fi\/wp-json\/wp\/v2\/product"}],"about":[{"href":"https:\/\/zzlcmachinery.com\/fi\/wp-json\/wp\/v2\/types\/product"}],"version-history":[{"count":0,"href":"https:\/\/zzlcmachinery.com\/fi\/wp-json\/wp\/v2\/product\/755\/revisions"}],"wp:featuredmedia":[{"embeddable":true,"href":"https:\/\/zzlcmachinery.com\/fi\/wp-json\/wp\/v2\/media\/762"}],"wp:attachment":[{"href":"https:\/\/zzlcmachinery.com\/fi\/wp-json\/wp\/v2\/media?parent=755"}],"wp:term":[{"taxonomy":"product_brand","embeddable":true,"href":"https:\/\/zzlcmachinery.com\/fi\/wp-json\/wp\/v2\/product_brand?post=755"},{"taxonomy":"product_cat","embeddable":true,"href":"https:\/\/zzlcmachinery.com\/fi\/wp-json\/wp\/v2\/product_cat?post=755"},{"taxonomy":"product_tag","embeddable":true,"href":"https:\/\/zzlcmachinery.com\/fi\/wp-json\/wp\/v2\/product_tag?post=755"}],"curies":[{"name":"wp","href":"https:\/\/api.w.org\/{rel}","templated":true}]}}