{"id":748,"date":"2022-10-31T16:14:20","date_gmt":"2022-10-31T08:14:20","guid":{"rendered":"https:\/\/zzlcmachinery.com\/?post_type=product&#038;p=748"},"modified":"2022-11-22T15:17:33","modified_gmt":"2022-11-22T07:17:33","slug":"lc-w9-china-factory-seller-manual-scroll-bender-for-sale","status":"publish","type":"product","link":"https:\/\/zzlcmachinery.com\/fi\/tuote\/lc-w9-china-factory-seller-manual-scroll-bender-for-sale\/","title":{"rendered":"LC-W9 Kiinan tehtaan myyj\u00e4n k\u00e4sikirja Scroll Bender myyt\u00e4v\u00e4n\u00e4"},"content":{"rendered":"","protected":false},"excerpt":{"rendered":"<p>Myyt\u00e4v\u00e4n\u00e4 LC-W9 Kiinan tehdasmyyj\u00e4n manuaalinen rullataivutuskone on itse tehty k\u00e4sity\u00f6kalu metallin leikkaamiseen, metallin taivutukseen ja kiert\u00e4miseen. Manuaalista rullataivuttajaa voidaan k\u00e4ytt\u00e4\u00e4 lattaraudan, neli\u00f6m\u00e4isen ter\u00e4ksen ja py\u00f6re\u00e4n ter\u00e4ksen k\u00e4sittelyyn. Se voi taivuttaa lattarautaa, neli\u00f6m\u00e4ist\u00e4 ter\u00e4st\u00e4 ja py\u00f6re\u00e4\u00e4 ter\u00e4st\u00e4 S-, C- ja P-muotoisina. Se voi my\u00f6s toteuttaa nelilankaisten kukkakorien valmistamisen. T\u00e4m\u00e4 ty\u00f6kalusarja koostuu 9 ty\u00f6kalusta eri toiminnoilla<br \/>\n6 taivutusty\u00f6kalua metallimateriaalin taivuttamiseen &quot;S&quot; &quot;C&quot; &quot;P&quot; kuvio<br \/>\n1 leikkausty\u00f6kalu metallimateriaalien leikkaamiseen<br \/>\n1 k\u00e4\u00e4nt\u00f6ty\u00f6kalu kukkakoritoiminnon tekemiseen<br \/>\n1 erikoismuotoillulla ty\u00f6kalulla on metallin viisto-, py\u00f6ristys- ja kaarretoiminto.<br \/>\n24 tunnin verkkopalvelu, kerro meille, jos sinulla on kysytt\u00e4v\u00e4\u00e4!<br \/>\n<strong>TEKNINEN PARAMETRI<br \/>\n<\/strong><strong>Malli: LC-W9<br \/>\nTasarauta: \u226440*6mm,<br \/>\nPy\u00f6re\u00e4 ter\u00e4s: \u2264\u03c612mm,<br \/>\nNeli\u00f6ter\u00e4s: \u226416*16mm<\/strong><br \/>\n<strong>Teho:<\/strong> Manuaalinen<br \/>\n<strong>Pakkauksen mitat:<\/strong> 500\u00d7500\u00d7500 mm<br \/>\n<strong>NW (kg):<\/strong>80<br \/>\n<strong>GW (kg): 80<\/strong><\/p>","protected":false},"featured_media":752,"template":"","meta":{"_kad_post_transparent":"default","_kad_post_title":"","_kad_post_layout":"default","_kad_post_sidebar_id":"","_kad_post_content_style":"default","_kad_post_vertical_padding":"default","_kad_post_feature":"","_kad_post_feature_position":"","_kad_post_header":false,"_kad_post_footer":false},"product_brand":[],"product_cat":[33,34],"product_tag":[260,270,268,258,262,261,264,267,269,259,263,266,265],"class_list":{"0":"post-748","1":"product","2":"type-product","3":"status-publish","4":"has-post-thumbnail","6":"product_cat-manual-wrounght-iron-processing-tools","7":"product_cat-manual-scroll-bender","8":"product_tag-buy-metal-craft-tool","9":"product_tag-diy-homework-metal-craft-processing-tools","10":"product_tag-diy-metal-working-tools","11":"product_tag-ellsen-wrought-iron-machinery-factory","12":"product_tag-iron-manual-scroll-bender","13":"product_tag-manual-metal-craft-scroll-bending-tools","14":"product_tag-manual-steel-scroll-bending-machine","15":"product_tag-metalcraft-tool-set-master","16":"product_tag-scroll-former-tool-metalcraft","17":"product_tag-steel-bender","18":"product_tag-steel-scroll-bender","19":"product_tag-wrought-iron-equiment","20":"product_tag-wrought-iron-metal-scroll-bender","22":"first","23":"instock","24":"shipping-taxable","25":"product-type-simple","26":"entry","27":"content-bg","28":"loop-entry"},"_links":{"self":[{"href":"https:\/\/zzlcmachinery.com\/fi\/wp-json\/wp\/v2\/product\/748","targetHints":{"allow":["GET"]}}],"collection":[{"href":"https:\/\/zzlcmachinery.com\/fi\/wp-json\/wp\/v2\/product"}],"about":[{"href":"https:\/\/zzlcmachinery.com\/fi\/wp-json\/wp\/v2\/types\/product"}],"version-history":[{"count":0,"href":"https:\/\/zzlcmachinery.com\/fi\/wp-json\/wp\/v2\/product\/748\/revisions"}],"wp:featuredmedia":[{"embeddable":true,"href":"https:\/\/zzlcmachinery.com\/fi\/wp-json\/wp\/v2\/media\/752"}],"wp:attachment":[{"href":"https:\/\/zzlcmachinery.com\/fi\/wp-json\/wp\/v2\/media?parent=748"}],"wp:term":[{"taxonomy":"product_brand","embeddable":true,"href":"https:\/\/zzlcmachinery.com\/fi\/wp-json\/wp\/v2\/product_brand?post=748"},{"taxonomy":"product_cat","embeddable":true,"href":"https:\/\/zzlcmachinery.com\/fi\/wp-json\/wp\/v2\/product_cat?post=748"},{"taxonomy":"product_tag","embeddable":true,"href":"https:\/\/zzlcmachinery.com\/fi\/wp-json\/wp\/v2\/product_tag?post=748"}],"curies":[{"name":"wp","href":"https:\/\/api.w.org\/{rel}","templated":true}]}}