{"id":741,"date":"2022-10-31T00:04:18","date_gmt":"2022-10-30T16:04:18","guid":{"rendered":"https:\/\/zzlcmachinery.com\/?post_type=product&#038;p=741"},"modified":"2022-11-22T15:20:15","modified_gmt":"2022-11-22T07:20:15","slug":"lc-w3-manual-metal-craft-scroll-bender","status":"publish","type":"product","link":"https:\/\/zzlcmachinery.com\/fi\/tuote\/lc-w3-manual-metal-craft-scroll-bender\/","title":{"rendered":"LC-W3 Manuaalinen Metal Craft Scroll Bender"},"content":{"rendered":"","protected":false},"excerpt":{"rendered":"<p>LC-W3 Manual Metal Craft Scroll Bender, teknisen integroinnin ja modifioinnin ansiosta, t\u00e4m\u00e4 manuaalinen taivutuskone yhdist\u00e4\u00e4 useita alkuper\u00e4isi\u00e4 manuaalisia taivutuskoneita monik\u00e4ytt\u00f6iseksi manuaaliseksi taivutuskoneeksi, joka on muuttunut alkuper\u00e4isest\u00e4 pienest\u00e4 prosessointikapasiteetista k\u00e4sittelykapasiteettiin, joka voi nyt olla verrattavissa s\u00e4hk\u00f6koneiden vastaavaan. Paranna tuotteen tarkkuutta ja lujuutta, ja on olemassa yleisi\u00e4, helppok\u00e4ytt\u00f6isi\u00e4, energiaa s\u00e4\u00e4st\u00e4vi\u00e4 ja ymp\u00e4rist\u00f6yst\u00e4v\u00e4llisi\u00e4 k\u00e4sikirjoja, laitemuotteja ja s\u00e4hk\u00f6taivutuskoneen muotteja.<br \/>\nT\u00e4ll\u00e4 tuotteella voidaan k\u00e4sitell\u00e4 neli\u00f6m\u00e4ist\u00e4 ter\u00e4st\u00e4, neli\u00f6putkea, lattarautaa, py\u00f6re\u00e4\u00e4 ter\u00e4st\u00e4, py\u00f6re\u00e4\u00e4 putkea P-, S-, C-muodossa, n\u00e4it\u00e4 kuvioita voidaan k\u00e4ytt\u00e4\u00e4 laajasti prosessoinnissa, porteissa, portaissa, aidoissa, takorautahuonekaluissa jne. Manuaalinen taivutus kone on ehdottomasti hyv\u00e4 valinta sep\u00e4n uran alkuvaiheeseen.<br \/>\n24 tunnin verkkopalvelu, kerro meille, jos sinulla on kysytt\u00e4v\u00e4\u00e4!<br \/>\n<strong>TEKNINEN PARAMETRI<br \/>\n<\/strong><strong>Malli: LC-W5<br \/>\nTasainen rauta:<\/strong>\u226430*5mm<br \/>\n<strong>Py\u00f6re\u00e4 ter\u00e4s:<\/strong> \u2264\u03c610mm<br \/>\n<strong>Neli\u00f6m\u00e4inen ter\u00e4s:<\/strong>\u226410*10mm<br \/>\n<strong>Teho:<\/strong> Manuaalinen<br \/>\n<strong>Pakkauksen mitat:<\/strong> 500\u00d7500\u00d7500 mm<br \/>\n<strong>NW (kg):<\/strong>40<br \/>\n<strong>GW (kg):<\/strong>45<\/p>","protected":false},"featured_media":743,"template":"","meta":{"_kad_post_transparent":"default","_kad_post_title":"","_kad_post_layout":"default","_kad_post_sidebar_id":"","_kad_post_content_style":"default","_kad_post_vertical_padding":"default","_kad_post_feature":"","_kad_post_feature_position":"","_kad_post_header":false,"_kad_post_footer":false},"product_brand":[],"product_cat":[33,34],"product_tag":[253,248,258,247,246,245,244,251,250,254,72,249,252,255,256,257],"class_list":{"0":"post-741","1":"product","2":"type-product","3":"status-publish","4":"has-post-thumbnail","6":"product_cat-manual-wrounght-iron-processing-tools","7":"product_cat-manual-scroll-bender","8":"product_tag-buy-wrought-iron-scroll-bender","9":"product_tag-diy-metal-scroll-bender-2022","10":"product_tag-ellsen-wrought-iron-machinery-factory","11":"product_tag-homemade-metal-scroll-bender-iron-projects","12":"product_tag-how-to-make-a-scroll-bender","13":"product_tag-manual-metal-craft-scroll-bender","14":"product_tag-manual-ornamental-iron-scroll-bender-tools","15":"product_tag-metal-bender-machine","16":"product_tag-metal-craft-bending-tools-ornametal-scroll-bender","17":"product_tag-metal-craft-hand-tools","18":"product_tag-metal-scroll-bender","19":"product_tag-metalcraft-scroll-bender","20":"product_tag-scroll-bender-manual","21":"product_tag-scroll-bender-product","22":"product_tag-scroll-benders-metal-tool-bender-machine","23":"product_tag-scrolls-fabrication-metalcraft","25":"first","26":"instock","27":"shipping-taxable","28":"product-type-simple","29":"entry","30":"content-bg","31":"loop-entry"},"_links":{"self":[{"href":"https:\/\/zzlcmachinery.com\/fi\/wp-json\/wp\/v2\/product\/741","targetHints":{"allow":["GET"]}}],"collection":[{"href":"https:\/\/zzlcmachinery.com\/fi\/wp-json\/wp\/v2\/product"}],"about":[{"href":"https:\/\/zzlcmachinery.com\/fi\/wp-json\/wp\/v2\/types\/product"}],"version-history":[{"count":0,"href":"https:\/\/zzlcmachinery.com\/fi\/wp-json\/wp\/v2\/product\/741\/revisions"}],"wp:featuredmedia":[{"embeddable":true,"href":"https:\/\/zzlcmachinery.com\/fi\/wp-json\/wp\/v2\/media\/743"}],"wp:attachment":[{"href":"https:\/\/zzlcmachinery.com\/fi\/wp-json\/wp\/v2\/media?parent=741"}],"wp:term":[{"taxonomy":"product_brand","embeddable":true,"href":"https:\/\/zzlcmachinery.com\/fi\/wp-json\/wp\/v2\/product_brand?post=741"},{"taxonomy":"product_cat","embeddable":true,"href":"https:\/\/zzlcmachinery.com\/fi\/wp-json\/wp\/v2\/product_cat?post=741"},{"taxonomy":"product_tag","embeddable":true,"href":"https:\/\/zzlcmachinery.com\/fi\/wp-json\/wp\/v2\/product_tag?post=741"}],"curies":[{"name":"wp","href":"https:\/\/api.w.org\/{rel}","templated":true}]}}