{"id":735,"date":"2022-10-30T23:50:58","date_gmt":"2022-10-30T15:50:58","guid":{"rendered":"https:\/\/zzlcmachinery.com\/?post_type=product&#038;p=735"},"modified":"2023-02-09T20:03:43","modified_gmt":"2023-02-09T12:03:43","slug":"lc-hd14pro-electric-multifunction-wrought-iron-ornamental-scroll-bender","status":"publish","type":"product","link":"https:\/\/zzlcmachinery.com\/fi\/tuote\/lc-hd14pro-electric-multifunction-wrought-iron-ornamental-scroll-bender\/","title":{"rendered":"LC-HD14Pro s\u00e4hk\u00f6inen monitoiminen takorautainen koristerulla taivutin"},"content":{"rendered":"","protected":false},"excerpt":{"rendered":"<p>LC-HD14Pro s\u00e4hk\u00f6inen monitoiminen takorauta koristeellinen rullataivutuskone,<br \/>\nT\u00e4m\u00e4 manuaalinen taivutuskone yhdist\u00e4\u00e4 teknisen integroinnin ja muuntamisen avulla useita alkuper\u00e4isi\u00e4 manuaalisia taivutuskoneita monik\u00e4ytt\u00f6iseksi manuaaliseksi taivutuskoneeksi, joka on muuttunut alkuper\u00e4isest\u00e4 pienest\u00e4 prosessointikapasiteetista k\u00e4sittelykapasiteetiksi, jota voidaan nyt verrata s\u00e4hk\u00f6koneiden vastaavaan. Paranna tuotteen tarkkuutta ja lujuutta, ja on olemassa yleisi\u00e4, helppok\u00e4ytt\u00f6isi\u00e4, energiaa s\u00e4\u00e4st\u00e4vi\u00e4 ja ymp\u00e4rist\u00f6yst\u00e4v\u00e4llisi\u00e4 k\u00e4sikirjoja, laitemuotteja ja s\u00e4hk\u00f6taivutuskoneen muotteja.<br \/>\nT\u00e4ll\u00e4 tuotteella voidaan k\u00e4sitell\u00e4 neli\u00f6m\u00e4ist\u00e4 ter\u00e4st\u00e4, neli\u00f6putkea, lattarautaa, py\u00f6re\u00e4\u00e4 ter\u00e4st\u00e4, py\u00f6re\u00e4\u00e4 putkea P-, S-, C-muodossa, n\u00e4it\u00e4 kuvioita voidaan k\u00e4ytt\u00e4\u00e4 laajasti prosessoinnissa, porteissa, portaissa, aidoissa, takorautahuonekaluissa jne. Manuaalinen taivutus kone on ehdottomasti hyv\u00e4 valinta sep\u00e4n uran alkuvaiheeseen.<br \/>\n24 tunnin verkkopalvelu, kerro meille, jos sinulla on kysytt\u00e4v\u00e4\u00e4!<br \/>\n<strong>TEKNINEN PARAMETRI<br \/>\n<\/strong><strong>Malli: LC-HD14Pro<br \/>\nTasainen rauta:<\/strong>\u226430*6mm<br \/>\n<strong>Py\u00f6re\u00e4 ter\u00e4s:<\/strong> \u2264\u03c614mm<br \/>\n<strong>Neli\u00f6m\u00e4inen ter\u00e4s:<\/strong>\u226414*14mm<br \/>\n<strong>Neli\u00f6putki:<\/strong>\u226414*14mm<br \/>\n<strong>Py\u00f6re\u00e4 putki:<\/strong>\u2264\u03c619mm<br \/>\n<strong>Teho:<\/strong> Manuaalinen<br \/>\n<strong>Pakkauksen mitat:<\/strong> 600\u00d7600\u00d7600 mm<br \/>\n<strong>NW (kg):<\/strong>50<br \/>\n<strong>GW (kg):<\/strong>55<\/p>","protected":false},"featured_media":736,"template":"","meta":{"_kad_post_transparent":"default","_kad_post_title":"","_kad_post_layout":"default","_kad_post_sidebar_id":"","_kad_post_content_style":"default","_kad_post_vertical_padding":"default","_kad_post_feature":"","_kad_post_feature_position":"","_kad_post_header":false,"_kad_post_footer":false},"product_brand":[],"product_cat":[33,27,34],"product_tag":[232,235,243,49,242,182,234,240,241,239,238,185,192,194,189,111,176,193],"class_list":{"0":"post-735","1":"product","2":"type-product","3":"status-publish","4":"has-post-thumbnail","6":"product_cat-manual-wrounght-iron-processing-tools","7":"product_cat-electric-scroll-bending-machine","8":"product_cat-manual-scroll-bender","9":"product_tag-buy-metal-scroll-bender","10":"product_tag-buy-metal-tube-bender-with-free-dies","11":"product_tag-buy-scroll-bending-machine","12":"product_tag-electric-scroll-bending-machine","13":"product_tag-electric-wrought-iron-scroll-bender-making-machine","14":"product_tag-iron-pattern-bender","15":"product_tag-metal-tube-bender","16":"product_tag-mutifunction-ornamental-iron-tube-scroll-bending-machine-for-sale","17":"product_tag-ornamental-scroll","18":"product_tag-scroll-bender-machine-for-flat-iron-round-pipe-square-steel-square-tube","19":"product_tag-scroll-bender-tools","20":"product_tag-scroll-bending-machine-for-sale","21":"product_tag-scroll-making-machine","22":"product_tag-scroll-pattern-bender-equipment","23":"product_tag-scroll-pattern-bending-machine","24":"product_tag-wrought-iron-machine","25":"product_tag-wrought-iron-scroll-bender-for-sale","26":"product_tag-wrought-iron-scrolling-bending-machine","28":"first","29":"instock","30":"shipping-taxable","31":"product-type-simple","32":"entry","33":"content-bg","34":"loop-entry"},"_links":{"self":[{"href":"https:\/\/zzlcmachinery.com\/fi\/wp-json\/wp\/v2\/product\/735","targetHints":{"allow":["GET"]}}],"collection":[{"href":"https:\/\/zzlcmachinery.com\/fi\/wp-json\/wp\/v2\/product"}],"about":[{"href":"https:\/\/zzlcmachinery.com\/fi\/wp-json\/wp\/v2\/types\/product"}],"version-history":[{"count":0,"href":"https:\/\/zzlcmachinery.com\/fi\/wp-json\/wp\/v2\/product\/735\/revisions"}],"wp:featuredmedia":[{"embeddable":true,"href":"https:\/\/zzlcmachinery.com\/fi\/wp-json\/wp\/v2\/media\/736"}],"wp:attachment":[{"href":"https:\/\/zzlcmachinery.com\/fi\/wp-json\/wp\/v2\/media?parent=735"}],"wp:term":[{"taxonomy":"product_brand","embeddable":true,"href":"https:\/\/zzlcmachinery.com\/fi\/wp-json\/wp\/v2\/product_brand?post=735"},{"taxonomy":"product_cat","embeddable":true,"href":"https:\/\/zzlcmachinery.com\/fi\/wp-json\/wp\/v2\/product_cat?post=735"},{"taxonomy":"product_tag","embeddable":true,"href":"https:\/\/zzlcmachinery.com\/fi\/wp-json\/wp\/v2\/product_tag?post=735"}],"curies":[{"name":"wp","href":"https:\/\/api.w.org\/{rel}","templated":true}]}}