{"id":727,"date":"2022-10-30T20:46:07","date_gmt":"2022-10-30T12:46:07","guid":{"rendered":"https:\/\/zzlcmachinery.com\/?post_type=product&#038;p=727"},"modified":"2022-11-22T15:27:33","modified_gmt":"2022-11-22T07:27:33","slug":"lc-hd14-multifunction-wrought-iron-ornamental-scroll-bender","status":"publish","type":"product","link":"https:\/\/zzlcmachinery.com\/fi\/tuote\/lc-hd14-multifunction-wrought-iron-ornamental-scroll-bender\/","title":{"rendered":"LC-HD14 Manuaalinen Metal Craft Kotitekoinen Scroll Bender"},"content":{"rendered":"","protected":false},"excerpt":{"rendered":"<p>LC-HD14 manuaalinen metallik\u00e4sity\u00f6n kotitekoinen rullataivutuskone, teknisen integroinnin ja muuntamisen avulla, t\u00e4m\u00e4 manuaalinen taivutuskone yhdist\u00e4\u00e4 useita alkuper\u00e4isi\u00e4 manuaalisia taivutuskoneita monik\u00e4ytt\u00f6iseksi manuaaliseksi taivutuskoneeksi, joka on muuttunut alkuper\u00e4isest\u00e4 pienest\u00e4 k\u00e4sittelykapasiteetista k\u00e4sittelykapasiteettiin, joka pystyy nyt verrattavissa s\u00e4hk\u00f6koneisiin. Paranna tuotteen tarkkuutta ja lujuutta, ja on olemassa yleisi\u00e4, helppok\u00e4ytt\u00f6isi\u00e4, energiaa s\u00e4\u00e4st\u00e4vi\u00e4 ja ymp\u00e4rist\u00f6yst\u00e4v\u00e4llisi\u00e4 k\u00e4sikirjoja, laitemuotteja ja s\u00e4hk\u00f6taivutuskoneen muotteja.<br \/>\nT\u00e4ll\u00e4 tuotteella voidaan k\u00e4sitell\u00e4 neli\u00f6m\u00e4ist\u00e4 ter\u00e4st\u00e4, neli\u00f6putkea, lattarautaa, py\u00f6re\u00e4\u00e4 ter\u00e4st\u00e4, py\u00f6re\u00e4\u00e4 putkea P-, S-, C-muodossa, n\u00e4it\u00e4 kuvioita voidaan k\u00e4ytt\u00e4\u00e4 laajasti prosessoinnissa, porteissa, portaissa, aidoissa, takorautahuonekaluissa jne. Manuaalinen taivutus kone on ehdottomasti hyv\u00e4 valinta sep\u00e4n uran alkuvaiheeseen.<br \/>\n24 tunnin verkkopalvelu, kerro meille, jos sinulla on kysytt\u00e4v\u00e4\u00e4!<br \/>\n<strong>TEKNINEN PARAMETRI<br \/>\n<\/strong><strong>Malli: LC-HD14<br \/>\nTasainen rauta:<\/strong>\u226430*6mm<br \/>\n<strong>Py\u00f6re\u00e4 ter\u00e4s:<\/strong> \u2264\u03c614mm<br \/>\n<strong>Neli\u00f6m\u00e4inen ter\u00e4s:<\/strong>\u226414*14mm<br \/>\n<strong>Neli\u00f6putki:<\/strong>\u226414*14mm<br \/>\n<strong>Py\u00f6re\u00e4 putki:<\/strong>\u2264\u03c619mm<br \/>\n<strong>Teho:<\/strong> Manuaalinen<br \/>\n<strong>Pakkauksen mitat:<\/strong> 600\u00d7600\u00d7600 mm<br \/>\n<strong>NW (kg):<\/strong>50<br \/>\n<strong>GW (kg):<\/strong>55<\/p>","protected":false},"featured_media":729,"template":"","meta":{"_kad_post_transparent":"default","_kad_post_title":"","_kad_post_layout":"default","_kad_post_sidebar_id":"","_kad_post_content_style":"default","_kad_post_vertical_padding":"default","_kad_post_feature":"","_kad_post_feature_position":"","_kad_post_header":false,"_kad_post_footer":false},"product_brand":[],"product_cat":[33,34],"product_tag":[232,235,49,182,237,236,231,233,234,238,185,192,194,189,111,193],"class_list":{"0":"post-727","1":"product","2":"type-product","3":"status-publish","4":"has-post-thumbnail","6":"product_cat-manual-wrounght-iron-processing-tools","7":"product_cat-manual-scroll-bender","8":"product_tag-buy-metal-scroll-bender","9":"product_tag-buy-metal-tube-bender-with-free-dies","10":"product_tag-electric-scroll-bending-machine","11":"product_tag-iron-pattern-bender","12":"product_tag-manual-metal-craft-homemade-scroll-bender","13":"product_tag-manual-metal-craft-tools-for-sale","14":"product_tag-manual-metal-scroll-bender","15":"product_tag-manual-metal-scroll-wrought-iron-craft-bending","16":"product_tag-metal-tube-bender","17":"product_tag-scroll-bender-tools","18":"product_tag-scroll-bending-machine-for-sale","19":"product_tag-scroll-making-machine","20":"product_tag-scroll-pattern-bender-equipment","21":"product_tag-scroll-pattern-bending-machine","22":"product_tag-wrought-iron-machine","23":"product_tag-wrought-iron-scrolling-bending-machine","25":"first","26":"instock","27":"shipping-taxable","28":"product-type-simple","29":"entry","30":"content-bg","31":"loop-entry"},"_links":{"self":[{"href":"https:\/\/zzlcmachinery.com\/fi\/wp-json\/wp\/v2\/product\/727","targetHints":{"allow":["GET"]}}],"collection":[{"href":"https:\/\/zzlcmachinery.com\/fi\/wp-json\/wp\/v2\/product"}],"about":[{"href":"https:\/\/zzlcmachinery.com\/fi\/wp-json\/wp\/v2\/types\/product"}],"version-history":[{"count":0,"href":"https:\/\/zzlcmachinery.com\/fi\/wp-json\/wp\/v2\/product\/727\/revisions"}],"wp:featuredmedia":[{"embeddable":true,"href":"https:\/\/zzlcmachinery.com\/fi\/wp-json\/wp\/v2\/media\/729"}],"wp:attachment":[{"href":"https:\/\/zzlcmachinery.com\/fi\/wp-json\/wp\/v2\/media?parent=727"}],"wp:term":[{"taxonomy":"product_brand","embeddable":true,"href":"https:\/\/zzlcmachinery.com\/fi\/wp-json\/wp\/v2\/product_brand?post=727"},{"taxonomy":"product_cat","embeddable":true,"href":"https:\/\/zzlcmachinery.com\/fi\/wp-json\/wp\/v2\/product_cat?post=727"},{"taxonomy":"product_tag","embeddable":true,"href":"https:\/\/zzlcmachinery.com\/fi\/wp-json\/wp\/v2\/product_tag?post=727"}],"curies":[{"name":"wp","href":"https:\/\/api.w.org\/{rel}","templated":true}]}}