{"id":708,"date":"2022-10-29T23:52:18","date_gmt":"2022-10-29T15:52:18","guid":{"rendered":"https:\/\/zzlcmachinery.com\/?post_type=product&#038;p=708"},"modified":"2022-11-22T15:31:38","modified_gmt":"2022-11-22T07:31:38","slug":"lc-jkdn25c-wrought-iron-metal-twisting-machine","status":"publish","type":"product","link":"https:\/\/zzlcmachinery.com\/fi\/tuote\/lc-jkdn25c-wrought-iron-metal-twisting-machine\/","title":{"rendered":"LC-JKDN25C takorautametallin kierrekone"},"content":{"rendered":"","protected":false},"excerpt":{"rendered":"<p>LC-JKDN25C takorautametallin kierrekone on t\u00e4rke\u00e4 kone porttien, aitojen, kaiteiden, portaiden, huonekalujen, rautas\u00e4nkyjen, tuolien ja p\u00f6ytien, taotun rautatankojen, osien, seppelep\u00e4iden valmistukseen. Kierr\u00e4tyskone parantaa tekniikkaa alkuper\u00e4isen s\u00e4hk\u00f6kierr\u00e4tyskoneen pohjalta. Koneohjelma korjataan automaattisesti pit\u00e4en kaikki tuotteet samoina, jotta se voi saavuttaa massatuotannon tarkoituksen, LC-JKDN25C t\u00e4ll\u00e4 koneella on vain kierteen kiertotoiminto.<br \/>\nKoneen parantamisen j\u00e4lkeen. T\u00e4m\u00e4 kone voi vapaasti vaihtaa vinssimekanismin ja alkuper\u00e4isen takatuen v\u00e4lill\u00e4. Pura kierrett\u00e4v\u00e4n per\u00e4istuimen teleskooppinen liukukisko ja ty\u00f6nn\u00e4 sitten kukkakorimekanismia yhdist\u00e4\u00e4ksesi se alkuper\u00e4iseen pistorasiaan kukkakorin kiert\u00e4miseksi. Siksi asiakkaat voivat harkita t\u00e4t\u00e4 konetta, kun budjetti on rajallinen, ja kun budjetti on riitt\u00e4v\u00e4, muottia voidaan t\u00e4ydent\u00e4\u00e4 k\u00e4\u00e4nt\u00e4v\u00e4n kukkakorikoneen toiminnon saamiseksi.<br \/>\nEi vain voi kiert\u00e4\u00e4 pretzelin muotoa, vaan voit my\u00f6s kiert\u00e4\u00e4 kukkakoreja (lintuh\u00e4kkej\u00e4).<br \/>\nMuotti tulee koneen mukana, jotta saadaan 9 muottisarjaa.<br \/>\n24 tunnin verkkopalvelu, kerro meille, jos sinulla on kysytt\u00e4v\u00e4\u00e4!<br \/>\n<strong>TEKNINEN PARAMETRI<br \/>\n<\/strong><strong>Malli: LC-JKDN25C<br \/>\nMax ty\u00f6kyky:<\/strong> Pituus\u2264200-800 mm<br \/>\n<strong>Neli\u00f6nmuotoinen ter\u00e4s<\/strong> \u226425\u00d725 mm<br \/>\n<strong>Tasainen rauta<\/strong> \u226480x10mm<br \/>\n<strong>Teho:<\/strong> 5,2 kW<br \/>\n<strong>Ilmaisille kuoleille:<\/strong>6 sarjaa neli\u00f6m\u00e4isi\u00e4 ter\u00e4smuotteja, 3 sarjaa litte\u00e4rautamuotteja<br \/>\n<strong>J\u00e4nnite:<\/strong>\u00a0220V\/380V\/415V<br \/>\n<strong>Pakkauksen mitat:<\/strong> 1400\u00d7620\u00d71100mm<br \/>\n<strong>NW (kg):<\/strong> 480\u00a0 \u00a0 \u00a0 <strong>GW (kg):<\/strong> 550<\/p>","protected":false},"featured_media":721,"template":"","meta":{"_kad_post_transparent":"default","_kad_post_title":"","_kad_post_layout":"default","_kad_post_sidebar_id":"","_kad_post_content_style":"default","_kad_post_vertical_padding":"default","_kad_post_feature":"","_kad_post_feature_position":"","_kad_post_header":false,"_kad_post_footer":false},"product_brand":[],"product_cat":[20,29],"product_tag":[196,230,229,204,197,209],"class_list":{"0":"post-708","1":"product","2":"type-product","3":"status-publish","4":"has-post-thumbnail","6":"product_cat-wrought-iron-twisting-machine","7":"product_cat-electric-wrought-iron-processing-machine","8":"product_tag-automatic-wrought-iron-twisting-machine","9":"product_tag-electric-metal-twisting-machine","10":"product_tag-finished-product-of-wrought-iron-twisting-machine","11":"product_tag-multifunctional-wrought-iron-machine","12":"product_tag-twisting-machine-at-best-price-in-china","13":"product_tag-wrought-iron-twist-machine","15":"first","16":"instock","17":"shipping-taxable","18":"product-type-simple","19":"entry","20":"content-bg","21":"loop-entry"},"_links":{"self":[{"href":"https:\/\/zzlcmachinery.com\/fi\/wp-json\/wp\/v2\/product\/708","targetHints":{"allow":["GET"]}}],"collection":[{"href":"https:\/\/zzlcmachinery.com\/fi\/wp-json\/wp\/v2\/product"}],"about":[{"href":"https:\/\/zzlcmachinery.com\/fi\/wp-json\/wp\/v2\/types\/product"}],"version-history":[{"count":0,"href":"https:\/\/zzlcmachinery.com\/fi\/wp-json\/wp\/v2\/product\/708\/revisions"}],"wp:featuredmedia":[{"embeddable":true,"href":"https:\/\/zzlcmachinery.com\/fi\/wp-json\/wp\/v2\/media\/721"}],"wp:attachment":[{"href":"https:\/\/zzlcmachinery.com\/fi\/wp-json\/wp\/v2\/media?parent=708"}],"wp:term":[{"taxonomy":"product_brand","embeddable":true,"href":"https:\/\/zzlcmachinery.com\/fi\/wp-json\/wp\/v2\/product_brand?post=708"},{"taxonomy":"product_cat","embeddable":true,"href":"https:\/\/zzlcmachinery.com\/fi\/wp-json\/wp\/v2\/product_cat?post=708"},{"taxonomy":"product_tag","embeddable":true,"href":"https:\/\/zzlcmachinery.com\/fi\/wp-json\/wp\/v2\/product_tag?post=708"}],"curies":[{"name":"wp","href":"https:\/\/api.w.org\/{rel}","templated":true}]}}