{"id":707,"date":"2022-10-29T23:51:51","date_gmt":"2022-10-29T15:51:51","guid":{"rendered":"https:\/\/zzlcmachinery.com\/?post_type=product&#038;p=707"},"modified":"2022-11-22T15:34:49","modified_gmt":"2022-11-22T07:34:49","slug":"lc-jkdn25e-electric-8-wires-basket-twisting-machine-iron-craft-bird-cage-making-machine-wrought-iron-machine","status":"publish","type":"product","link":"https:\/\/zzlcmachinery.com\/fi\/tuote\/lc-jkdn25e-electric-8-wires-basket-twisting-machine-iron-craft-bird-cage-making-machine-wrought-iron-machine\/","title":{"rendered":"LC-JKDN25E s\u00e4hk\u00f6inen 8-johtiminen korien kiertokone rautak\u00e4sity\u00f6lintuh\u00e4kin valmistuskone takorautakone"},"content":{"rendered":"","protected":false},"excerpt":{"rendered":"<p>LC-JKDN25E S\u00e4hk\u00f6inen 8-lankainen korin kiertokone rauta-asujen lintuh\u00e4kin valmistuskone takorautakone on ammattimainen metallink\u00e4sittelyty\u00f6kalu, jota k\u00e4ytet\u00e4\u00e4n erityisesti monilankaisten lintuh\u00e4kkien k\u00e4sittelyyn. Se pystyy k\u00e4sittelem\u00e4\u00e4n 8-lankaisia kukkakoria, 4-lankaisia kukkakoria ja 12-lankaisia kukkakoria (12-lankainen kukkakori asiakaskohtaisena vaihtoehtona). K\u00e4sittelyn aikana on ensin k\u00e4sitelt\u00e4v\u00e4 4 tai 8 lankaa materiaalia: Materiaalin kaksi p\u00e4\u00e4t\u00e4 on hitsattava yhteen ennen k\u00e4sittely\u00e4.<br \/>\nErityisesti 8-lankaisten kukkakorien tuotanto on kalsinoitava ja j\u00e4\u00e4hdytett\u00e4v\u00e4 ennen k\u00e4sittely\u00e4, ja lopputuote on erinomainen. T\u00e4m\u00e4n koneen suurin k\u00e4sittelyhalkaisija on 25 mm neli\u00f6ter\u00e4st\u00e4. T\u00e4m\u00e4n koneen suurin k\u00e4sittelykapasiteetti on 12 rivi\u00e4 kukkakoria. Kone tarjoaa satunnaisesti vapaita muotteja. 5 sarjaa kukkakorimuotteja toimitetaan ilmaiseksi (mukaan lukien 8-lankainen kukkakori ja 4-koriinen kukkakori): K\u00e4sittelysuulakkeen halkaisija on 12mm, 14mm, 18mm, 20mm.24 tunnin verkkopalvelu, Kerro meille, jos sinulla on kysytt\u00e4v\u00e4\u00e4!<br \/>\n<strong>TEKNINEN PARAMETRI<br \/>\n<\/strong><strong>Malli: LC-JKDN25D<br \/>\nMax ty\u00f6kyky:<\/strong> Pituus\u2264200-800 mm<br \/>\n<strong>Neli\u00f6nmuotoinen ter\u00e4s<\/strong> \u226425\u00d725 mm Py\u00f6re\u00e4 ter\u00e4s: \u03a66mm, \u03a68mm<br \/>\n<strong>Tasainen rauta<\/strong> \u226480x10mm<br \/>\n<strong>Teho:<\/strong> 5,2 kW<br \/>\n<strong>Ilmaisille kuoleille:<\/strong>6 sarjaa neli\u00f6m\u00e4isi\u00e4 ter\u00e4smuotteja, 3 sarjaa litteit\u00e4 rautamuotteja, 5 sarjaa korikukkamuotteja<br \/>\n<strong>J\u00e4nnite:<\/strong>\u00a0220V\/380V\/415V<br \/>\n<strong>Pakkauksen mitat:<\/strong> 1400\u00d7620\u00d71100mm<br \/>\n<strong>NW (kg):<\/strong> 480\u00a0 \u00a0 \u00a0 <strong>GW (kg):<\/strong> 550<\/p>","protected":false},"featured_media":710,"template":"","meta":{"_kad_post_transparent":"default","_kad_post_title":"","_kad_post_layout":"default","_kad_post_sidebar_id":"","_kad_post_content_style":"default","_kad_post_vertical_padding":"default","_kad_post_feature":"","_kad_post_feature_position":"","_kad_post_header":false,"_kad_post_footer":false},"product_brand":[],"product_cat":[20,29],"product_tag":[214,223,221,228,212,210,226,219,211,225,216,220,222,218,227,224,213,215,111,217],"class_list":{"0":"post-707","1":"product","2":"type-product","3":"status-publish","4":"has-post-thumbnail","6":"product_cat-wrought-iron-twisting-machine","7":"product_cat-electric-wrought-iron-processing-machine","8":"product_tag-basket-maker","9":"product_tag-basket-twister","10":"product_tag-buy-basket-making-tool","11":"product_tag-buy-used-wrought-iron-machines","12":"product_tag-electric-4-wires-basket-twisting-machine","13":"product_tag-electric-8-wires-basket-making-machine","14":"product_tag-ellsen-metalcraft-machinery","15":"product_tag-ellsen-ornamental-wrought-iron","16":"product_tag-iron-craft-bird-cage-making-machine","17":"product_tag-metal-bar-twisting-basket-making-machine","18":"product_tag-metal-craft-basket-making-machine","19":"product_tag-metal-craft-making-attachemnt-steel-twister-tool","20":"product_tag-metal-craft-twister-tool","21":"product_tag-metal-twisting-machine","22":"product_tag-metal-twisting-wrought-iron-machine-for-making-wire-basket","23":"product_tag-steel-basket-twist-tool","24":"product_tag-wire-twister-machine","25":"product_tag-wrought-iron-basket-machine","26":"product_tag-wrought-iron-machine","27":"product_tag-wrought-iron-twisting-machine-manufacturers","29":"first","30":"instock","31":"shipping-taxable","32":"product-type-simple","33":"entry","34":"content-bg","35":"loop-entry"},"_links":{"self":[{"href":"https:\/\/zzlcmachinery.com\/fi\/wp-json\/wp\/v2\/product\/707","targetHints":{"allow":["GET"]}}],"collection":[{"href":"https:\/\/zzlcmachinery.com\/fi\/wp-json\/wp\/v2\/product"}],"about":[{"href":"https:\/\/zzlcmachinery.com\/fi\/wp-json\/wp\/v2\/types\/product"}],"version-history":[{"count":0,"href":"https:\/\/zzlcmachinery.com\/fi\/wp-json\/wp\/v2\/product\/707\/revisions"}],"wp:featuredmedia":[{"embeddable":true,"href":"https:\/\/zzlcmachinery.com\/fi\/wp-json\/wp\/v2\/media\/710"}],"wp:attachment":[{"href":"https:\/\/zzlcmachinery.com\/fi\/wp-json\/wp\/v2\/media?parent=707"}],"wp:term":[{"taxonomy":"product_brand","embeddable":true,"href":"https:\/\/zzlcmachinery.com\/fi\/wp-json\/wp\/v2\/product_brand?post=707"},{"taxonomy":"product_cat","embeddable":true,"href":"https:\/\/zzlcmachinery.com\/fi\/wp-json\/wp\/v2\/product_cat?post=707"},{"taxonomy":"product_tag","embeddable":true,"href":"https:\/\/zzlcmachinery.com\/fi\/wp-json\/wp\/v2\/product_tag?post=707"}],"curies":[{"name":"wp","href":"https:\/\/api.w.org\/{rel}","templated":true}]}}