{"id":687,"date":"2022-10-28T18:36:53","date_gmt":"2022-10-28T10:36:53","guid":{"rendered":"https:\/\/zzlcmachinery.com\/?post_type=product&#038;p=687"},"modified":"2022-10-30T18:14:10","modified_gmt":"2022-10-30T10:14:10","slug":"lc-jkdn25d-muliti-function-wrought-iron-metal-twisting-machine-design-for-sale","status":"publish","type":"product","link":"https:\/\/zzlcmachinery.com\/fi\/tuote\/lc-jkdn25d-muliti-function-wrought-iron-metal-twisting-machine-design-for-sale\/","title":{"rendered":"LC-JKDN25D Multi Function takorautametallin kierrekonemalli myyt\u00e4v\u00e4n\u00e4"},"content":{"rendered":"","protected":false},"excerpt":{"rendered":"<p>Myyt\u00e4v\u00e4n\u00e4 oleva LC-JKDN25D Multiti-funktionaalinen takorautametallikierr\u00e4tyskone on monipuolisin metallikierr\u00e4tyskone, joka voi kiert\u00e4\u00e4 litte\u00e4\u00e4 rautaa, neli\u00f6ter\u00e4st\u00e4, py\u00f6re\u00e4\u00e4 ter\u00e4st\u00e4 ja neli\u00f6putkea. Se ei voi vain k\u00e4sitell\u00e4 metallimateriaaleja kierremuotoon, vaan my\u00f6s kiert\u00e4\u00e4 useita neli\u00f6m\u00e4isi\u00e4 ter\u00e4ksi\u00e4 tai py\u00f6reit\u00e4 ter\u00e4ksi\u00e4 yhteen muodostamaan useita Twist- tai korikukkakuvioita rikastuttaa suuresti ovien ja ikkunoiden kaiteiden k\u00e4sittelyn taiteellista rakennetta.<br \/>\nMaksimi voi kiert\u00e4\u00e4 25x25mm neli\u00f6ter\u00e4st\u00e4, 30x8mm lattarautaa, voi kiert\u00e4\u00e4 4 kappaletta \u03a612mm py\u00f6re\u00e4\u00e4 ter\u00e4st\u00e4, 4 kappaletta 12x12mm neli\u00f6ter\u00e4st\u00e4 vuorotellen 4-stranttiseksi kukkakorin muotoiseksi.<br \/>\n4-s\u00e4ikeiset korit, 8-s\u00e4ikeiset korit ja 12-s\u00e4ikeiset korit ovat kaikki saatavilla. Korikukkaksi jalostetut materiaalit ovat my\u00f6s hyvin yleisi\u00e4 neli\u00f6m\u00e4isi\u00e4 ter\u00e4ksi\u00e4, joiden mitat ovat 4x4mm, 6x6mm, 7x7mm, 8x8mm, sek\u00e4 py\u00f6reit\u00e4 ter\u00e4ksi\u00e4, joiden halkaisija on 6 mm ja 8 mm.<br \/>\nT\u00e4m\u00e4 kone jakaa satunnaisesti 12 muottisarjaa, ja asiakkaiden on ostettava muotit 8- ja 12-s\u00e4ikeisiin kukkakoriin.<br \/>\n24 tunnin verkkopalvelu, kerro meille, jos sinulla on kysytt\u00e4v\u00e4\u00e4!<br \/>\n<strong>TEKNINEN PARAMETRI<br \/>\n<\/strong><strong>Moduuli: LC-JKDN25D<br \/>\nMax ty\u00f6kyky:<\/strong> Pituus\u2264200-800 mm<br \/>\n<strong>Neli\u00f6nmuotoinen ter\u00e4s<\/strong> \u226425\u00d725 mm Py\u00f6re\u00e4 ter\u00e4s: \u03a66mm, \u03a68mm<br \/>\n<strong>Tasainen rauta<\/strong> \u226480x10mm<br \/>\n<strong>Teho:<\/strong> 5,2 kW<br \/>\n<strong>Ilmaisille kuoleille:<\/strong>6 sarjaa neli\u00f6m\u00e4isi\u00e4 ter\u00e4ssuulakkeita, 3 sarjaa litteit\u00e4 rautamuotteja, 4 sarjaa 4-stranttisia korimuotteja<br \/>\n<strong>J\u00e4nnite:<\/strong>\u00a0220V\/380V\/415V<br \/>\n<strong>Pakkauksen mitat:<\/strong> 1400\u00d7620\u00d71100mm<br \/>\n<strong>NW (kg):<\/strong> 480\u00a0 \u00a0 \u00a0 <strong>GW (kg):<\/strong> 550<\/p>","protected":false},"featured_media":690,"template":"","meta":{"_kad_post_transparent":"default","_kad_post_title":"","_kad_post_layout":"default","_kad_post_sidebar_id":"","_kad_post_content_style":"default","_kad_post_vertical_padding":"default","_kad_post_feature":"","_kad_post_feature_position":"","_kad_post_header":false,"_kad_post_footer":false},"product_brand":[],"product_cat":[20,29],"product_tag":[207,208,196,198,206,202,205,200,204,203,197,199,201,209],"class_list":{"0":"post-687","1":"product","2":"type-product","3":"status-publish","4":"has-post-thumbnail","6":"product_cat-wrought-iron-twisting-machine","7":"product_cat-electric-wrought-iron-processing-machine","8":"product_tag-4-strand-flower-basket-electric-twisting-machine","9":"product_tag-8-strand-flower-basket-electric-twisting-machine","10":"product_tag-automatic-wrought-iron-twisting-machine","11":"product_tag-ellsen-wrought-iron-machine","12":"product_tag-flower-ball-twisting-machine-for-wrought-iron","13":"product_tag-high-quality-wrought-iron-twisting-machine","14":"product_tag-muliti-function-wrought-iron-metal-twisting-machine-design","15":"product_tag-multi-function-wrought-iron-machine-for-sale","16":"product_tag-multifunctional-wrought-iron-machine","17":"product_tag-twisting-machine","18":"product_tag-twisting-machine-at-best-price-in-china","19":"product_tag-twisting-machines","20":"product_tag-wrought-iron-metal-twisting-machine-for-sale","21":"product_tag-wrought-iron-twist-machine","23":"first","24":"instock","25":"shipping-taxable","26":"product-type-simple","27":"entry","28":"content-bg","29":"loop-entry"},"_links":{"self":[{"href":"https:\/\/zzlcmachinery.com\/fi\/wp-json\/wp\/v2\/product\/687","targetHints":{"allow":["GET"]}}],"collection":[{"href":"https:\/\/zzlcmachinery.com\/fi\/wp-json\/wp\/v2\/product"}],"about":[{"href":"https:\/\/zzlcmachinery.com\/fi\/wp-json\/wp\/v2\/types\/product"}],"version-history":[{"count":0,"href":"https:\/\/zzlcmachinery.com\/fi\/wp-json\/wp\/v2\/product\/687\/revisions"}],"wp:featuredmedia":[{"embeddable":true,"href":"https:\/\/zzlcmachinery.com\/fi\/wp-json\/wp\/v2\/media\/690"}],"wp:attachment":[{"href":"https:\/\/zzlcmachinery.com\/fi\/wp-json\/wp\/v2\/media?parent=687"}],"wp:term":[{"taxonomy":"product_brand","embeddable":true,"href":"https:\/\/zzlcmachinery.com\/fi\/wp-json\/wp\/v2\/product_brand?post=687"},{"taxonomy":"product_cat","embeddable":true,"href":"https:\/\/zzlcmachinery.com\/fi\/wp-json\/wp\/v2\/product_cat?post=687"},{"taxonomy":"product_tag","embeddable":true,"href":"https:\/\/zzlcmachinery.com\/fi\/wp-json\/wp\/v2\/product_tag?post=687"}],"curies":[{"name":"wp","href":"https:\/\/api.w.org\/{rel}","templated":true}]}}