{"id":670,"date":"2022-10-26T00:24:58","date_gmt":"2022-10-25T16:24:58","guid":{"rendered":"https:\/\/zzlcmachinery.com\/?post_type=product&#038;p=670"},"modified":"2022-11-22T15:47:14","modified_gmt":"2022-11-22T07:47:14","slug":"lc-jk30-program-controlled-pattern-bender-metal-scroll-bending-machine","status":"publish","type":"product","link":"https:\/\/zzlcmachinery.com\/fi\/tuote\/lc-jk30-program-controlled-pattern-bender-metal-scroll-bending-machine\/","title":{"rendered":"LC-JK30 ohjelmaohjattu kuviotaivuttaja metallirullaa taivutuskone"},"content":{"rendered":"","protected":false},"excerpt":{"rendered":"<p>LC-JK30 Ohjelmaohjattu kuviotaivuttaja metallirullataivutuskone on kuninkaan huippu monien rullataivutuskoneen mallien joukossa. T\u00e4ll\u00e4 koneella on suurin prosessointialue kaikkien samantyyppisten koneiden joukossa. Sit\u00e4 voidaan k\u00e4ytt\u00e4\u00e4 litte\u00e4n raudan, neli\u00f6m\u00e4isen ter\u00e4ksen, py\u00f6re\u00e4n ter\u00e4ksen, neli\u00f6m\u00e4isen putken, py\u00f6re\u00e4n putken k\u00e4sittelyyn, ja koneen mukana tulee 6 sarjaa, kun kone toimitetaan, n\u00e4m\u00e4 6 sarjaa meisti\u00e4 voivat tehd\u00e4 P-, S-, C-kuvioita. suurin halkaisija 50 cm. Asiakkaat voivat muokata muotteja omien tarpeidensa mukaan. R\u00e4\u00e4t\u00e4l\u00f6it\u00e4viss\u00e4 olevien P-, S-, C-kuviomuottien enimm\u00e4ishalkaisija on 100 cm.<br \/>\nKone on varustettu jalkakytkimell\u00e4. Toiminta on k\u00e4tev\u00e4\u00e4 ja nopeaa, ja koneoppiminen on nopea oppia. Jokaiselle sepp\u00e4lle on oppaita ja toimintavideoita<br \/>\n24 tunnin verkkopalvelu, kerro meille, jos sinulla on kysytt\u00e4v\u00e4\u00e4!<br \/>\n<strong>TEKNINEN PARAMETRI<br \/>\n<\/strong><strong>Malli: LC-JK30<br \/>\nTasainen rauta:<\/strong>\u226480x20mm<br \/>\n<strong>Py\u00f6re\u00e4 ter\u00e4s:<\/strong> \u2264\u03c630mm<br \/>\n<strong>Neli\u00f6m\u00e4inen ter\u00e4s:<\/strong>\u226430x30mm<br \/>\n<strong>Neli\u00f6putki:<\/strong>\u226440x40mm Neli\u00f6m\u00e4isen putken paksuus\u22644mm<br \/>\n<strong>Py\u00f6re\u00e4 putki:<\/strong>\u2264\u03c642mm Py\u00f6re\u00e4n putken paksuus\u22644mm<br \/>\n<strong>K\u00e4sittelynopeus:<\/strong> 200 kpl\/h<br \/>\n<strong>Teho:<\/strong> 5,5 kW<br \/>\n<strong>J\u00e4nnite:<\/strong>\u00a0220V\/380V\/415V<br \/>\n<strong>Pakkauksen mitat:<\/strong> 1000\u00d71500\u00d71800mm<br \/>\n<strong>NW (kg):<\/strong> 750<br \/>\n<strong>GW (kg):<\/strong> 800<\/p>","protected":false},"featured_media":683,"template":"","meta":{"_kad_post_transparent":"default","_kad_post_title":"","_kad_post_layout":"default","_kad_post_sidebar_id":"","_kad_post_content_style":"default","_kad_post_vertical_padding":"default","_kad_post_feature":"","_kad_post_feature_position":"","_kad_post_header":false,"_kad_post_footer":false},"product_brand":[],"product_cat":[29,27],"product_tag":[195,191,182,188,187,186,184,183,185,190,192,194,189,111,193],"class_list":{"0":"post-670","1":"product","2":"type-product","3":"status-publish","4":"has-post-thumbnail","6":"product_cat-electric-wrought-iron-processing-machine","7":"product_cat-electric-scroll-bending-machine","8":"product_tag-automatoic-metal-craft-scroll-bender-machine","9":"product_tag-buy-wrought-iron-scroll-bending-machines","10":"product_tag-iron-pattern-bender","11":"product_tag-make-a-metal-scroll-bender","12":"product_tag-metal-craft-scroll-bending-machine-for-sale","13":"product_tag-ornamental-iron-machines","14":"product_tag-program-controiied-scroll-bending-machine","15":"product_tag-program-controlled-pattern-bender-metal-scroll-bending-machine","16":"product_tag-scroll-bending-machine-for-sale","17":"product_tag-scroll-bending-mchinae-programmed-controlled-panels","18":"product_tag-scroll-making-machine","19":"product_tag-scroll-pattern-bender-equipment","20":"product_tag-scroll-pattern-bending-machine","21":"product_tag-wrought-iron-machine","22":"product_tag-wrought-iron-scrolling-bending-machine","24":"first","25":"instock","26":"shipping-taxable","27":"product-type-simple","28":"entry","29":"content-bg","30":"loop-entry"},"_links":{"self":[{"href":"https:\/\/zzlcmachinery.com\/fi\/wp-json\/wp\/v2\/product\/670","targetHints":{"allow":["GET"]}}],"collection":[{"href":"https:\/\/zzlcmachinery.com\/fi\/wp-json\/wp\/v2\/product"}],"about":[{"href":"https:\/\/zzlcmachinery.com\/fi\/wp-json\/wp\/v2\/types\/product"}],"version-history":[{"count":0,"href":"https:\/\/zzlcmachinery.com\/fi\/wp-json\/wp\/v2\/product\/670\/revisions"}],"wp:featuredmedia":[{"embeddable":true,"href":"https:\/\/zzlcmachinery.com\/fi\/wp-json\/wp\/v2\/media\/683"}],"wp:attachment":[{"href":"https:\/\/zzlcmachinery.com\/fi\/wp-json\/wp\/v2\/media?parent=670"}],"wp:term":[{"taxonomy":"product_brand","embeddable":true,"href":"https:\/\/zzlcmachinery.com\/fi\/wp-json\/wp\/v2\/product_brand?post=670"},{"taxonomy":"product_cat","embeddable":true,"href":"https:\/\/zzlcmachinery.com\/fi\/wp-json\/wp\/v2\/product_cat?post=670"},{"taxonomy":"product_tag","embeddable":true,"href":"https:\/\/zzlcmachinery.com\/fi\/wp-json\/wp\/v2\/product_tag?post=670"}],"curies":[{"name":"wp","href":"https:\/\/api.w.org\/{rel}","templated":true}]}}