{"id":664,"date":"2022-10-25T23:47:44","date_gmt":"2022-10-25T15:47:44","guid":{"rendered":"https:\/\/zzlcmachinery.com\/?post_type=product&#038;p=664"},"modified":"2022-11-22T15:50:34","modified_gmt":"2022-11-22T07:50:34","slug":"lc-jk16-diy-wrought-iron-flat-steel-scrolling-bending-machine-metal-scroll-bender","status":"publish","type":"product","link":"https:\/\/zzlcmachinery.com\/fi\/tuote\/lc-jk16-diy-wrought-iron-flat-steel-scrolling-bending-machine-metal-scroll-bender\/","title":{"rendered":"LC-JK16 DIY takorautainen litte\u00e4 ter\u00e4s rullaava taivutuskone metallirullataivutuskone"},"content":{"rendered":"","protected":false},"excerpt":{"rendered":"<p>LC-JK16 tee-se-itse takorautainen litte\u00e4 ter\u00e4ksinen rullataivutuskone metallirullaivutuskonetta k\u00e4ytet\u00e4\u00e4n my\u00f6s C-, P-, S-, U-muotoisten taiteellisten takorautakuvioiden valmistukseen ja lis\u00e4ksi varustettu \u03c650mm, \u03c6,30mm, \u03c620mm estolla py\u00f6r\u00e4t, jotka soveltuvat erikokoisten kuvioiden k\u00e4sittelyyn. Erona on, ett\u00e4 t\u00e4m\u00e4 rullataivutuskone ei pysty k\u00e4sittelem\u00e4\u00e4n vain tasaista rautaa, py\u00f6re\u00e4\u00e4 ter\u00e4st\u00e4, neli\u00f6m\u00e4ist\u00e4 ter\u00e4st\u00e4, vaan my\u00f6s py\u00f6re\u00e4\u00e4 putkia ja neli\u00f6putkia.<br \/>\nT\u00e4m\u00e4 rullataivutuskone voi k\u00e4sitell\u00e4 jopa 20 x 20 mm:n neli\u00f6m\u00e4ist\u00e4 putkea, jonka paksuus on enint\u00e4\u00e4n 3 mm ja halkaisija 20 mm, ja py\u00f6re\u00e4\u00e4 putkea, jonka paksuus on enint\u00e4\u00e4n 3 mm.<br \/>\nKone on varustettu 6 muotisarjalla ilmaiseksi.<br \/>\n24 tunnin verkkopalvelu, kerro meille, jos sinulla on kysytt\u00e4v\u00e4\u00e4!<br \/>\n<strong>TEKNINEN PARAMETRI<br \/>\n<\/strong><strong>Malli: LC-JK16<br \/>\nTasainen rauta:<\/strong>\u22648\u00d750mm<br \/>\n<strong>Py\u00f6re\u00e4 ter\u00e4s:<\/strong> \u2264\u03c616mm<br \/>\n<strong>Neli\u00f6m\u00e4inen ter\u00e4s:<\/strong>\u226416\u00d716mm<br \/>\n<strong>Neli\u00f6putki:<\/strong>\u226420\u00d720mm Neli\u00f6m\u00e4isen putken paksuus\u22643mm<br \/>\n<strong>Py\u00f6re\u00e4 putki:<\/strong>\u2264\u03c620mm Py\u00f6re\u00e4n putken paksuus\u22643mm<br \/>\n<strong>K\u00e4sittelynopeus:<\/strong> 500 kpl\/H<br \/>\n<strong>Teho:<\/strong> 2,2 kW<br \/>\n<strong>J\u00e4nnite:<\/strong>\u00a0220V\/380V\/415V<br \/>\n<strong>Pakkauksen mitat:<\/strong> 800\u00d7600\u00d71200mm<br \/>\n<strong>NW (kg):<\/strong> 350<br \/>\n<strong>GW (kg):<\/strong> 400<\/p>","protected":false},"featured_media":673,"template":"","meta":{"_kad_post_transparent":"default","_kad_post_title":"","_kad_post_layout":"default","_kad_post_sidebar_id":"","_kad_post_content_style":"default","_kad_post_vertical_padding":"default","_kad_post_feature":"","_kad_post_feature_position":"","_kad_post_header":false,"_kad_post_footer":false},"product_brand":[],"product_cat":[29,27],"product_tag":[178,180,175,76,49,182,177,179,72,181],"class_list":{"0":"post-664","1":"product","2":"type-product","3":"status-publish","4":"has-post-thumbnail","6":"product_cat-electric-wrought-iron-processing-machine","7":"product_cat-electric-scroll-bending-machine","8":"product_tag-buy-scroll-bender","9":"product_tag-china-wrought-iron-machine-and-metal-craft-machine","10":"product_tag-diy-wrought-iron-flat-steel-scrolling-bending-machine-metal-scroll-bender","11":"product_tag-electric-flat-iron-scroll-bending-machine","12":"product_tag-electric-scroll-bending-machine","13":"product_tag-iron-pattern-bender","14":"product_tag-manual-meta-scroll-bender","15":"product_tag-metal-craft-bending-tools","16":"product_tag-metal-scroll-bender","17":"product_tag-ornamental-iron-machine-manufacturer","19":"first","20":"instock","21":"shipping-taxable","22":"product-type-simple","23":"entry","24":"content-bg","25":"loop-entry"},"_links":{"self":[{"href":"https:\/\/zzlcmachinery.com\/fi\/wp-json\/wp\/v2\/product\/664","targetHints":{"allow":["GET"]}}],"collection":[{"href":"https:\/\/zzlcmachinery.com\/fi\/wp-json\/wp\/v2\/product"}],"about":[{"href":"https:\/\/zzlcmachinery.com\/fi\/wp-json\/wp\/v2\/types\/product"}],"version-history":[{"count":0,"href":"https:\/\/zzlcmachinery.com\/fi\/wp-json\/wp\/v2\/product\/664\/revisions"}],"wp:featuredmedia":[{"embeddable":true,"href":"https:\/\/zzlcmachinery.com\/fi\/wp-json\/wp\/v2\/media\/673"}],"wp:attachment":[{"href":"https:\/\/zzlcmachinery.com\/fi\/wp-json\/wp\/v2\/media?parent=664"}],"wp:term":[{"taxonomy":"product_brand","embeddable":true,"href":"https:\/\/zzlcmachinery.com\/fi\/wp-json\/wp\/v2\/product_brand?post=664"},{"taxonomy":"product_cat","embeddable":true,"href":"https:\/\/zzlcmachinery.com\/fi\/wp-json\/wp\/v2\/product_cat?post=664"},{"taxonomy":"product_tag","embeddable":true,"href":"https:\/\/zzlcmachinery.com\/fi\/wp-json\/wp\/v2\/product_tag?post=664"}],"curies":[{"name":"wp","href":"https:\/\/api.w.org\/{rel}","templated":true}]}}