{"id":653,"date":"2022-10-23T22:37:30","date_gmt":"2022-10-23T14:37:30","guid":{"rendered":"https:\/\/zzlcmachinery.com\/?post_type=product&#038;p=653"},"modified":"2022-11-22T15:52:22","modified_gmt":"2022-11-22T07:52:22","slug":"china-manufacture-metalcraft-hytraulic-moulder-wrought-iron-machine","status":"publish","type":"product","link":"https:\/\/zzlcmachinery.com\/fi\/tuote\/china-manufacture-metalcraft-hytraulic-moulder-wrought-iron-machine\/","title":{"rendered":"Kiinan valmistus Metalcraft Hytraulic Moulder takorautakone"},"content":{"rendered":"","protected":false},"excerpt":{"rendered":"<p>LCYY16 Kiina valmistaa metalcraft hytraulista takorautakonetta tehdashinnalla, t\u00e4m\u00e4 hydraulinen muovauskone on t\u00e4ll\u00e4 hetkell\u00e4 toimivin hydroforming kone metallinjalostusteollisuudessa. Tasoraudan, py\u00f6re\u00e4n ter\u00e4ksen ja neli\u00f6ter\u00e4ksen k\u00e4sittelyn perusteella se pystyy k\u00e4sittelem\u00e4\u00e4n my\u00f6s neli\u00f6putkia ja py\u00f6reit\u00e4 putkia. Prosessointimateriaalien lis\u00e4\u00e4ntyminen voi entisest\u00e4\u00e4n laajentaa muotoilukuvioiden monimuotoisuutta. T\u00e4m\u00e4 metallik\u00e4ytt\u00f6inen hytraulinen muovauskone voi puristaa neli\u00f6m\u00e4ist\u00e4 ter\u00e4st\u00e4, py\u00f6re\u00e4\u00e4 ter\u00e4st\u00e4, litte\u00e4\u00e4 rautaa, py\u00f6re\u00e4\u00e4 putkea ja neli\u00f6m\u00e4ist\u00e4 putkea eri muotoihin, kuten ympyr\u00e4, kaari ja kulma kerralla.<br \/>\nT\u00e4m\u00e4 jalkakytkimen laitteisto voi vapauttaa koneen k\u00e4ytt\u00e4j\u00e4n k\u00e4det, parantaa ty\u00f6n tehokkuutta, s\u00e4\u00e4st\u00e4\u00e4 ty\u00f6voimaa, ja k\u00e4tev\u00e4n ja yksinkertaisen toiminnan avulla p\u00e4\u00e4set nopeasti alkuun.<br \/>\nHiomaty\u00f6kalun vaihto voidaan suorittaa 5 minuutissa ja asiakas voi valita 4 muottisarjaa.<br \/>\nHydraulinen muotti seuraa satunnaisesti h\u00e4nen mukanaan murtamaan 4 sarjaa vapaita muotteja (1 sarja kulmataivutus- ja kiehumismuotteja varten, 1 sarja kaaren oikaisua ja kohdistusta, 2 sarjaa muovausmuotteja), ja asiakkaiden valittavissa on muotteja.<br \/>\n24 tunnin verkkopalvelu, kerro meille, jos sinulla on kysytt\u00e4v\u00e4\u00e4!<br \/>\n<strong>TEKNINEN PARAMETRI<br \/>\n<\/strong><strong>Malli: LC-YY16<br \/>\nMax ty\u00f6kyky:<\/strong> Tasarauta\u226410x50mm<br \/>\nPy\u00f6re\u00e4 ter\u00e4s \u2264\u03a616mm Neli\u00f6m\u00e4inen ter\u00e4s\u226416x16mm<br \/>\nPy\u00f6re\u00e4 putki\u2264\u03a680mm Neli\u00f6m\u00e4inen putki\u226480x80mm<br \/>\n<strong>Teho:<\/strong>7,5 kW<br \/>\n<strong>J\u00e4nnite:<\/strong>\u00a0220V\/380V\/415V<br \/>\n<strong>Pakkauksen mitat:<\/strong> 1300\u00d7700\u00d71400mm<br \/>\n<strong>NW (kg):<\/strong> 780\u00a0 \u00a0 \u00a0 <strong>GW (kg):<\/strong> 850<\/p>","protected":false},"featured_media":659,"template":"","meta":{"_kad_post_transparent":"default","_kad_post_title":"","_kad_post_layout":"default","_kad_post_sidebar_id":"","_kad_post_content_style":"default","_kad_post_vertical_padding":"default","_kad_post_feature":"","_kad_post_feature_position":"","_kad_post_header":false,"_kad_post_footer":false},"product_brand":[],"product_cat":[29,23],"product_tag":[172,133,174,131,173,171,129,51,111],"class_list":{"0":"post-653","1":"product","2":"type-product","3":"status-publish","4":"has-post-thumbnail","6":"product_cat-electric-wrought-iron-processing-machine","7":"product_cat-wrought-iron-hydraulic-moulder","8":"product_tag-blacksmith-equipment","9":"product_tag-buy-metal-craft-hydraulic-moulder","10":"product_tag-china-iron-moulder","11":"product_tag-hydraulic-bending-machine","12":"product_tag-hydraulic-moulder-lanchen-reputable-wrought-iron-supplier","13":"product_tag-lc-yy16-china-manufacture-metalcraft-hytraulic-moulder-wrought-iron-machine","14":"product_tag-metal-craft-hydraulic-moulder","15":"product_tag-wrought-iron-bending-machine","16":"product_tag-wrought-iron-machine","18":"first","19":"instock","20":"shipping-taxable","21":"product-type-simple","22":"entry","23":"content-bg","24":"loop-entry"},"_links":{"self":[{"href":"https:\/\/zzlcmachinery.com\/fi\/wp-json\/wp\/v2\/product\/653","targetHints":{"allow":["GET"]}}],"collection":[{"href":"https:\/\/zzlcmachinery.com\/fi\/wp-json\/wp\/v2\/product"}],"about":[{"href":"https:\/\/zzlcmachinery.com\/fi\/wp-json\/wp\/v2\/types\/product"}],"version-history":[{"count":0,"href":"https:\/\/zzlcmachinery.com\/fi\/wp-json\/wp\/v2\/product\/653\/revisions"}],"wp:featuredmedia":[{"embeddable":true,"href":"https:\/\/zzlcmachinery.com\/fi\/wp-json\/wp\/v2\/media\/659"}],"wp:attachment":[{"href":"https:\/\/zzlcmachinery.com\/fi\/wp-json\/wp\/v2\/media?parent=653"}],"wp:term":[{"taxonomy":"product_brand","embeddable":true,"href":"https:\/\/zzlcmachinery.com\/fi\/wp-json\/wp\/v2\/product_brand?post=653"},{"taxonomy":"product_cat","embeddable":true,"href":"https:\/\/zzlcmachinery.com\/fi\/wp-json\/wp\/v2\/product_cat?post=653"},{"taxonomy":"product_tag","embeddable":true,"href":"https:\/\/zzlcmachinery.com\/fi\/wp-json\/wp\/v2\/product_tag?post=653"}],"curies":[{"name":"wp","href":"https:\/\/api.w.org\/{rel}","templated":true}]}}