{"id":645,"date":"2022-10-23T16:57:20","date_gmt":"2022-10-23T08:57:20","guid":{"rendered":"https:\/\/zzlcmachinery.com\/?post_type=product&#038;p=645"},"modified":"2022-11-22T15:55:02","modified_gmt":"2022-11-22T07:55:02","slug":"electric-decorative-metal-craft-wrought-iron-fishtail-making-machine","status":"publish","type":"product","link":"https:\/\/zzlcmachinery.com\/fi\/tuote\/electric-decorative-metal-craft-wrought-iron-fishtail-making-machine\/","title":{"rendered":"S\u00e4hk\u00f6inen koristeellinen metallik\u00e4sity\u00f6 takorautainen kalapyrst\u00f6kone"},"content":{"rendered":"","protected":false},"excerpt":{"rendered":"<p>LC-YW16 Electric koristeellinen metallik\u00e4sity\u00f6n takorautainen kalapyrst\u00f6kone on huippumalli yrityksemme tutkimus- ja kehitystestist\u00e4 ja kokemustestist\u00e4 taontakoneissa. T\u00e4m\u00e4 kuumarullainen kalapyrst\u00f6kone voi k\u00e4sitell\u00e4 neli\u00f6m\u00e4ist\u00e4 putkea, neli\u00f6ter\u00e4st\u00e4, litte\u00e4\u00e4 rautaa, py\u00f6re\u00e4\u00e4 ter\u00e4st\u00e4 ja muita materiaaleja.<br \/>\nErityisesti neli\u00f6m\u00e4isten putkien k\u00e4sittelytoiminto on ainutlaatuinen t\u00e4lle metallik\u00e4sity\u00f6kalanpyrst\u00f6koneelle, sill\u00e4 se voi k\u00e4sitell\u00e4 neli\u00f6m\u00e4isi\u00e4 putkia, joiden koko on 14x14mm, 16x16mm, 15x15mm, 20x20mm.<br \/>\nK\u00e4sitelty tuote muuttaa vain pituutta ja leveytt\u00e4, mik\u00e4 on sek\u00e4 kaunista ett\u00e4 antelias. Se on F3- ja F4-koostumusten p\u00e4ivitys, jossa ep\u00e4keskorulla vaihdetaan ep\u00e4keskeiseksi akseliksi, tela muuttuu kolmiuraiseksi ja k\u00e4ytt\u00f6ik\u00e4\u00e4 kolminkertaistetaan muihin verrattuna.<br \/>\nTakorautap\u00e4\u00e4n puristuskalanp\u00e4\u00e4n ulkopinnalla olevat litte\u00e4t rullat voivat litist\u00e4\u00e4, teroittaa ja tiivist\u00e4\u00e4 neli\u00f6m\u00e4isi\u00e4 ja py\u00f6reit\u00e4 tankoja.<br \/>\n24 tunnin verkkopalvelu, kerro meille, jos sinulla on kysytt\u00e4v\u00e4\u00e4!<br \/>\n<strong>TEKNINEN PARAMETRI<br \/>\n<\/strong><strong>Malli: LC-YW16<br \/>\nTasainen rauta:<\/strong> \u226410x60mm<br \/>\n<strong>Py\u00f6re\u00e4 ter\u00e4s:<\/strong> \u03c616mm<br \/>\n<strong>Neli\u00f6m\u00e4inen ter\u00e4s:<\/strong> \u226416\u00d716mm<br \/>\n<strong>Neli\u00f6m\u00e4inen putki:<\/strong>14x14mm, 16x16mm, 15x15mm, 20x20mm<br \/>\n<strong>Teho:<\/strong> 3 kW<br \/>\n<strong>J\u00e4nnite:<\/strong>\u00a0220V\/380V\/415V<br \/>\n<strong>Pakkauksen mitat:<\/strong> 1000\u00d7600\u00d71110mm<br \/>\n<strong>NW (kg):<\/strong>380<br \/>\n<strong>GW (kg):<\/strong> 400<\/p>","protected":false},"featured_media":648,"template":"","meta":{"_kad_post_transparent":"default","_kad_post_title":"","_kad_post_layout":"default","_kad_post_sidebar_id":"","_kad_post_content_style":"default","_kad_post_vertical_padding":"default","_kad_post_feature":"","_kad_post_feature_position":"","_kad_post_header":false,"_kad_post_footer":false},"product_brand":[],"product_cat":[29,24],"product_tag":[163,165,167,166,168,162,169,170,164,161,111],"class_list":{"0":"post-645","1":"product","2":"type-product","3":"status-publish","4":"has-post-thumbnail","6":"product_cat-electric-wrought-iron-processing-machine","7":"product_cat-wrought-iron-fishtail-forging-machine","8":"product_tag-china-hot-roll-fishtail-machine-manufacturing-for-sale","9":"product_tag-end-hot-fishtail-for-wrought-iron","10":"product_tag-fishtail-iron-processing-machine","11":"product_tag-hot-roll-end-forging-machine","12":"product_tag-hot-roll-fishtail-machine","13":"product_tag-hot-roll-fishtail-making-machine","14":"product_tag-hot-roll-fishtail-mill","15":"product_tag-hot-rolling-fishtail-forming-machine","16":"product_tag-hot-roll-fishtail-coining-machine","17":"product_tag-wrought-iron-end-press-fishtail-machine","18":"product_tag-wrought-iron-machine","20":"first","21":"instock","22":"shipping-taxable","23":"product-type-simple","24":"entry","25":"content-bg","26":"loop-entry"},"_links":{"self":[{"href":"https:\/\/zzlcmachinery.com\/fi\/wp-json\/wp\/v2\/product\/645","targetHints":{"allow":["GET"]}}],"collection":[{"href":"https:\/\/zzlcmachinery.com\/fi\/wp-json\/wp\/v2\/product"}],"about":[{"href":"https:\/\/zzlcmachinery.com\/fi\/wp-json\/wp\/v2\/types\/product"}],"version-history":[{"count":0,"href":"https:\/\/zzlcmachinery.com\/fi\/wp-json\/wp\/v2\/product\/645\/revisions"}],"wp:featuredmedia":[{"embeddable":true,"href":"https:\/\/zzlcmachinery.com\/fi\/wp-json\/wp\/v2\/media\/648"}],"wp:attachment":[{"href":"https:\/\/zzlcmachinery.com\/fi\/wp-json\/wp\/v2\/media?parent=645"}],"wp:term":[{"taxonomy":"product_brand","embeddable":true,"href":"https:\/\/zzlcmachinery.com\/fi\/wp-json\/wp\/v2\/product_brand?post=645"},{"taxonomy":"product_cat","embeddable":true,"href":"https:\/\/zzlcmachinery.com\/fi\/wp-json\/wp\/v2\/product_cat?post=645"},{"taxonomy":"product_tag","embeddable":true,"href":"https:\/\/zzlcmachinery.com\/fi\/wp-json\/wp\/v2\/product_tag?post=645"}],"curies":[{"name":"wp","href":"https:\/\/api.w.org\/{rel}","templated":true}]}}