{"id":631,"date":"2022-10-20T00:48:38","date_gmt":"2022-10-19T16:48:38","guid":{"rendered":"https:\/\/zzlcmachinery.com\/?post_type=product&#038;p=631"},"modified":"2023-02-18T16:11:26","modified_gmt":"2023-02-18T08:11:26","slug":"buy-metal-craft-steel-coil-rolling-machine-ornament-iron-making-machine","status":"publish","type":"product","link":"https:\/\/zzlcmachinery.com\/fi\/tuote\/buy-metal-craft-steel-coil-rolling-machine-ornament-iron-making-machine\/","title":{"rendered":"Osta Metal Craft Steel Coil Valssauskone Ornamenttiraudan valmistuskone"},"content":{"rendered":"","protected":false},"excerpt":{"rendered":"<p>LC-CJ16 osta metallik\u00e4sity\u00f6ter\u00e4skelavalssauskone koriste-raudanvalmistuskone, t\u00e4t\u00e4 hydraulikelan valssauskonetta k\u00e4ytet\u00e4\u00e4n litte\u00e4n ter\u00e4ksen, neli\u00f6m\u00e4isen ter\u00e4ksen, py\u00f6re\u00e4n ter\u00e4ksen ja p\u00e4\u00e4tykelaan py\u00f6re\u00e4n putken kuumentamisen j\u00e4lkeen. Kalan h\u00e4nn\u00e4n rautamateriaali rullataan automaattisesti. Kelan muoto on olennainen kuvio takorautatuotteissa. Siksi valssauskone on t\u00e4rke\u00e4 kone, joka sopii rautataiteeseen, koristeluun, puutarhanhoitoon jne.<br \/>\nRautamateriaalit voidaan rullata halkaisijaltaan \u03a630, \u03a640, \u03a650 mm kukkarulliksi, jotka voivat pohjimmiltaan t\u00e4ytt\u00e4\u00e4 kansainv\u00e4lisen yleisen lattaraudan, neli\u00f6m\u00e4isen ter\u00e4ksen py\u00f6re\u00e4n ter\u00e4ksen ja py\u00f6re\u00e4n putken (per\u00e4p\u00e4\u00e4 on jalostettava kalanh\u00e4nt\u00e4ksi), joita k\u00e4ytet\u00e4\u00e4n tuotantoprosessissa Eurooppalaistyyliset taidetyyppiset ovet, ikkunat, kaiteet ja kaiteet.<br \/>\nT\u00e4m\u00e4n hydraulisen irnamentaalisen rautakelan etuna on nopea valssaus, k\u00e4tev\u00e4 toiminta, laaja k\u00e4sittelyalue, monet prosessoitavat materiaalit, telojen korkea laatu ja korkea tuotantotehokkuus.<br \/>\n24 tunnin verkkopalvelu, kerro meille, jos sinulla on kysytt\u00e4v\u00e4\u00e4!<br \/>\n<strong>TEKNINEN PARAMETRI<br \/>\n<\/strong><strong>Malli: LC-CJ16<br \/>\nMax ty\u00f6kyky:<\/strong> L\u00e4mmitetty lattarauta: 10x50mm<br \/>\nNeli\u00f6m\u00e4inen ter\u00e4s \u226425x25mm<br \/>\nPy\u00f6re\u00e4 ter\u00e4s \u2264\u03a625mm<br \/>\nPy\u00f6re\u00e4 putki \u2264\u03a625mm<br \/>\n<strong>Teho:<\/strong> 1,1 kW 6P<br \/>\n<strong>J\u00e4nnite:<\/strong>\u00a0220V\/380V\/415V<br \/>\n<strong>Pakkauksen mitat:<\/strong> 1000\u00d7600\u00d71300mm<br \/>\n<strong>NW (kg):<\/strong> 200\u00a0 \u00a0 \u00a0 <strong>GW (kg):<\/strong> 240<\/p>","protected":false},"featured_media":637,"template":"","meta":{"_kad_post_transparent":"default","_kad_post_title":"","_kad_post_layout":"default","_kad_post_sidebar_id":"","_kad_post_content_style":"default","_kad_post_vertical_padding":"default","_kad_post_feature":"","_kad_post_feature_position":"","_kad_post_header":false,"_kad_post_footer":false},"product_brand":[],"product_cat":[25,29],"product_tag":[160,158,155,153,152,159,124,157,156,154],"class_list":{"0":"post-631","1":"product","2":"type-product","3":"status-publish","4":"has-post-thumbnail","6":"product_cat-electric-make-coil-machine-for-metal-craft","7":"product_cat-electric-wrought-iron-processing-machine","8":"product_tag-automatic-blacksmith-coil-rolling-machine","9":"product_tag-buy-metal-craft-steel-coil-rolling-machine-ornament-iron-making-machine","10":"product_tag-electric-coil-rolling-machine","11":"product_tag-electric-making-coil-machine","12":"product_tag-iron-coils-making-machine","13":"product_tag-mechanical-metal-craft-flat-steel-coil-rolling-making-machine-price","14":"product_tag-metal-craft-steel-coil-rolling-machine","15":"product_tag-ornament-iron-making-machine","16":"product_tag-wrought-iron-coil-making","17":"product_tag-wrought-iron-electric-make-coil-machine-for-decorative","19":"first","20":"instock","21":"shipping-taxable","22":"product-type-simple","23":"entry","24":"content-bg","25":"loop-entry"},"_links":{"self":[{"href":"https:\/\/zzlcmachinery.com\/fi\/wp-json\/wp\/v2\/product\/631","targetHints":{"allow":["GET"]}}],"collection":[{"href":"https:\/\/zzlcmachinery.com\/fi\/wp-json\/wp\/v2\/product"}],"about":[{"href":"https:\/\/zzlcmachinery.com\/fi\/wp-json\/wp\/v2\/types\/product"}],"version-history":[{"count":0,"href":"https:\/\/zzlcmachinery.com\/fi\/wp-json\/wp\/v2\/product\/631\/revisions"}],"wp:featuredmedia":[{"embeddable":true,"href":"https:\/\/zzlcmachinery.com\/fi\/wp-json\/wp\/v2\/media\/637"}],"wp:attachment":[{"href":"https:\/\/zzlcmachinery.com\/fi\/wp-json\/wp\/v2\/media?parent=631"}],"wp:term":[{"taxonomy":"product_brand","embeddable":true,"href":"https:\/\/zzlcmachinery.com\/fi\/wp-json\/wp\/v2\/product_brand?post=631"},{"taxonomy":"product_cat","embeddable":true,"href":"https:\/\/zzlcmachinery.com\/fi\/wp-json\/wp\/v2\/product_cat?post=631"},{"taxonomy":"product_tag","embeddable":true,"href":"https:\/\/zzlcmachinery.com\/fi\/wp-json\/wp\/v2\/product_tag?post=631"}],"curies":[{"name":"wp","href":"https:\/\/api.w.org\/{rel}","templated":true}]}}