{"id":618,"date":"2022-10-19T15:15:26","date_gmt":"2022-10-19T07:15:26","guid":{"rendered":"https:\/\/zzlcmachinery.com\/?post_type=product&#038;p=618"},"modified":"2022-11-22T15:59:15","modified_gmt":"2022-11-22T07:59:15","slug":"lc-gp40-high-frequency-metal-induction-heater-for-sale","status":"publish","type":"product","link":"https:\/\/zzlcmachinery.com\/fi\/tuote\/lc-gp40-high-frequency-metal-induction-heater-for-sale\/","title":{"rendered":"LC-GP40 korkeataajuinen metalliinduktiol\u00e4mmitin myyt\u00e4v\u00e4n\u00e4"},"content":{"rendered":"","protected":false},"excerpt":{"rendered":"<p><strong>Myyd\u00e4\u00e4n korkeataajuinen metalliinduktiol\u00e4mmitin LC-GP40.<\/strong><br \/>\nUuden sukupolven suurtaajuusl\u00e4mmitin koostuu kahdesta osasta: l\u00e4mmitysis\u00e4nn\u00e4st\u00e4 ja j\u00e4\u00e4hdytyslaitteesta. Suurennetulla vesis\u00e4ili\u00f6ll\u00e4 ja nelj\u00e4ll\u00e4 tuulettimella kone saa toimimaan pidemp\u00e4\u00e4n, jopa Afrikassa, jossa l\u00e4mp\u00f6tila on maailmassa eritt\u00e4in korkea, sit\u00e4 voidaan k\u00e4ytt\u00e4\u00e4 pitk\u00e4\u00e4n.<br \/>\nT\u00e4m\u00e4 metallinen pikal\u00e4mmityskone. Koneen virtal\u00e4hde on portaattomasti s\u00e4\u00e4dett\u00e4viss\u00e4 2KW - 20KW. Eri KW voidaan valita erikokoisten materiaalien mukaan, mik\u00e4 on eritt\u00e4in energiaa s\u00e4\u00e4st\u00e4v\u00e4\u00e4. Yleens\u00e4 kone on valmiustilassa ilman l\u00e4mmityst\u00e4 eik\u00e4 tuhlaa s\u00e4hk\u00f6\u00e4. S\u00e4hk\u00f6ns\u00e4\u00e4st\u00f6n suunnittelu on eritt\u00e4in k\u00e4ytt\u00e4j\u00e4yst\u00e4v\u00e4llinen.<br \/>\nLis\u00e4ksi suurtaajuinen l\u00e4mmityskone on varustettu jalkakytkimell\u00e4 ty\u00f6ntekij\u00e4n k\u00e4sien vapauttamiseksi. Kokematon henkil\u00f6 voi oppia ja k\u00e4ytt\u00e4\u00e4 t\u00e4t\u00e4 konetta 10 minuutissa,<br \/>\nAlhaiset yll\u00e4pitokustannukset, tarvitset vain v\u00e4h\u00e4n puhdasta vett\u00e4 ja voitelu\u00f6ljy\u00e4,<br \/>\nKonetta voidaan k\u00e4ytt\u00e4\u00e4 paitsi tavallisen raudan l\u00e4mmitt\u00e4miseen my\u00f6s kullan ja hopean sulattamiseen.<br \/>\n24 tunnin verkkopalvelu, kerro meille, jos sinulla on kysytt\u00e4v\u00e4\u00e4!<br \/>\n<strong>TEKNINEN PARAMETRI<br \/>\n<\/strong><strong>Malli: LC-GPIV36<br \/>\nMax ty\u00f6kyky:<\/strong> Tasarauta\u22646x50mm<br \/>\nNeli\u00f6m\u00e4inen ter\u00e4s \u226420X20mm<br \/>\nPy\u00f6re\u00e4 ter\u00e4s\u226420mm<br \/>\n<strong>Teho:<\/strong>l\u00e4ht\u00f6s\u00e4hk\u00f6virta: 300A-1400A<br \/>\nTulovirta: 5-36A<br \/>\n<strong>J\u00e4nnite:<\/strong> Tuloj\u00e4nnitealue: 320-420v 50HZ<br \/>\n<strong>Pakkauksen mitat:<\/strong> 500x700x700mm +1200x600x800mm<br \/>\n<strong>NW (kg):<\/strong> 180\u00a0 \u00a0 <strong>GW (kg):<\/strong> 200<\/p>","protected":false},"featured_media":626,"template":"","meta":{"_kad_post_transparent":"default","_kad_post_title":"","_kad_post_layout":"default","_kad_post_sidebar_id":"","_kad_post_content_style":"default","_kad_post_vertical_padding":"default","_kad_post_feature":"","_kad_post_feature_position":"","_kad_post_header":false,"_kad_post_footer":false},"product_brand":[],"product_cat":[29,32],"product_tag":[149,147,150,145,146,151,148],"class_list":{"0":"post-618","1":"product","2":"type-product","3":"status-publish","4":"has-post-thumbnail","6":"product_cat-electric-wrought-iron-processing-machine","7":"product_cat-power-of-iron-effcient-heater","8":"product_tag-application-of-high-frequency-metal-induction-heater-for-sale","9":"product_tag-featured-metal-induction-heater-for-sale","10":"product_tag-high-frequency-metal-induction-heater-for-sale","11":"product_tag-induction-heating-equipment","12":"product_tag-induction-heating-machine-for-metal-forging","13":"product_tag-the-power-of-iron-effcient-heater","14":"product_tag-wrought-iron-machine-induction-heating-forging-equipment","16":"first","17":"instock","18":"shipping-taxable","19":"product-type-simple","20":"entry","21":"content-bg","22":"loop-entry"},"_links":{"self":[{"href":"https:\/\/zzlcmachinery.com\/fi\/wp-json\/wp\/v2\/product\/618","targetHints":{"allow":["GET"]}}],"collection":[{"href":"https:\/\/zzlcmachinery.com\/fi\/wp-json\/wp\/v2\/product"}],"about":[{"href":"https:\/\/zzlcmachinery.com\/fi\/wp-json\/wp\/v2\/types\/product"}],"version-history":[{"count":0,"href":"https:\/\/zzlcmachinery.com\/fi\/wp-json\/wp\/v2\/product\/618\/revisions"}],"wp:featuredmedia":[{"embeddable":true,"href":"https:\/\/zzlcmachinery.com\/fi\/wp-json\/wp\/v2\/media\/626"}],"wp:attachment":[{"href":"https:\/\/zzlcmachinery.com\/fi\/wp-json\/wp\/v2\/media?parent=618"}],"wp:term":[{"taxonomy":"product_brand","embeddable":true,"href":"https:\/\/zzlcmachinery.com\/fi\/wp-json\/wp\/v2\/product_brand?post=618"},{"taxonomy":"product_cat","embeddable":true,"href":"https:\/\/zzlcmachinery.com\/fi\/wp-json\/wp\/v2\/product_cat?post=618"},{"taxonomy":"product_tag","embeddable":true,"href":"https:\/\/zzlcmachinery.com\/fi\/wp-json\/wp\/v2\/product_tag?post=618"}],"curies":[{"name":"wp","href":"https:\/\/api.w.org\/{rel}","templated":true}]}}