{"id":608,"date":"2022-10-18T17:16:42","date_gmt":"2022-10-18T09:16:42","guid":{"rendered":"https:\/\/zzlcmachinery.com\/?post_type=product&#038;p=608"},"modified":"2022-11-22T17:02:01","modified_gmt":"2022-11-22T09:02:01","slug":"iron-efficient-power-heater-for-wrought-iron","status":"publish","type":"product","link":"https:\/\/zzlcmachinery.com\/fi\/tuote\/iron-efficient-power-heater-for-wrought-iron\/","title":{"rendered":"Rautatehokas s\u00e4hk\u00f6l\u00e4mmitin takorautaa varten"},"content":{"rendered":"","protected":false},"excerpt":{"rendered":"<p>Rautatehokas s\u00e4hk\u00f6l\u00e4mmitin takorautalle tehtaalta metalliasetuksiin.<br \/>\nMetallin induktiol\u00e4mmitin on nopea, turvallinen ja tehokas l\u00e4mmitysmenetelm\u00e4, jota k\u00e4ytet\u00e4\u00e4n laajasti metallinjalostus- ja taontateollisuudessa. Laitteet k\u00e4ytt\u00e4v\u00e4t korkeataajuista induktiol\u00e4mmityst\u00e4, kiertovesij\u00e4\u00e4hdytyst\u00e4, tuuletinj\u00e4\u00e4hdytyst\u00e4 ja muita tekniikoita, jotta kone voi l\u00e4mmitt\u00e4\u00e4 jatkuvasti pitk\u00e4\u00e4n. Korkeataajuista l\u00e4mmityskonetta k\u00e4ytet\u00e4\u00e4n laajalti metallin takomisessa, kuten tasoraudan, neli\u00f6ter\u00e4ksen, py\u00f6re\u00e4n ter\u00e4ksen l\u00e4mmitt\u00e4misess\u00e4 rautataiteen l\u00e4mmitystekniikassa, osien l\u00e4mmityksess\u00e4 sammutusprosessissa,<br \/>\nT\u00e4m\u00e4n koneen suurin etu on, ett\u00e4 se pystyy l\u00e4mmitt\u00e4m\u00e4\u00e4n 16x16mm neli\u00f6m\u00e4isen ter\u00e4ksen 5 sekunnissa pienemm\u00e4ll\u00e4 virrankulutuksella, nopealla l\u00e4mmityksell\u00e4, turvasuojauksella ja varal\u00e4mmityspatterilla. Sep\u00e4t sek\u00e4 ovien ja ikkunoiden k\u00e4sittelytehtaat rakastavat sit\u00e4 syv\u00e4sti<br \/>\n24 tunnin verkkopalvelu, kerro meille, jos sinulla on kysytt\u00e4v\u00e4\u00e4!<br \/>\n<strong>TEKNINEN PARAMETRI<br \/>\n<\/strong><strong>Malli: LC-GPIV36<br \/>\nMax ty\u00f6kyky:<\/strong> Tasarauta\u226410x50mm<br \/>\nNeli\u00f6m\u00e4inen ter\u00e4s \u226420X20mm<br \/>\nMuun ty\u00f6kappaleen halkaisija \u226430mm<br \/>\n<strong>Teho:<\/strong>l\u00e4ht\u00f6s\u00e4hk\u00f6virta: 300A-1400A<br \/>\nTulovirta: 4-36A<br \/>\n<strong>J\u00e4nnite:<\/strong> Tuloj\u00e4nnitealue: 320-420v 50HZ<br \/>\n<strong>Pakkauksen mitat:<\/strong> 1050\u00d7680\u00d71520mm<br \/>\n<strong>NW (kg):<\/strong> 230\u00a0 \u00a0 \u00a0<strong>GW (kg):<\/strong> 260<\/p>","protected":false},"featured_media":610,"template":"","meta":{"_kad_post_transparent":"default","_kad_post_title":"","_kad_post_layout":"default","_kad_post_sidebar_id":"","_kad_post_content_style":"default","_kad_post_vertical_padding":"default","_kad_post_feature":"","_kad_post_feature_position":"","_kad_post_header":false,"_kad_post_footer":false},"product_brand":[],"product_cat":[29,32],"product_tag":[140,136,138,142,137,144,139,141,143],"class_list":{"0":"post-608","1":"product","2":"type-product","3":"status-publish","4":"has-post-thumbnail","6":"product_cat-electric-wrought-iron-processing-machine","7":"product_cat-power-of-iron-effcient-heater","8":"product_tag-china-the-power-of-iron-efficient-heate","9":"product_tag-high-frequency-heating-machine","10":"product_tag-iron-efficient-power-heater","11":"product_tag-metal-craft-machines","12":"product_tag-ornamental-iron-machine","13":"product_tag-reliable-quality-iron-effcient-heater","14":"product_tag-the-power-of-iron-efficienet-heater","15":"product_tag-wholesale-el-gp-iv-36-the-power-machine-of-iron-efficient-heater","16":"product_tag-wrought-iron-heating-machine","18":"first","19":"instock","20":"shipping-taxable","21":"product-type-simple","22":"entry","23":"content-bg","24":"loop-entry"},"_links":{"self":[{"href":"https:\/\/zzlcmachinery.com\/fi\/wp-json\/wp\/v2\/product\/608","targetHints":{"allow":["GET"]}}],"collection":[{"href":"https:\/\/zzlcmachinery.com\/fi\/wp-json\/wp\/v2\/product"}],"about":[{"href":"https:\/\/zzlcmachinery.com\/fi\/wp-json\/wp\/v2\/types\/product"}],"version-history":[{"count":0,"href":"https:\/\/zzlcmachinery.com\/fi\/wp-json\/wp\/v2\/product\/608\/revisions"}],"wp:featuredmedia":[{"embeddable":true,"href":"https:\/\/zzlcmachinery.com\/fi\/wp-json\/wp\/v2\/media\/610"}],"wp:attachment":[{"href":"https:\/\/zzlcmachinery.com\/fi\/wp-json\/wp\/v2\/media?parent=608"}],"wp:term":[{"taxonomy":"product_brand","embeddable":true,"href":"https:\/\/zzlcmachinery.com\/fi\/wp-json\/wp\/v2\/product_brand?post=608"},{"taxonomy":"product_cat","embeddable":true,"href":"https:\/\/zzlcmachinery.com\/fi\/wp-json\/wp\/v2\/product_cat?post=608"},{"taxonomy":"product_tag","embeddable":true,"href":"https:\/\/zzlcmachinery.com\/fi\/wp-json\/wp\/v2\/product_tag?post=608"}],"curies":[{"name":"wp","href":"https:\/\/api.w.org\/{rel}","templated":true}]}}