{"id":586,"date":"2022-10-15T23:03:30","date_gmt":"2022-10-15T15:03:30","guid":{"rendered":"https:\/\/zzlcmachinery.com\/?post_type=product&#038;p=586"},"modified":"2023-02-09T20:09:36","modified_gmt":"2023-02-09T12:09:36","slug":"hot-metal-electric-coil-making-machine-for-wrought-iron-with-factory-price","status":"publish","type":"product","link":"https:\/\/zzlcmachinery.com\/fi\/tuote\/hot-metal-electric-coil-making-machine-for-wrought-iron-with-factory-price\/","title":{"rendered":"Kuumametallinen s\u00e4hk\u00f6inen rautakelan valmistuskone takorautaa varten tehdashinnalla"},"content":{"rendered":"","protected":false},"excerpt":{"rendered":"<p>LC-DDG12A Kuumametallinen s\u00e4hk\u00f6kelan valmistuskone takorautaa varten tehdashinnalla, Hydraulista valssauskonetta k\u00e4ytet\u00e4\u00e4n erityisesti metallien valssausty\u00f6st\u00f6ss\u00e4 ja sit\u00e4 k\u00e4ytet\u00e4\u00e4n ovien ja ikkunoiden kaiteiden valmistukseen. L\u00e4mmitetty lattarauta, neli\u00f6ter\u00e4s, py\u00f6re\u00e4 ter\u00e4s (kala) h\u00e4nn\u00e4n muoto) eri spesifikaatioita voidaan rullata tiukasti metallikelaksi muodostamaan tiiviisti k\u00e4\u00e4ritty heteen muotoinen muoto, mik\u00e4 parantaa huomattavasti metallink\u00e4sittelyn eleganttia taiteellista muotoa. , se on v\u00e4ltt\u00e4m\u00e4t\u00f6n ja t\u00e4rke\u00e4 kone eurooppalaisella raudanjalostuslinjalla,<br \/>\nT\u00e4ss\u00e4 koneessa on vain joukko ilmaisia muotteja, jotka l\u00e4hetet\u00e4\u00e4n koneen mukana.<br \/>\nAutomaattisen ohjelmaohjauksen avulla s\u00e4\u00e4t\u00f6 on yksinkertaista, k\u00e4ytt\u00f6 helppoa ja tuote muodostetaan kerralla, mik\u00e4 parantaa huomattavasti ty\u00f6n tehokkuutta.<br \/>\n24 tunnin verkkopalvelu, kerro meille, jos sinulla on kysytt\u00e4v\u00e4\u00e4!<br \/>\n<strong>TEKNINEN PARAMETRI<br \/>\n<\/strong><strong>Malli: LC-DDG12A<br \/>\nMax ty\u00f6kyky:<\/strong> Tasarauta: 12x4mm-50x8mm<br \/>\nNeli\u00f6m\u00e4inen ter\u00e4s \u226412x12mm<br \/>\n<strong>Teho:<\/strong> 3,5 kW<br \/>\n<strong>J\u00e4nnite:<\/strong>\u00a0220V\/380V\/415V<br \/>\n<strong>Pakkauksen mitat:<\/strong> 1340\u00d7830\u00d71400mm<br \/>\n<strong>NW (kg):<\/strong> 436\u00a0 \u00a0 \u00a0 <strong>GW (kg):<\/strong> 486<\/p>","protected":false},"featured_media":591,"template":"","meta":{"_kad_post_transparent":"default","_kad_post_title":"","_kad_post_layout":"default","_kad_post_sidebar_id":"","_kad_post_content_style":"default","_kad_post_vertical_padding":"default","_kad_post_feature":"","_kad_post_feature_position":"","_kad_post_header":false,"_kad_post_footer":false},"product_brand":[],"product_cat":[25,29],"product_tag":[125,126,127,124,111],"class_list":{"0":"post-586","1":"product","2":"type-product","3":"status-publish","4":"has-post-thumbnail","6":"product_cat-electric-make-coil-machine-for-metal-craft","7":"product_cat-electric-wrought-iron-processing-machine","8":"product_tag-automatic-blacksmith-wrought-iron-coil-making-machine","9":"product_tag-electric-coil-making-machine-manufacturers-suppliers","10":"product_tag-electric-iron-worker-machine","11":"product_tag-metal-craft-steel-coil-rolling-machine","12":"product_tag-wrought-iron-machine","14":"first","15":"instock","16":"shipping-taxable","17":"product-type-simple","18":"entry","19":"content-bg","20":"loop-entry"},"_links":{"self":[{"href":"https:\/\/zzlcmachinery.com\/fi\/wp-json\/wp\/v2\/product\/586","targetHints":{"allow":["GET"]}}],"collection":[{"href":"https:\/\/zzlcmachinery.com\/fi\/wp-json\/wp\/v2\/product"}],"about":[{"href":"https:\/\/zzlcmachinery.com\/fi\/wp-json\/wp\/v2\/types\/product"}],"version-history":[{"count":0,"href":"https:\/\/zzlcmachinery.com\/fi\/wp-json\/wp\/v2\/product\/586\/revisions"}],"wp:featuredmedia":[{"embeddable":true,"href":"https:\/\/zzlcmachinery.com\/fi\/wp-json\/wp\/v2\/media\/591"}],"wp:attachment":[{"href":"https:\/\/zzlcmachinery.com\/fi\/wp-json\/wp\/v2\/media?parent=586"}],"wp:term":[{"taxonomy":"product_brand","embeddable":true,"href":"https:\/\/zzlcmachinery.com\/fi\/wp-json\/wp\/v2\/product_brand?post=586"},{"taxonomy":"product_cat","embeddable":true,"href":"https:\/\/zzlcmachinery.com\/fi\/wp-json\/wp\/v2\/product_cat?post=586"},{"taxonomy":"product_tag","embeddable":true,"href":"https:\/\/zzlcmachinery.com\/fi\/wp-json\/wp\/v2\/product_tag?post=586"}],"curies":[{"name":"wp","href":"https:\/\/api.w.org\/{rel}","templated":true}]}}