{"id":573,"date":"2022-10-15T19:38:39","date_gmt":"2022-10-15T11:38:39","guid":{"rendered":"https:\/\/zzlcmachinery.com\/?post_type=product&#038;p=573"},"modified":"2022-11-22T16:46:50","modified_gmt":"2022-11-22T08:46:50","slug":"lc-dn25d-program-controlled-metal-twisting-wrought-iron-machine","status":"publish","type":"product","link":"https:\/\/zzlcmachinery.com\/fi\/tuote\/lc-dn25d-program-controlled-metal-twisting-wrought-iron-machine\/","title":{"rendered":"LC-DN25D ohjelmaohjattu metallia kiert\u00e4v\u00e4 takorautakone"},"content":{"rendered":"","protected":false},"excerpt":{"rendered":"<p>LC-DN25D-ohjelmaohjatun metallikierteisen takorautakoneen n\u00e4kyvin etu on, ett\u00e4 siin\u00e4 ei ole vain kierretoimintoa, vaan se pystyy my\u00f6s k\u00e4sittelem\u00e4\u00e4n lintuh\u00e4kkikukkia.<br \/>\nKonetta k\u00e4ytet\u00e4\u00e4n eurooppalaistyylisiin taidetyylisiin oviin, ikkunoihin, kaiteisiin ja rautametallin ty\u00f6st\u00f6\u00f6n. Prosessointimateriaaleja ovat lattarauta, py\u00f6re\u00e4 ter\u00e4s ja kansainv\u00e4lisen yleisen kokoiset neli\u00f6ter\u00e4kset. Koneessa on jo prosessointiohjelma asetettu, ja asiakkaat voivat my\u00f6s vaihtaa omiin ohjelmiinsa. perustaa.<br \/>\nKone antaa satunnaisesti 13 sarjaa ilmaisia muotteja, ja uusi muotti voidaan vaihtaa 5 minuutissa.<\/p>\n<p>Kierret, joiden pituus on 200-800 mm, voidaan kiert\u00e4\u00e4 ja yli 800 mm pitki\u00e4 osioittain. korkea tuottavuus.<\/p>\n<p>24 tunnin verkkopalvelu, kerro meille, jos sinulla on kysytt\u00e4v\u00e4\u00e4!<br \/>\n<strong>TEKNINEN PARAMETRI<br \/>\n<\/strong><strong>Malli: LC-DN25C<br \/>\nMax ty\u00f6kyky:<\/strong> Pituus\u2264200-800 mm<br \/>\n<strong>Neli\u00f6nmuotoinen ter\u00e4s<\/strong> \u226425\u00d725 mm<br \/>\n<strong>Tasainen rauta<\/strong> \u226430x8mm<br \/>\n<strong>Teho:<\/strong> 4 kW<br \/>\n<strong>Ilmaisille kuoleille:<\/strong>6 sarjaa neli\u00f6m\u00e4ist\u00e4 ter\u00e4st\u00e4, 3 sarjaa litte\u00e4\u00e4 rautaa<br \/>\n<strong>J\u00e4nnite:<\/strong>\u00a0220V\/380V\/415V<br \/>\n<strong>Pakkauksen mitat:<\/strong> 1400\u00d7620\u00d71100mm<br \/>\n<strong>NW (kg):<\/strong> 550\u00a0 \u00a0 \u00a0 <strong>GW (kg):<\/strong> 600<\/p>","protected":false},"featured_media":583,"template":"","meta":{"_kad_post_transparent":"default","_kad_post_title":"","_kad_post_layout":"default","_kad_post_sidebar_id":"","_kad_post_content_style":"default","_kad_post_vertical_padding":"default","_kad_post_feature":"","_kad_post_feature_position":"","_kad_post_header":false,"_kad_post_footer":false},"product_brand":[],"product_cat":[20,29],"product_tag":[122,123,121,119,120,115,114,116,117,118,111],"class_list":{"0":"post-573","1":"product","2":"type-product","3":"status-publish","4":"has-post-thumbnail","6":"product_cat-wrought-iron-twisting-machine","7":"product_cat-electric-wrought-iron-processing-machine","8":"product_tag-basket-flower-making-machine-for-wrought-iron","9":"product_tag-basket-twister-machine","10":"product_tag-buy-iron-twisting-machine-at-best-price","11":"product_tag-electric-wrought-iron-square-bar-twisting-machine","12":"product_tag-finished-product-of-metal-twister","13":"product_tag-lanchen-wrought-iron-machine-for-twist-square-steel-and-flat-iron","14":"product_tag-lc-dn25d-program-controlled-metal-twisting-wrought-iron-machine","15":"product_tag-metal-twisting-machine-for-sale","16":"product_tag-metal-twisting-wrought-iron-machine","17":"product_tag-twisting-mchine-for-metal-craft-precessing","18":"product_tag-wrought-iron-machine","20":"first","21":"instock","22":"shipping-taxable","23":"product-type-simple","24":"entry","25":"content-bg","26":"loop-entry"},"_links":{"self":[{"href":"https:\/\/zzlcmachinery.com\/fi\/wp-json\/wp\/v2\/product\/573","targetHints":{"allow":["GET"]}}],"collection":[{"href":"https:\/\/zzlcmachinery.com\/fi\/wp-json\/wp\/v2\/product"}],"about":[{"href":"https:\/\/zzlcmachinery.com\/fi\/wp-json\/wp\/v2\/types\/product"}],"version-history":[{"count":0,"href":"https:\/\/zzlcmachinery.com\/fi\/wp-json\/wp\/v2\/product\/573\/revisions"}],"wp:featuredmedia":[{"embeddable":true,"href":"https:\/\/zzlcmachinery.com\/fi\/wp-json\/wp\/v2\/media\/583"}],"wp:attachment":[{"href":"https:\/\/zzlcmachinery.com\/fi\/wp-json\/wp\/v2\/media?parent=573"}],"wp:term":[{"taxonomy":"product_brand","embeddable":true,"href":"https:\/\/zzlcmachinery.com\/fi\/wp-json\/wp\/v2\/product_brand?post=573"},{"taxonomy":"product_cat","embeddable":true,"href":"https:\/\/zzlcmachinery.com\/fi\/wp-json\/wp\/v2\/product_cat?post=573"},{"taxonomy":"product_tag","embeddable":true,"href":"https:\/\/zzlcmachinery.com\/fi\/wp-json\/wp\/v2\/product_tag?post=573"}],"curies":[{"name":"wp","href":"https:\/\/api.w.org\/{rel}","templated":true}]}}