{"id":552,"date":"2022-09-26T18:37:04","date_gmt":"2022-09-26T10:37:04","guid":{"rendered":"https:\/\/zzlcmachinery.com\/?post_type=product&#038;p=552"},"modified":"2022-11-22T16:42:46","modified_gmt":"2022-11-22T08:42:46","slug":"lc-dn25c-metal-processing-equipment-steel-bar-twisting-machine-for-wrought-iron","status":"publish","type":"product","link":"https:\/\/zzlcmachinery.com\/fi\/tuote\/lc-dn25c-metal-processing-equipment-steel-bar-twisting-machine-for-wrought-iron\/","title":{"rendered":"LC-DN25C metallink\u00e4sittelylaitteet ter\u00e4stangon kiertokone takorautaa varten"},"content":{"rendered":"","protected":false},"excerpt":{"rendered":"<p>LC-DN25C metallinjalostuslaitteet ter\u00e4stangon kierrekone takorautaa varten, jota k\u00e4ytet\u00e4\u00e4n p\u00e4\u00e4asiassa rautametallin k\u00e4sittelyyn, kuten tasainen rauta, py\u00f6re\u00e4 ter\u00e4s, neli\u00f6ter\u00e4s, koneessa on manuaalinen asetus ja automaattiset toistok\u00e4sittelytoiminnot, jotka voivat varmistaa tuotteen k\u00e4sittelyn tasaisuuden , v\u00e4hent\u00e4\u00e4 ty\u00f6aikaa ja ty\u00f6voiman intensiteetti\u00e4,On yksinkertaista tehd\u00e4 metallink\u00e4sittely, jolla on samat spesifikaatiot eriss\u00e4.<br \/>\nKaran nopeus tasainen, taipuva karkea ja varmistaa, ett\u00e4 pienempi profiili ja kone voivat k\u00e4ytt\u00e4\u00e4 maksimaalista ty\u00f6kapasiteettiaan. Kierr\u00e4tyskone antaa satunnaisesti 9 sarjaa vapaita muotteja, ja 5 minuuttia riitt\u00e4\u00e4 uuden muotin vaihtamiseen.Matel-kierr\u00e4tyskoneen maksimik\u00e4sittelykapasiteetti on 25x25mm neli\u00f6ter\u00e4st\u00e4, 30x8mm lattarautaa.<br \/>\nKierre, jonka pituus on 200-800 mm, voidaan kiert\u00e4\u00e4, ja yli 800 mm pitki\u00e4 osioittain. Korkea tuotantotehokkuus, 600 kappaletta 12x12mm neli\u00f6m\u00e4ist\u00e4 ter\u00e4st\u00e4 voidaan kiert\u00e4\u00e4 tunnissa.<br \/>\n24 tunnin verkkopalvelu, kerro meille, jos sinulla on kysytt\u00e4v\u00e4\u00e4!<br \/>\n<strong>TEKNINEN PARAMETRI<br \/>\n<\/strong><strong>Malli: LC-DN25C<br \/>\nMax ty\u00f6kyky:<\/strong> Pituus\u2264200-800 mm<br \/>\n<strong>Neli\u00f6nmuotoinen ter\u00e4s<\/strong> \u226425\u00d725 mm<br \/>\n<strong>Tasainen rauta<\/strong> \u226430x8mm<br \/>\n<strong>Teho:<\/strong> 4 kW<br \/>\n<strong>Ilmaisille kuoleille:<\/strong>6 sarjaa neli\u00f6m\u00e4ist\u00e4 ter\u00e4st\u00e4, 3 sarjaa litte\u00e4\u00e4 rautaa<br \/>\n<strong>J\u00e4nnite:<\/strong>\u00a0220V\/380V\/415V<br \/>\n<strong>Pakkauksen mitat:<\/strong> 1400\u00d7620\u00d71100mm<br \/>\n<strong>NW (kg):<\/strong> 550\u00a0 \u00a0 \u00a0 <strong>GW (kg):<\/strong> 600<\/p>","protected":false},"featured_media":572,"template":"","meta":{"_kad_post_transparent":"default","_kad_post_title":"","_kad_post_layout":"default","_kad_post_sidebar_id":"","_kad_post_content_style":"default","_kad_post_vertical_padding":"default","_kad_post_feature":"","_kad_post_feature_position":"","_kad_post_header":false,"_kad_post_footer":false},"product_brand":[],"product_cat":[20,29],"product_tag":[113,112,107,108,109,110,111,106],"class_list":{"0":"post-552","1":"product","2":"type-product","3":"status-publish","4":"has-post-thumbnail","6":"product_cat-wrought-iron-twisting-machine","7":"product_cat-electric-wrought-iron-processing-machine","8":"product_tag-basket-iron-metal-twisting-machine","9":"product_tag-electric-twist-machine","10":"product_tag-electric-wrought-iron-end-folding-machine-for-sale","11":"product_tag-iron-bar-twisting-machine","12":"product_tag-torsion-and-twisting-machine","13":"product_tag-twisting-bending-machine","14":"product_tag-wrought-iron-machine","15":"product_tag-wrought-iron-picket-basket-twister-machine","17":"first","18":"instock","19":"shipping-taxable","20":"product-type-simple","21":"entry","22":"content-bg","23":"loop-entry"},"_links":{"self":[{"href":"https:\/\/zzlcmachinery.com\/fi\/wp-json\/wp\/v2\/product\/552","targetHints":{"allow":["GET"]}}],"collection":[{"href":"https:\/\/zzlcmachinery.com\/fi\/wp-json\/wp\/v2\/product"}],"about":[{"href":"https:\/\/zzlcmachinery.com\/fi\/wp-json\/wp\/v2\/types\/product"}],"version-history":[{"count":0,"href":"https:\/\/zzlcmachinery.com\/fi\/wp-json\/wp\/v2\/product\/552\/revisions"}],"wp:featuredmedia":[{"embeddable":true,"href":"https:\/\/zzlcmachinery.com\/fi\/wp-json\/wp\/v2\/media\/572"}],"wp:attachment":[{"href":"https:\/\/zzlcmachinery.com\/fi\/wp-json\/wp\/v2\/media?parent=552"}],"wp:term":[{"taxonomy":"product_brand","embeddable":true,"href":"https:\/\/zzlcmachinery.com\/fi\/wp-json\/wp\/v2\/product_brand?post=552"},{"taxonomy":"product_cat","embeddable":true,"href":"https:\/\/zzlcmachinery.com\/fi\/wp-json\/wp\/v2\/product_cat?post=552"},{"taxonomy":"product_tag","embeddable":true,"href":"https:\/\/zzlcmachinery.com\/fi\/wp-json\/wp\/v2\/product_tag?post=552"}],"curies":[{"name":"wp","href":"https:\/\/api.w.org\/{rel}","templated":true}]}}