{"id":518,"date":"2022-09-21T19:15:14","date_gmt":"2022-09-21T11:15:14","guid":{"rendered":"https:\/\/zzlcmachinery.com\/?post_type=product&#038;p=518"},"modified":"2022-11-22T16:37:52","modified_gmt":"2022-11-22T08:37:52","slug":"lc-f4-electric-multifunction-flat-steel-fishtail-end-forming-machine-for-metal-craft","status":"publish","type":"product","link":"https:\/\/zzlcmachinery.com\/fi\/tuote\/lc-f4-electric-multifunction-flat-steel-fishtail-end-forming-machine-for-metal-craft\/","title":{"rendered":"LC-F4 s\u00e4hk\u00f6inen monitoiminen litte\u00e4 ter\u00e4ksinen kalah\u00e4nt\u00e4p\u00e4\u00e4n muotoilukone metallik\u00e4sity\u00f6lle"},"content":{"rendered":"","protected":false},"excerpt":{"rendered":"<p>T\u00e4m\u00e4 LC-F4 s\u00e4hk\u00f6inen monitoiminen litte\u00e4ter\u00e4ksinen kalanpyrst\u00f6kone metallialuksiin on monitoiminen kalanpyrst\u00f6kone, joka ei voi vain ty\u00f6st\u00e4\u00e4 litte\u00e4\u00e4 rautaa, py\u00f6re\u00e4\u00e4 ter\u00e4st\u00e4, neli\u00f6m\u00e4ist\u00e4 ter\u00e4st\u00e4 kalanpyrst\u00f6n muotoon (kalanh\u00e4nt\u00e4 hienolla kuviolla tai kalanh\u00e4nt\u00e4 paksu kuvio), mutta se voi my\u00f6s puristaa ter\u00e4vi\u00e4 ja litteit\u00e4 kuvioita. T\u00e4m\u00e4 kone on eritt\u00e4in kustannustehokas kalanpyrst\u00f6koneiden hankinnassa! On huomattava, ett\u00e4 t\u00e4m\u00e4n LC-F4 kalanpyrst\u00f6koneen on ensin l\u00e4mmitett\u00e4v\u00e4 materiaali ja sitten k\u00e4sitelt\u00e4v\u00e4 se, mik\u00e4 on kuumapuristuskone.<br \/>\nT\u00e4m\u00e4 kone on suunniteltu erityisell\u00e4 ep\u00e4keskoakselin muotilla, k\u00e4ytt\u00f6ik\u00e4 on kolme kertaa F3-kalanh\u00e4nt\u00e4koneen k\u00e4ytt\u00f6ik\u00e4.<br \/>\n24 tunnin verkkopalvelu, kerro meille, jos sinulla on kysytt\u00e4v\u00e4\u00e4!<br \/>\n<strong>TEKNINEN PARAMETRI<br \/>\n<\/strong><strong>Malli: LC-F4<br \/>\nTasainen rauta:<\/strong> \u22648\u00d750mm<br \/>\n<strong>Py\u00f6re\u00e4 ter\u00e4s:<\/strong> \u03c616mm<br \/>\n<strong>Neli\u00f6m\u00e4inen ter\u00e4s:<\/strong> \u226416\u00d716mm<br \/>\n<strong>Teho:<\/strong> 2,2 kW<br \/>\n<strong>J\u00e4nnite:<\/strong>\u00a0220V\/380V\/415V<br \/>\n<strong>Pakkauksen mitat:<\/strong> 1220\u00d7600\u00d71250mm<br \/>\n<strong>NW (kg):<\/strong> 290<br \/>\n<strong>GW (kg):<\/strong> 340<\/p>","protected":false},"featured_media":522,"template":"","meta":{"_kad_post_transparent":"default","_kad_post_title":"","_kad_post_layout":"default","_kad_post_sidebar_id":"","_kad_post_content_style":"default","_kad_post_vertical_padding":"default","_kad_post_feature":"","_kad_post_feature_position":"","_kad_post_header":false,"_kad_post_footer":false},"product_brand":[],"product_cat":[29,24],"product_tag":[79,86,87,90,80,88,85,83,89],"class_list":{"0":"post-518","1":"product","2":"type-product","3":"status-publish","4":"has-post-thumbnail","6":"product_cat-electric-wrought-iron-processing-machine","7":"product_cat-wrought-iron-fishtail-forging-machine","8":"product_tag-blacksmith-rolling-mill-for-sale","9":"product_tag-china-hot-roll-fishtail-making-mchine","10":"product_tag-die-for-wrought-iron-fishtail-making-machine","11":"product_tag-electric-multifunction-flat-steel-fishtail-end-forming-machine-for-metal-craft","12":"product_tag-fishtail-end-forging-machine","13":"product_tag-fishtail-machine-supplier-and-manufacturer-in-china","14":"product_tag-flat-steel-fishtail-end-forming-machine","15":"product_tag-hot-roll-fishtail-mill-machine","16":"product_tag-metal-fishtail-coining-machine-wrought-iron-machine","18":"first","19":"instock","20":"shipping-taxable","21":"product-type-simple","22":"entry","23":"content-bg","24":"loop-entry"},"_links":{"self":[{"href":"https:\/\/zzlcmachinery.com\/fi\/wp-json\/wp\/v2\/product\/518","targetHints":{"allow":["GET"]}}],"collection":[{"href":"https:\/\/zzlcmachinery.com\/fi\/wp-json\/wp\/v2\/product"}],"about":[{"href":"https:\/\/zzlcmachinery.com\/fi\/wp-json\/wp\/v2\/types\/product"}],"version-history":[{"count":0,"href":"https:\/\/zzlcmachinery.com\/fi\/wp-json\/wp\/v2\/product\/518\/revisions"}],"wp:featuredmedia":[{"embeddable":true,"href":"https:\/\/zzlcmachinery.com\/fi\/wp-json\/wp\/v2\/media\/522"}],"wp:attachment":[{"href":"https:\/\/zzlcmachinery.com\/fi\/wp-json\/wp\/v2\/media?parent=518"}],"wp:term":[{"taxonomy":"product_brand","embeddable":true,"href":"https:\/\/zzlcmachinery.com\/fi\/wp-json\/wp\/v2\/product_brand?post=518"},{"taxonomy":"product_cat","embeddable":true,"href":"https:\/\/zzlcmachinery.com\/fi\/wp-json\/wp\/v2\/product_cat?post=518"},{"taxonomy":"product_tag","embeddable":true,"href":"https:\/\/zzlcmachinery.com\/fi\/wp-json\/wp\/v2\/product_tag?post=518"}],"curies":[{"name":"wp","href":"https:\/\/api.w.org\/{rel}","templated":true}]}}