{"id":505,"date":"2022-09-19T20:51:29","date_gmt":"2022-09-19T12:51:29","guid":{"rendered":"https:\/\/zzlcmachinery.com\/?post_type=product&#038;p=505"},"modified":"2022-11-22T16:11:14","modified_gmt":"2022-11-22T08:11:14","slug":"lc-dw16e-wrought-iron-scroll-forming-machine-with-factory-price","status":"publish","type":"product","link":"https:\/\/zzlcmachinery.com\/fi\/tuote\/lc-dw16e-wrought-iron-scroll-forming-machine-with-factory-price\/","title":{"rendered":"LC-DW16E takorautarullamuovauskone tehdashinnalla"},"content":{"rendered":"","protected":false},"excerpt":{"rendered":"<p>LC-DW16E takorautarullamuovauskone tehdashinnalla eroaa LC-DW16C:st\u00e4 ja LC-DW16D:st\u00e4. Ruletti ja estovarsi on p\u00e4ivitetty. T\u00e4m\u00e4 kone ei vain s\u00e4ilyt\u00e4 alkuper\u00e4isen annostelumuodon prosessointikapasiteettia, vaan my\u00f6s vastaa 6 eritt\u00e4in suurta muottia, mik\u00e4 lis\u00e4\u00e4 kokoa. Siksi k\u00e4sitellyn kuvion koko on paljon suurempi ja toiminta on mukavampaa. Se on hyv\u00e4 valinta sepp\u00e4pajoille ja metallinjalostustehtaille laajentamaan koneen ty\u00f6st\u00f6valikoimaa.<br \/>\n24 tunnin verkkopalvelu, kerro meille, jos sinulla on kysytt\u00e4v\u00e4\u00e4!<br \/>\n<strong>TEKNINEN PARAMETRI<br \/>\n<\/strong><strong>Malli: LC-DW16E<br \/>\nTasainen rauta:<\/strong> \u22648\u00d750mm<br \/>\n<strong>Py\u00f6re\u00e4 ter\u00e4s:<\/strong> \u03c616mm<br \/>\n<strong>Neli\u00f6m\u00e4inen ter\u00e4s:<\/strong> \u226416\u00d716mm<br \/>\n<strong>K\u00e4sittelynopeus:<\/strong> 500 kpl\/H<br \/>\n<strong>Teho:<\/strong> 2,2 kW<br \/>\n<strong>J\u00e4nnite:<\/strong>\u00a0220V\/380V\/415V<br \/>\n<strong>Pakkauksen mitat:<\/strong> 1900\u00d7710\u00d71420mm<br \/>\n<strong>NW (kg):<\/strong> 1180<br \/>\n<strong>GW (kg):<\/strong> 1300<\/p>","protected":false},"featured_media":498,"template":"","meta":{"_kad_post_transparent":"default","_kad_post_title":"","_kad_post_layout":"default","_kad_post_sidebar_id":"","_kad_post_content_style":"default","_kad_post_vertical_padding":"default","_kad_post_feature":"","_kad_post_feature_position":"","_kad_post_header":false,"_kad_post_footer":false},"product_brand":[],"product_cat":[29,27],"product_tag":[77,76,70,78,71,49,74,66,72,73],"class_list":{"0":"post-505","1":"product","2":"type-product","3":"status-publish","4":"has-post-thumbnail","6":"product_cat-electric-wrought-iron-processing-machine","7":"product_cat-electric-scroll-bending-machine","8":"product_tag-dies-for-scrolling-bending-machine","9":"product_tag-electric-flat-iron-scroll-bending-machine","10":"product_tag-electric-ornamental-bender","11":"product_tag-electric-round-steell-scroll-bending-machine","12":"product_tag-electric-scroll-benders","13":"product_tag-electric-scroll-bending-machine","14":"product_tag-electric-square-steel-scroll-bending-machine","15":"product_tag-metal-roller-bender-for-sale","16":"product_tag-metal-scroll-bender","17":"product_tag-wrought-iron-scrolling","19":"first","20":"instock","21":"shipping-taxable","22":"product-type-simple","23":"entry","24":"content-bg","25":"loop-entry"},"_links":{"self":[{"href":"https:\/\/zzlcmachinery.com\/fi\/wp-json\/wp\/v2\/product\/505","targetHints":{"allow":["GET"]}}],"collection":[{"href":"https:\/\/zzlcmachinery.com\/fi\/wp-json\/wp\/v2\/product"}],"about":[{"href":"https:\/\/zzlcmachinery.com\/fi\/wp-json\/wp\/v2\/types\/product"}],"version-history":[{"count":0,"href":"https:\/\/zzlcmachinery.com\/fi\/wp-json\/wp\/v2\/product\/505\/revisions"}],"wp:featuredmedia":[{"embeddable":true,"href":"https:\/\/zzlcmachinery.com\/fi\/wp-json\/wp\/v2\/media\/498"}],"wp:attachment":[{"href":"https:\/\/zzlcmachinery.com\/fi\/wp-json\/wp\/v2\/media?parent=505"}],"wp:term":[{"taxonomy":"product_brand","embeddable":true,"href":"https:\/\/zzlcmachinery.com\/fi\/wp-json\/wp\/v2\/product_brand?post=505"},{"taxonomy":"product_cat","embeddable":true,"href":"https:\/\/zzlcmachinery.com\/fi\/wp-json\/wp\/v2\/product_cat?post=505"},{"taxonomy":"product_tag","embeddable":true,"href":"https:\/\/zzlcmachinery.com\/fi\/wp-json\/wp\/v2\/product_tag?post=505"}],"curies":[{"name":"wp","href":"https:\/\/api.w.org\/{rel}","templated":true}]}}