{"id":476,"date":"2022-09-18T16:47:50","date_gmt":"2022-09-18T08:47:50","guid":{"rendered":"https:\/\/zzlcmachinery.com\/?post_type=product&#038;p=476"},"modified":"2022-11-22T16:06:50","modified_gmt":"2022-11-22T08:06:50","slug":"lc-dw16d-wrought-iron-metal-scroll-bender-automatic-scroll-bending-machine-for-processing-gate-and-windows","status":"publish","type":"product","link":"https:\/\/zzlcmachinery.com\/fi\/tuote\/lc-dw16d-wrought-iron-metal-scroll-bender-automatic-scroll-bending-machine-for-processing-gate-and-windows\/","title":{"rendered":"LC-DW16D takorautainen metallirulla taivutin automaattinen rullataivutuskone portin ja ikkunoiden k\u00e4sittelyyn"},"content":{"rendered":"","protected":false},"excerpt":{"rendered":"<p>T\u00e4m\u00e4 LC-DW16D takorautametallinen rullataivutuskone automaattinen rullataivutuskone porttien ja ikkunoiden k\u00e4sittelyyn soveltuu eritt\u00e4in hyvin sepp\u00e4pajaa tai eurooppalaista metallink\u00e4sittelyn aloittelijakoulutusta pit\u00e4v\u00e4lle henkil\u00f6lle. T\u00e4m\u00e4n koneen mukana tulee 9 sarjaa ilmaisia muotteja , joista 6 sarjaa muotteja k\u00e4ytet\u00e4\u00e4n erikokoisten C-, P-, S-kuvioiden taivutukseen ja loput 3 muottisarjaa k\u00e4ytet\u00e4\u00e4n erikoismuotoisten kuvioiden, kuten Kaarevien kaarien, kaarevien kulmien k\u00e4sittelyyn. , suoristettuja, kaarevia pieni\u00e4 ympyr\u00f6it\u00e4 jne.<br \/>\n24 tunnin verkkopalvelu, odottaa kysely\u00e4si!<br \/>\n<strong>TEKNINEN PARAMETRI<br \/>\n<\/strong><strong>Malli: LC-DW16D<br \/>\nTasainen rauta:<\/strong> \u22648\u00d750mm<br \/>\n<strong>Py\u00f6re\u00e4 ter\u00e4s:<\/strong> \u03c616mm<br \/>\n<strong>Neli\u00f6m\u00e4inen ter\u00e4s:<\/strong> \u226416\u00d716mm<br \/>\n<strong>Vierint\u00e4nopeus:<\/strong> 500 kpl\/H<br \/>\n<strong>Teho:<\/strong> 2,2 kW<br \/>\n<strong>J\u00e4nnite:<\/strong>\u00a0220V\/380V\/415V<br \/>\n<strong>Pakkauksen mitat:<\/strong> 1000\u00d7700\u00d71200mm<br \/>\n<strong>NW (kg):<\/strong> 420<br \/>\n<strong>GW (kg):<\/strong> 450<\/p>","protected":false},"featured_media":478,"template":"","meta":{"_kad_post_transparent":"default","_kad_post_title":"","_kad_post_layout":"default","_kad_post_sidebar_id":"","_kad_post_content_style":"default","_kad_post_vertical_padding":"default","_kad_post_feature":"","_kad_post_feature_position":"","_kad_post_header":false,"_kad_post_footer":false},"product_brand":[],"product_cat":[29,27],"product_tag":[68,64,65,66,67,51],"class_list":{"0":"post-476","1":"product","2":"type-product","3":"status-publish","4":"has-post-thumbnail","6":"product_cat-electric-wrought-iron-processing-machine","7":"product_cat-electric-scroll-bending-machine","8":"product_tag-3-special-shaped-device-molds-for-electric-scroll-bending-machine","9":"product_tag-electric-metal-bender-for-sale","10":"product_tag-induction-forge-for-sale","11":"product_tag-metal-roller-bender-for-sale","12":"product_tag-scroll-bender","13":"product_tag-wrought-iron-bending-machine","15":"first","16":"instock","17":"shipping-taxable","18":"product-type-simple","19":"entry","20":"content-bg","21":"loop-entry"},"_links":{"self":[{"href":"https:\/\/zzlcmachinery.com\/fi\/wp-json\/wp\/v2\/product\/476","targetHints":{"allow":["GET"]}}],"collection":[{"href":"https:\/\/zzlcmachinery.com\/fi\/wp-json\/wp\/v2\/product"}],"about":[{"href":"https:\/\/zzlcmachinery.com\/fi\/wp-json\/wp\/v2\/types\/product"}],"version-history":[{"count":0,"href":"https:\/\/zzlcmachinery.com\/fi\/wp-json\/wp\/v2\/product\/476\/revisions"}],"wp:featuredmedia":[{"embeddable":true,"href":"https:\/\/zzlcmachinery.com\/fi\/wp-json\/wp\/v2\/media\/478"}],"wp:attachment":[{"href":"https:\/\/zzlcmachinery.com\/fi\/wp-json\/wp\/v2\/media?parent=476"}],"wp:term":[{"taxonomy":"product_brand","embeddable":true,"href":"https:\/\/zzlcmachinery.com\/fi\/wp-json\/wp\/v2\/product_brand?post=476"},{"taxonomy":"product_cat","embeddable":true,"href":"https:\/\/zzlcmachinery.com\/fi\/wp-json\/wp\/v2\/product_cat?post=476"},{"taxonomy":"product_tag","embeddable":true,"href":"https:\/\/zzlcmachinery.com\/fi\/wp-json\/wp\/v2\/product_tag?post=476"}],"curies":[{"name":"wp","href":"https:\/\/api.w.org\/{rel}","templated":true}]}}