{"id":456,"date":"2022-09-16T14:18:00","date_gmt":"2022-09-16T06:18:00","guid":{"rendered":"https:\/\/zzlcmachinery.com\/?post_type=product&#038;p=456"},"modified":"2022-09-21T21:59:14","modified_gmt":"2022-09-21T13:59:14","slug":"lc-dl60c-metal-tube-wrought-iron-cold-rolling-embossing-machine-for-sale","status":"publish","type":"product","link":"https:\/\/zzlcmachinery.com\/fi\/tuote\/lc-dl60c-metal-tube-wrought-iron-cold-rolling-embossing-machine-for-sale\/","title":{"rendered":"LC-DL60C metalliputken takorautakylm\u00e4valssattu kohokuviointikone myyt\u00e4v\u00e4n\u00e4"},"content":{"rendered":"","protected":false},"excerpt":{"rendered":"<p>T\u00e4m\u00e4 LC-DL60C metalliputki takorauta kylm\u00e4valssaus kohokuviointikone myyt\u00e4v\u00e4n\u00e4 on ammattimainen laite kylm\u00e4valssaukseen tai metallimateriaalien takomiseen. T\u00e4m\u00e4n koneen n\u00e4kyvin toiminto on, ett\u00e4 se pystyy k\u00e4sittelem\u00e4\u00e4n portaiden kaiteen putkia ja muuttamaan tavallisen py\u00f6re\u00e4n putken portaiden kaiteen muotoilemalla py\u00f6re\u00e4\u00e4 putkea. muoto, satunnainen 2 sarjaa ilmaisia muotteja portaiden kaiteisiin ja 15 sarjaa muita ilmaisia muotteja (muotit lattaraudalle, neli\u00f6ter\u00e4kselle, py\u00f6re\u00e4lle ter\u00e4kselle, neli\u00f6putkimateriaaleille), tarjoamme ilmaisen mukautetun muottipalvelun, odotamme kysely\u00e4si!<br \/>\n<strong>TEKNINEN PARAMETRI<br \/>\n<\/strong><strong>Malli: LC-DL60C<\/strong><br \/>\n<strong>Tasainen rauta:<\/strong>\u00a0\u226410\u00d760mm<br \/>\n<strong>Neli\u00f6m\u00e4inen ter\u00e4s:<\/strong>\u00a0\u226425\u00d725mm<br \/>\n<strong>Neli\u00f6putki:<\/strong>\u00a0\u226460\u00d760mm<br \/>\n<strong>Vierint\u00e4nopeus:<\/strong> 308 M\/H<br \/>\n<strong>Teho:<\/strong> 7,5 kW<br \/>\n<strong>J\u00e4nnite:<\/strong> 220V\/380V\/415V 50HZ<br \/>\n<strong>Pakkauksen mitat:<\/strong>\u00a01900\u00d7710\u00d71420mm<br \/>\n<strong>NW (kg):<\/strong> 1310<br \/>\n<strong>GW (kg):<\/strong> 1410<\/p>","protected":false},"featured_media":463,"template":"","meta":{"_kad_post_transparent":"default","_kad_post_title":"hide","_kad_post_layout":"fullwidth","_kad_post_sidebar_id":"","_kad_post_content_style":"unboxed","_kad_post_vertical_padding":"hide","_kad_post_feature":"hide","_kad_post_feature_position":"","_kad_post_header":false,"_kad_post_footer":false},"product_brand":[],"product_cat":[29,19],"product_tag":[47,62,61,63,45,60,58,59],"class_list":{"0":"post-456","1":"product","2":"type-product","3":"status-publish","4":"has-post-thumbnail","6":"product_cat-electric-wrought-iron-processing-machine","7":"product_cat-cold-rolling-embossing-machine","8":"product_tag-cold-rolling-embossing-machine","9":"product_tag-electric-wrought-iron-machine","10":"product_tag-iron-ornamental-embossing-machine","11":"product_tag-lc-dl60c-handrail-dies-options-for-round-pipe-embossing-machine","12":"product_tag-steel-pipe-roller-embossing-machine","13":"product_tag-the-round-tube-becomes-a-stair-handrail-after-being-processed-by-the-tube-embossing-machine","14":"product_tag-tube-embossing-machine","15":"product_tag-wrought-iron-cold-rolling-embossing-machine","17":"first","18":"instock","19":"shipping-taxable","20":"product-type-simple","21":"entry","22":"content-bg","23":"loop-entry"},"_links":{"self":[{"href":"https:\/\/zzlcmachinery.com\/fi\/wp-json\/wp\/v2\/product\/456","targetHints":{"allow":["GET"]}}],"collection":[{"href":"https:\/\/zzlcmachinery.com\/fi\/wp-json\/wp\/v2\/product"}],"about":[{"href":"https:\/\/zzlcmachinery.com\/fi\/wp-json\/wp\/v2\/types\/product"}],"version-history":[{"count":0,"href":"https:\/\/zzlcmachinery.com\/fi\/wp-json\/wp\/v2\/product\/456\/revisions"}],"wp:featuredmedia":[{"embeddable":true,"href":"https:\/\/zzlcmachinery.com\/fi\/wp-json\/wp\/v2\/media\/463"}],"wp:attachment":[{"href":"https:\/\/zzlcmachinery.com\/fi\/wp-json\/wp\/v2\/media?parent=456"}],"wp:term":[{"taxonomy":"product_brand","embeddable":true,"href":"https:\/\/zzlcmachinery.com\/fi\/wp-json\/wp\/v2\/product_brand?post=456"},{"taxonomy":"product_cat","embeddable":true,"href":"https:\/\/zzlcmachinery.com\/fi\/wp-json\/wp\/v2\/product_cat?post=456"},{"taxonomy":"product_tag","embeddable":true,"href":"https:\/\/zzlcmachinery.com\/fi\/wp-json\/wp\/v2\/product_tag?post=456"}],"curies":[{"name":"wp","href":"https:\/\/api.w.org\/{rel}","templated":true}]}}