{"id":433,"date":"2022-09-14T17:37:52","date_gmt":"2022-09-14T09:37:52","guid":{"rendered":"https:\/\/zzlcmachinery.com\/?post_type=product&#038;p=433"},"modified":"2022-11-22T16:02:54","modified_gmt":"2022-11-22T08:02:54","slug":"lc-dw16c-electric-scroll-bending-machine-wrought-iron-machine","status":"publish","type":"product","link":"https:\/\/zzlcmachinery.com\/fi\/tuote\/lc-dw16c-electric-scroll-bending-machine-wrought-iron-machine\/","title":{"rendered":"LC-DW16C Electric Scroll taivutuskone takorautakone"},"content":{"rendered":"","protected":false},"excerpt":{"rendered":"<p>T\u00e4m\u00e4 LC-DW16C s\u00e4hk\u00f6inen rullataivutuskone takorautakone sopii rautaporttien, aitojen ja portaiden valmistukseen. T\u00e4m\u00e4 kone voi k\u00e4sitell\u00e4 erilaisia kuviomuotteja, tukee mukautettuja muotteja ja sis\u00e4lt\u00e4\u00e4 6 sarjaa satunnaisia hihnamuotteja toimitettaessa. Sill\u00e4 on tehokkaat toiminnot ja se voi taivuttaa erilaisia C-, P-, S-kuvioiden spesifikaatioita. Se soveltuu erikokoisten tuotekuvioiden k\u00e4sittelyyn. Jos sinulla on kysytt\u00e4v\u00e4\u00e4, voit j\u00e4tt\u00e4\u00e4 meille viestin!<br \/>\n<strong>TEKNINEN PARAMETRI<br \/>\n<\/strong><strong>Malli: LC-DW16C<br \/>\nTasainen rauta:<\/strong> \u22648\u00d750mm<br \/>\n<strong>Py\u00f6re\u00e4 ter\u00e4s:<\/strong> \u03c616mm<br \/>\n<strong>Neli\u00f6m\u00e4inen ter\u00e4s:<\/strong> \u226416\u00d716mm<br \/>\n<strong>Vierint\u00e4nopeus:<\/strong>\u00a0380M\/H<br \/>\n<strong>Teho:<\/strong> 2,2 kW<br \/>\n<strong>J\u00e4nnite:<\/strong>\u00a0220V\/380V\/415V<br \/>\n<strong>Pakkauksen mitat:<\/strong> 1000\u00d7700\u00d71200mm<br \/>\n<strong>NW (kg):<\/strong> 310<br \/>\n<strong>GW (kg):<\/strong> 370<\/p>","protected":false},"featured_media":435,"template":"","meta":{"_kad_post_transparent":"default","_kad_post_title":"","_kad_post_layout":"default","_kad_post_sidebar_id":"","_kad_post_content_style":"default","_kad_post_vertical_padding":"default","_kad_post_feature":"","_kad_post_feature_position":"","_kad_post_header":false,"_kad_post_footer":false},"product_brand":[],"product_cat":[29,27],"product_tag":[49,52,51,50],"class_list":{"0":"post-433","1":"product","2":"type-product","3":"status-publish","4":"has-post-thumbnail","6":"product_cat-electric-wrought-iron-processing-machine","7":"product_cat-electric-scroll-bending-machine","8":"product_tag-electric-scroll-bending-machine","9":"product_tag-wrought-iron-bender","10":"product_tag-wrought-iron-bending-machine","11":"product_tag-wrought-iron-processing-machine","13":"first","14":"instock","15":"shipping-taxable","16":"product-type-simple","17":"entry","18":"content-bg","19":"loop-entry"},"_links":{"self":[{"href":"https:\/\/zzlcmachinery.com\/fi\/wp-json\/wp\/v2\/product\/433","targetHints":{"allow":["GET"]}}],"collection":[{"href":"https:\/\/zzlcmachinery.com\/fi\/wp-json\/wp\/v2\/product"}],"about":[{"href":"https:\/\/zzlcmachinery.com\/fi\/wp-json\/wp\/v2\/types\/product"}],"version-history":[{"count":0,"href":"https:\/\/zzlcmachinery.com\/fi\/wp-json\/wp\/v2\/product\/433\/revisions"}],"wp:featuredmedia":[{"embeddable":true,"href":"https:\/\/zzlcmachinery.com\/fi\/wp-json\/wp\/v2\/media\/435"}],"wp:attachment":[{"href":"https:\/\/zzlcmachinery.com\/fi\/wp-json\/wp\/v2\/media?parent=433"}],"wp:term":[{"taxonomy":"product_brand","embeddable":true,"href":"https:\/\/zzlcmachinery.com\/fi\/wp-json\/wp\/v2\/product_brand?post=433"},{"taxonomy":"product_cat","embeddable":true,"href":"https:\/\/zzlcmachinery.com\/fi\/wp-json\/wp\/v2\/product_cat?post=433"},{"taxonomy":"product_tag","embeddable":true,"href":"https:\/\/zzlcmachinery.com\/fi\/wp-json\/wp\/v2\/product_tag?post=433"}],"curies":[{"name":"wp","href":"https:\/\/api.w.org\/{rel}","templated":true}]}}