{"id":361,"date":"2022-12-14T00:01:11","date_gmt":"2022-12-13T16:01:11","guid":{"rendered":"https:\/\/zzlcmachinery.com\/?post_type=product&#038;p=361"},"modified":"2022-12-14T00:41:27","modified_gmt":"2022-12-13T16:41:27","slug":"jk-100-metal-sheet-embossing-machine-manufacturers-suppliers","status":"publish","type":"product","link":"https:\/\/zzlcmachinery.com\/fi\/tuote\/jk-100-metal-sheet-embossing-machine-manufacturers-suppliers\/","title":{"rendered":"JK-100 metallilevyjen kohokuviointikoneiden valmistajat ja toimittajat"},"content":{"rendered":"","protected":false},"excerpt":{"rendered":"<p>T\u00e4m\u00e4 JK-100 metallilevyn kohokuviointikoneen valmistaja ja toimittaja on ammattimainen kone rautalevyn k\u00e4sittelyyn. Materiaalit, joita voidaan k\u00e4sitell\u00e4, ovat: rautalevy, alumiinilevy, kuparilevy, ruostumaton ter\u00e4slevy ja niin edelleen. Siin\u00e4 on monia etuja, jotka tekev\u00e4t siit\u00e4 olennaisen koneen valinnan takorautaty\u00f6ss\u00e4:<br \/>\n1. Malli voidaan valita vapaasti, tarjoamme muotin r\u00e4\u00e4t\u00e4l\u00f6intipalvelua.<br \/>\n2. Koneen k\u00e4sittelynopeutta voidaan s\u00e4\u00e4t\u00e4\u00e4.<br \/>\n3. Kylm\u00e4valssattu metallilevy, kuvio on hieno ja se ei muutu.<br \/>\n4. Koneen k\u00e4sittelymateriaalin leveys ja paksuus voidaan r\u00e4\u00e4t\u00e4l\u00f6id\u00e4 asiakkaan materiaalin mukaan.<br \/>\n5. Halpa hinta korkea laatu, pieni CBM ja halpa rahti.<br \/>\n<strong>TEKNINEN PARAMETRI<\/strong><br \/>\n<strong>Materiaali:<\/strong>\u00a0Rautalevy, alumiinilevy, kuparilevy, ruostumaton ter\u00e4slevy<br \/>\n<strong>Materiaalin leveys: 100<\/strong>mm<br \/>\n<strong>Materiaalin paksuus<\/strong>: enint\u00e4\u00e4n 2 mm<br \/>\n<strong>Teho:<\/strong> 2.2KW (valssatun materiaalin leveyden ja paksuuden mukaan asiakkaiden todellisten tarpeiden mukaan)<br \/>\n<strong>J\u00e4nnite:<\/strong>\u00a0220V\/380V\/415V<br \/>\n<strong>Pakkauksen mitat:<\/strong>\u00a01500\u00d7710\u00d7800 mm<br \/>\n<strong>NW (kg):<\/strong>\u00a0350<br \/>\n<strong>GW (kg):<\/strong>\u00a0400<\/p>","protected":false},"featured_media":1542,"template":"","meta":{"_kad_post_transparent":"default","_kad_post_title":"","_kad_post_layout":"default","_kad_post_sidebar_id":"","_kad_post_content_style":"default","_kad_post_vertical_padding":"default","_kad_post_feature":"","_kad_post_feature_position":"","_kad_post_header":false,"_kad_post_footer":false},"product_brand":[],"product_cat":[19,29],"product_tag":[528,526,525,527,529,520,524,523],"class_list":{"0":"post-361","1":"product","2":"type-product","3":"status-publish","4":"has-post-thumbnail","6":"product_cat-cold-rolling-embossing-machine","7":"product_cat-electric-wrought-iron-processing-machine","8":"product_tag-china-metal-sheet-embossing-machine-factory-suppliers","9":"product_tag-low-price-automatic-metal-sheet-embossing-machine","10":"product_tag-metal-embossing-machine-line","11":"product_tag-metal-sheet-embossing-machine","12":"product_tag-metal-sheet-embossing-machine-at-best-price","13":"product_tag-metal-sheet-embossing-machine-manufacturers-suppliers","14":"product_tag-sheet-metal-embossing-machine","15":"product_tag-sheet-metal-manufacturing","17":"first","18":"instock","19":"shipping-taxable","20":"product-type-simple","21":"entry","22":"content-bg","23":"loop-entry"},"_links":{"self":[{"href":"https:\/\/zzlcmachinery.com\/fi\/wp-json\/wp\/v2\/product\/361","targetHints":{"allow":["GET"]}}],"collection":[{"href":"https:\/\/zzlcmachinery.com\/fi\/wp-json\/wp\/v2\/product"}],"about":[{"href":"https:\/\/zzlcmachinery.com\/fi\/wp-json\/wp\/v2\/types\/product"}],"version-history":[{"count":0,"href":"https:\/\/zzlcmachinery.com\/fi\/wp-json\/wp\/v2\/product\/361\/revisions"}],"wp:featuredmedia":[{"embeddable":true,"href":"https:\/\/zzlcmachinery.com\/fi\/wp-json\/wp\/v2\/media\/1542"}],"wp:attachment":[{"href":"https:\/\/zzlcmachinery.com\/fi\/wp-json\/wp\/v2\/media?parent=361"}],"wp:term":[{"taxonomy":"product_brand","embeddable":true,"href":"https:\/\/zzlcmachinery.com\/fi\/wp-json\/wp\/v2\/product_brand?post=361"},{"taxonomy":"product_cat","embeddable":true,"href":"https:\/\/zzlcmachinery.com\/fi\/wp-json\/wp\/v2\/product_cat?post=361"},{"taxonomy":"product_tag","embeddable":true,"href":"https:\/\/zzlcmachinery.com\/fi\/wp-json\/wp\/v2\/product_tag?post=361"}],"curies":[{"name":"wp","href":"https:\/\/api.w.org\/{rel}","templated":true}]}}