{"id":1552,"date":"2022-12-14T00:42:52","date_gmt":"2022-12-13T16:42:52","guid":{"rendered":"https:\/\/zzlcmachinery.com\/?post_type=product&#038;p=1552"},"modified":"2023-03-08T12:35:05","modified_gmt":"2023-03-08T04:35:05","slug":"jk-300-factory-directly-automatic-metal-sheet-embossing-machine","status":"publish","type":"product","link":"https:\/\/zzlcmachinery.com\/fi\/tuote\/jk-300-factory-directly-automatic-metal-sheet-embossing-machine\/","title":{"rendered":"JK-300 tehtaan suoraan automaattinen metallilevyn kohokuviointikone"},"content":{"rendered":"","protected":false},"excerpt":{"rendered":"<p>T\u00e4m\u00e4 JK-300 Factoryn suoraan automaattinen metallilevyjen kohokuviointikone voi k\u00e4sitell\u00e4 kylm\u00e4valssattuja rautalevyj\u00e4, alumiinilevyj\u00e4, ruostumattomia ter\u00e4slevyj\u00e4 ja levykuparilevyj\u00e4 asiakkaiden haluamille kuvioille. Muottisarja tulee satunnaisesti koneen mukana. Tekninen tiimimme voi tarjota ilmaisia r\u00e4\u00e4t\u00e4l\u00f6ityj\u00e4 suunnittelupalveluita muoteille. Erilaiset kuviovaihtoehdot antavat asiakkaille varmasti mahdollisuuden kilpailla kireill\u00e4 paikallisilla markkinoilla. Se erottuu kilpailijoista ainutlaatuisen kuvionsa ansiosta.<br \/>\nK\u00e4sitelty\u00e4 lopputuotetta voidaan edelleen leimata asiakkaan haluamaan muotoon ovenkarmiin, s\u00e4leikk\u00f6yn, ikkunan karmiin, ovipaneeliin, vihre\u00e4\u00e4n kaiteeseen jne. Kaikkea voidaan k\u00e4ytt\u00e4\u00e4 ohuissa kuviollisissa rautalevyiss\u00e4.<br \/>\n<strong>TEKNINEN PARAMETRI<\/strong><br \/>\n<strong>Materiaali:<\/strong>\u00a0Rautalevy, alumiinilevy, kuparilevy, ruostumaton ter\u00e4slevy<br \/>\n<strong>Materiaalin leveys: 300<\/strong>mm<br \/>\n<strong>Materiaalin paksuus<\/strong>: enint\u00e4\u00e4n 2 mm<br \/>\n<strong>Teho:<\/strong> 4KW (valssatun materiaalin leveyden ja paksuuden mukaan asiakkaiden todellisten tarpeiden mukaan)<br \/>\n<strong>J\u00e4nnite:<\/strong>\u00a0220V\/380V\/415V<br \/>\n<strong>Pakkauksen mitat:<\/strong>\u00a01500\u00d7710\u00d7800 mm<br \/>\n<strong>NW (kg):<\/strong>\u00a0350<br \/>\n<strong>GW (kg):<\/strong>\u00a0400<\/p>","protected":false},"featured_media":1562,"template":"","meta":{"_kad_post_transparent":"default","_kad_post_title":"hide","_kad_post_layout":"fullwidth","_kad_post_sidebar_id":"","_kad_post_content_style":"unboxed","_kad_post_vertical_padding":"hide","_kad_post_feature":"hide","_kad_post_feature_position":"","_kad_post_header":false,"_kad_post_footer":false},"product_brand":[],"product_cat":[19,29],"product_tag":[537,535,533,531,530,536,532,538,534],"class_list":{"0":"post-1552","1":"product","2":"type-product","3":"status-publish","4":"has-post-thumbnail","6":"product_cat-cold-rolling-embossing-machine","7":"product_cat-electric-wrought-iron-processing-machine","8":"product_tag-aluminum-sheet-cold-embossing-machine","9":"product_tag-buy-cold-steel-sheet-embossing-machine","10":"product_tag-cold-roll-former-line","11":"product_tag-copper-sheet-embossing-machine","12":"product_tag-factory-directly-automatic-metal-sheet-embossing-machine","13":"product_tag-iron-sheet-cold-embossing-machine","14":"product_tag-roll-forming-machine-manufacturer","15":"product_tag-stainless-steel-sheet-cold-embossing-machine","16":"product_tag-steel-plate-embossing-machinery","18":"first","19":"instock","20":"shipping-taxable","21":"product-type-simple","22":"entry","23":"content-bg","24":"loop-entry"},"_links":{"self":[{"href":"https:\/\/zzlcmachinery.com\/fi\/wp-json\/wp\/v2\/product\/1552","targetHints":{"allow":["GET"]}}],"collection":[{"href":"https:\/\/zzlcmachinery.com\/fi\/wp-json\/wp\/v2\/product"}],"about":[{"href":"https:\/\/zzlcmachinery.com\/fi\/wp-json\/wp\/v2\/types\/product"}],"version-history":[{"count":0,"href":"https:\/\/zzlcmachinery.com\/fi\/wp-json\/wp\/v2\/product\/1552\/revisions"}],"wp:featuredmedia":[{"embeddable":true,"href":"https:\/\/zzlcmachinery.com\/fi\/wp-json\/wp\/v2\/media\/1562"}],"wp:attachment":[{"href":"https:\/\/zzlcmachinery.com\/fi\/wp-json\/wp\/v2\/media?parent=1552"}],"wp:term":[{"taxonomy":"product_brand","embeddable":true,"href":"https:\/\/zzlcmachinery.com\/fi\/wp-json\/wp\/v2\/product_brand?post=1552"},{"taxonomy":"product_cat","embeddable":true,"href":"https:\/\/zzlcmachinery.com\/fi\/wp-json\/wp\/v2\/product_cat?post=1552"},{"taxonomy":"product_tag","embeddable":true,"href":"https:\/\/zzlcmachinery.com\/fi\/wp-json\/wp\/v2\/product_tag?post=1552"}],"curies":[{"name":"wp","href":"https:\/\/api.w.org\/{rel}","templated":true}]}}