{"id":1047,"date":"2022-11-20T18:32:48","date_gmt":"2022-11-20T10:32:48","guid":{"rendered":"https:\/\/zzlcmachinery.com\/?post_type=product&#038;p=1047"},"modified":"2022-11-22T14:47:20","modified_gmt":"2022-11-22T06:47:20","slug":"lc-g3-manual-flat-iron-square-steel-metal-twist-tool","status":"publish","type":"product","link":"https:\/\/zzlcmachinery.com\/fi\/tuote\/lc-g3-manual-flat-iron-square-steel-metal-twist-tool\/","title":{"rendered":"LC-G3 Manuaalinen litte\u00e4 rautainen neli\u00f6m\u00e4inen ter\u00e4ksinen kierrety\u00f6kalu"},"content":{"rendered":"","protected":false},"excerpt":{"rendered":"<p>T\u00e4m\u00e4 LC-G3 k\u00e4sik\u00e4ytt\u00f6inen litte\u00e4rautainen neli\u00f6m\u00e4inen ter\u00e4ksinen metallikierrety\u00f6kalu on manuaalinen mekaaninen laite, joka voi tehd\u00e4 useista rautalangoista tai ter\u00e4slangoista paistetun taikinan p\u00e4\u00e4n kierteen. Ja t\u00e4llaisten koneiden valmistamaa rautanauhaa voidaan k\u00e4ytt\u00e4\u00e4 koristeluun. ,rautahuonekalut ja muut rautak\u00e4sity\u00f6t, se voi kierty\u00e4 2-6 kertaa halkaisijaltaan 2-4 mm ja rajapituus on 1800 mm, t\u00e4m\u00e4 kone valitsee materiaalin k\u00e4tev\u00e4sti. Sit\u00e4 on helppo k\u00e4ytt\u00e4\u00e4, mutta se voi saavuttaa suuren hy\u00f6dyn tavoitteen alhaisilla kustannuksilla.<br \/>\nMateriaali: Neli\u00f6m\u00e4inen ter\u00e4s ja litte\u00e4 rauta<br \/>\n<strong>TEKNINEN PARAMETRI<br \/>\n<\/strong><strong>Malli: LC-G3<\/strong><br \/>\n<strong>Neli\u00f6nmuotoinen ter\u00e4s<\/strong>\u00a0\u226410*10mm<br \/>\n<strong>Teho:<\/strong> Manuaalinen<br \/>\n<strong>Pakkauksen mitat:<\/strong> 200\u00d7200\u00d7200 mm<br \/>\n<strong>NW (kg):20 <\/strong><strong>GW (kg): 20<\/strong><\/p>","protected":false},"featured_media":1053,"template":"","meta":{"_kad_post_transparent":"default","_kad_post_title":"","_kad_post_layout":"default","_kad_post_sidebar_id":"","_kad_post_content_style":"default","_kad_post_vertical_padding":"default","_kad_post_feature":"","_kad_post_feature_position":"","_kad_post_header":false,"_kad_post_footer":false},"product_brand":[],"product_cat":[33,34,35],"product_tag":[500,309,315,317,310,314,502,501,300,111,316],"class_list":{"0":"post-1047","1":"product","2":"type-product","3":"status-publish","4":"has-post-thumbnail","6":"product_cat-manual-wrounght-iron-processing-tools","7":"product_cat-manual-scroll-bender","8":"product_cat-manual-twisting-machine","9":"product_tag-flat-iron-twist-tool","10":"product_tag-homemade-metal-bar-twister","11":"product_tag-lc-g2-manual-metal-twisting-machine-for-wrought-iron","12":"product_tag-manual-scroll-bending-machine-for-wrought-iron","13":"product_tag-manual-steel-square-bar-twist-hand-flat-steel","14":"product_tag-master-twister","15":"product_tag-metal-craft-tool","16":"product_tag-square-steel-tool","17":"product_tag-twisting-machine-hand-tools-wrought-iron-equipment","18":"product_tag-wrought-iron-machine","19":"product_tag-wrought-iron-scroll-bender-manual-craft-tool","21":"first","22":"instock","23":"shipping-taxable","24":"product-type-simple","25":"entry","26":"content-bg","27":"loop-entry"},"_links":{"self":[{"href":"https:\/\/zzlcmachinery.com\/fi\/wp-json\/wp\/v2\/product\/1047","targetHints":{"allow":["GET"]}}],"collection":[{"href":"https:\/\/zzlcmachinery.com\/fi\/wp-json\/wp\/v2\/product"}],"about":[{"href":"https:\/\/zzlcmachinery.com\/fi\/wp-json\/wp\/v2\/types\/product"}],"version-history":[{"count":0,"href":"https:\/\/zzlcmachinery.com\/fi\/wp-json\/wp\/v2\/product\/1047\/revisions"}],"wp:featuredmedia":[{"embeddable":true,"href":"https:\/\/zzlcmachinery.com\/fi\/wp-json\/wp\/v2\/media\/1053"}],"wp:attachment":[{"href":"https:\/\/zzlcmachinery.com\/fi\/wp-json\/wp\/v2\/media?parent=1047"}],"wp:term":[{"taxonomy":"product_brand","embeddable":true,"href":"https:\/\/zzlcmachinery.com\/fi\/wp-json\/wp\/v2\/product_brand?post=1047"},{"taxonomy":"product_cat","embeddable":true,"href":"https:\/\/zzlcmachinery.com\/fi\/wp-json\/wp\/v2\/product_cat?post=1047"},{"taxonomy":"product_tag","embeddable":true,"href":"https:\/\/zzlcmachinery.com\/fi\/wp-json\/wp\/v2\/product_tag?post=1047"}],"curies":[{"name":"wp","href":"https:\/\/api.w.org\/{rel}","templated":true}]}}