{"id":991,"date":"2022-11-19T00:07:35","date_gmt":"2022-11-18T16:07:35","guid":{"rendered":"https:\/\/zzlcmachinery.com\/?post_type=product&#038;p=991"},"modified":"2022-11-22T14:45:01","modified_gmt":"2022-11-22T06:45:01","slug":"c41-1000kg-pneumatic-air-hammer-with-super-processing-capacity","status":"publish","type":"product","link":"https:\/\/zzlcmachinery.com\/es\/producto\/c41-1000kg-pneumatic-air-hammer-with-super-processing-capacity\/","title":{"rendered":"Martillo de aire neum\u00e1tico C41-1000KG con gran capacidad de procesamiento"},"content":{"rendered":"","protected":false},"excerpt":{"rendered":"<p>Este martillo neum\u00e1tico C41-1000KG con gran capacidad de procesamiento es de tama\u00f1o peque\u00f1o, bajo ruido, estructura simple, f\u00e1cil de operar, acci\u00f3n flexible y conveniente en el manejo, instalaci\u00f3n y mantenimiento. Este modelo es adecuado para varios forjados libres: como recalcado, estirado, punzonado, doblado, torsi\u00f3n, cizallado en caliente, conexi\u00f3n de terminales, etc. Al mismo tiempo, se pueden realizar varios forjados con troquel abierto usando troqueles de almohadilla. Es adecuado para la forja libre de piezas de diferentes formas, especialmente adecuado para empresas de municipios rurales y hogares profesionales que forjan hoces, Badin, ganado y herraduras y azadas. Al mismo tiempo, varias f\u00e1bricas y minas tambi\u00e9n usan martillos neum\u00e1ticos para forjar bolas de acero, andamios y otras f\u00e1bricas, minas y materiales de construcci\u00f3n. Adem\u00e1s, esta serie de martillos neum\u00e1ticos tambi\u00e9n es una herramienta profesional de hierro forjado com\u00fanmente utilizada por los herreros. Puede hacer varios estilos de moldes y forjar varias flores, p\u00e1jaros y otras hermosas decoraciones de hierro forjado.<\/p>\n<p><strong>PAR\u00c1METRO T\u00c9CNICO<br \/>\nModelo:C41-1000KG<br \/>\nPeso de las piezas que caen (KG):<\/strong>1000KG<br \/>\n<strong>Tipo de estructura:<\/strong>Martillo de aire dividido\u00a0<strong><br \/>\nEnerg\u00eda m\u00e1xima de golpe (KJ):<\/strong>27KJ<strong><br \/>\nTama\u00f1o m\u00e1ximo forjado (di\u00e1metro) en acero redondo:<\/strong>\u03c6320mm<br \/>\n<strong>Tama\u00f1o m\u00e1ximo forjado (di\u00e1metro) en acero cuadrado:<\/strong>290*290mm<br \/>\n<strong>Fuerza:<\/strong> 75 kilovatios<br \/>\n<strong>Voltaje:<\/strong>\u00a0220V\/380V<br \/>\n<strong>Dimensi\u00f3n de embalaje:<\/strong> 7700*1500*4125mm<br \/>\n<strong>Peso del yunque<\/strong>: 13,000KG<br \/>\n<strong>GW totales (kg): 32.840<\/strong><\/p>","protected":false},"featured_media":998,"template":"","meta":{"_kad_post_transparent":"default","_kad_post_title":"hide","_kad_post_layout":"fullwidth","_kad_post_sidebar_id":"","_kad_post_content_style":"unboxed","_kad_post_vertical_padding":"hide","_kad_post_feature":"hide","_kad_post_feature_position":"","_kad_post_header":false,"_kad_post_footer":false},"product_brand":[],"product_cat":[28],"product_tag":[460,505,503,461,428,507,463,508,504,506],"class_list":{"0":"post-991","1":"product","2":"type-product","3":"status-publish","4":"has-post-thumbnail","6":"product_cat-blacksmith-power-hammer","7":"product_tag-air-forging-hammer-pneumatic-iron-hammer-1000kg","8":"product_tag-air-hammer-pneumatic-iron-hammer-for-forging","9":"product_tag-electric-pneumatic-hammer","10":"product_tag-hottest-sale-150kg-250kg-400kg-750kg-1000kg-blacksmith-pneumatic-hammer","11":"product_tag-pneumatic-hammer-for-blacksmith","12":"product_tag-price-of-pneumatic-forging-hammer","13":"product_tag-widely-used-iron-blacksmith-forging-air-hammer-machine","14":"product_tag-wrought-iron-forging-1000kg-blacksmith-hammer-with-anvil","15":"product_tag-wrought-iron-forging-power-hammer-for-sale","16":"product_tag-wrought-iron-pneumatic-metal-forging-hammer-for-sale","18":"first","19":"instock","20":"shipping-taxable","21":"product-type-simple","22":"entry","23":"content-bg","24":"loop-entry"},"_links":{"self":[{"href":"https:\/\/zzlcmachinery.com\/es\/wp-json\/wp\/v2\/product\/991","targetHints":{"allow":["GET"]}}],"collection":[{"href":"https:\/\/zzlcmachinery.com\/es\/wp-json\/wp\/v2\/product"}],"about":[{"href":"https:\/\/zzlcmachinery.com\/es\/wp-json\/wp\/v2\/types\/product"}],"version-history":[{"count":0,"href":"https:\/\/zzlcmachinery.com\/es\/wp-json\/wp\/v2\/product\/991\/revisions"}],"wp:featuredmedia":[{"embeddable":true,"href":"https:\/\/zzlcmachinery.com\/es\/wp-json\/wp\/v2\/media\/998"}],"wp:attachment":[{"href":"https:\/\/zzlcmachinery.com\/es\/wp-json\/wp\/v2\/media?parent=991"}],"wp:term":[{"taxonomy":"product_brand","embeddable":true,"href":"https:\/\/zzlcmachinery.com\/es\/wp-json\/wp\/v2\/product_brand?post=991"},{"taxonomy":"product_cat","embeddable":true,"href":"https:\/\/zzlcmachinery.com\/es\/wp-json\/wp\/v2\/product_cat?post=991"},{"taxonomy":"product_tag","embeddable":true,"href":"https:\/\/zzlcmachinery.com\/es\/wp-json\/wp\/v2\/product_tag?post=991"}],"curies":[{"name":"wp","href":"https:\/\/api.w.org\/{rel}","templated":true}]}}