{"id":989,"date":"2022-11-19T00:04:14","date_gmt":"2022-11-18T16:04:14","guid":{"rendered":"https:\/\/zzlcmachinery.com\/?post_type=product&#038;p=989"},"modified":"2022-11-22T14:44:07","modified_gmt":"2022-11-22T06:44:07","slug":"widely-used-wrought-iron-blacksmith-750kg-forging-power-hammer","status":"publish","type":"product","link":"https:\/\/zzlcmachinery.com\/es\/producto\/widely-used-wrought-iron-blacksmith-750kg-forging-power-hammer\/","title":{"rendered":"Martillo de potencia de forja de 750 kg de herrero de hierro forjado ampliamente utilizado"},"content":{"rendered":"","protected":false},"excerpt":{"rendered":"<p>Este martillo de fuerza de forja de 750 kg de herrero de hierro forjado ampliamente utilizado es un tipo de equipo de forja libre. El cilindro del compresor comprime el aire y lo env\u00eda al cilindro de trabajo a trav\u00e9s de la v\u00e1lvula de distribuci\u00f3n para mover el pist\u00f3n y la cabeza del martillo hacia arriba y hacia abajo para martillar. La operaci\u00f3n es flexible. Este modelo es adecuado para varios forjados libres, como extensi\u00f3n, recalcado, punzonado, cizallamiento, soldadura de forjado, torsi\u00f3n, doblado, etc. Se puede utilizar para varios forjados con matriz abierta. Las caracter\u00edsticas son las siguientes:<br \/>\n1. Impulsado por aire comprimido, la fuerza de impacto y la frecuencia se pueden controlar ajustando la presi\u00f3n del aire para satisfacer las necesidades de producci\u00f3n segura<br \/>\n2. El cuerpo de la m\u00e1quina est\u00e1 hecho de hierro fundido y el yunque del martillo neum\u00e1tico de gran tonelaje est\u00e1 hecho de acero fundido.<br \/>\n3. El mecanismo es simple y no es f\u00e1cil de da\u00f1ar.<br \/>\nPodemos suministrar 6 kg, 16 kg, 25 kg, 40 kg, 55 kg, 75 kg, 100 kg, 150 kg, 250 kg, 400 kg, 560 kg, 750 kg, 1000 kg, 2000 kg para elegir seg\u00fan diferentes necesidades de trabajo de forja .Puedes elegir el modelo seg\u00fan las siguientes especificaciones<\/p>\n<p><strong>PAR\u00c1METRO T\u00c9CNICO<br \/>\nModelo:C41-750KG<br \/>\nPeso de las piezas que caen (KG): 750<\/strong>KG<br \/>\n<strong>Tipo de estructura:<\/strong>Martillo de aire dividido\u00a0<strong><br \/>\nEnerg\u00eda m\u00e1xima de golpe (KJ): 13,6<\/strong>KJ<strong><br \/>\nTama\u00f1o m\u00e1ximo forjado (di\u00e1metro) en acero redondo:<\/strong>\u03c6300mm<br \/>\n<strong>Tama\u00f1o m\u00e1ximo forjado (di\u00e1metro) en acero cuadrado:<\/strong>270*270mm<br \/>\n<strong>Fuerza:<\/strong> 55 kilovatios<br \/>\n<strong>Voltaje:<\/strong>\u00a0220V\/380V<br \/>\n<strong>Dimensi\u00f3n de embalaje:<\/strong> 3095*1370*3175mm<br \/>\n<strong>Peso del yunque<\/strong>: 9,000KG<br \/>\n<strong>GW totales (kg): 26.000<\/strong><\/p>","protected":false},"featured_media":999,"template":"","meta":{"_kad_post_transparent":"default","_kad_post_title":"hide","_kad_post_layout":"fullwidth","_kad_post_sidebar_id":"","_kad_post_content_style":"unboxed","_kad_post_vertical_padding":"hide","_kad_post_feature":"hide","_kad_post_feature_position":"","_kad_post_header":false,"_kad_post_footer":false},"product_brand":[],"product_cat":[28],"product_tag":[462,428,463,499,464],"class_list":{"0":"post-989","1":"product","2":"type-product","3":"status-publish","4":"has-post-thumbnail","6":"product_cat-blacksmith-power-hammer","7":"product_tag-750kg-air-hammer-metal-forging-hammer-for-sale","8":"product_tag-pneumatic-hammer-for-blacksmith","9":"product_tag-widely-used-iron-blacksmith-forging-air-hammer-machine","10":"product_tag-widely-used-wrought-iron-blacksmith-750kg-forging-power-hammer","11":"product_tag-wrought-iron-metal-forging-power-hammer-for-sale","13":"first","14":"instock","15":"shipping-taxable","16":"product-type-simple","17":"entry","18":"content-bg","19":"loop-entry"},"_links":{"self":[{"href":"https:\/\/zzlcmachinery.com\/es\/wp-json\/wp\/v2\/product\/989","targetHints":{"allow":["GET"]}}],"collection":[{"href":"https:\/\/zzlcmachinery.com\/es\/wp-json\/wp\/v2\/product"}],"about":[{"href":"https:\/\/zzlcmachinery.com\/es\/wp-json\/wp\/v2\/types\/product"}],"version-history":[{"count":0,"href":"https:\/\/zzlcmachinery.com\/es\/wp-json\/wp\/v2\/product\/989\/revisions"}],"wp:featuredmedia":[{"embeddable":true,"href":"https:\/\/zzlcmachinery.com\/es\/wp-json\/wp\/v2\/media\/999"}],"wp:attachment":[{"href":"https:\/\/zzlcmachinery.com\/es\/wp-json\/wp\/v2\/media?parent=989"}],"wp:term":[{"taxonomy":"product_brand","embeddable":true,"href":"https:\/\/zzlcmachinery.com\/es\/wp-json\/wp\/v2\/product_brand?post=989"},{"taxonomy":"product_cat","embeddable":true,"href":"https:\/\/zzlcmachinery.com\/es\/wp-json\/wp\/v2\/product_cat?post=989"},{"taxonomy":"product_tag","embeddable":true,"href":"https:\/\/zzlcmachinery.com\/es\/wp-json\/wp\/v2\/product_tag?post=989"}],"curies":[{"name":"wp","href":"https:\/\/api.w.org\/{rel}","templated":true}]}}