{"id":987,"date":"2022-11-19T00:02:00","date_gmt":"2022-11-18T16:02:00","guid":{"rendered":"https:\/\/zzlcmachinery.com\/?post_type=product&#038;p=987"},"modified":"2022-11-22T14:41:46","modified_gmt":"2022-11-22T06:41:46","slug":"c41-560kg-heavy-duty-wrought-iron-blacksmith-forging-hammer-for-sale","status":"publish","type":"product","link":"https:\/\/zzlcmachinery.com\/es\/producto\/c41-560kg-heavy-duty-wrought-iron-blacksmith-forging-hammer-for-sale\/","title":{"rendered":"Martillo de forja de herrero de hierro forjado de servicio pesado C41-560KG a la venta"},"content":{"rendered":"","protected":false},"excerpt":{"rendered":"<p>Este martillo de forja de herrero de hierro forjado para servicio pesado C41-560KG a la venta es de bajo ruido, estructura simple, f\u00e1cil de operar, acci\u00f3n flexible y conveniente en el manejo, la instalaci\u00f3n y el mantenimiento. Este modelo es adecuado para varios forjados libres: como recalcado, estirado, punzonado, doblado, torsi\u00f3n, cizallado en caliente, conexi\u00f3n de terminales, etc. Al mismo tiempo, se pueden realizar varios forjados con troquel abierto usando troqueles de almohadilla. Es adecuado para la forja libre de piezas de diferentes formas, especialmente adecuado para empresas de municipios rurales y hogares profesionales que forjan hoces, Badin, ganado y herraduras y azadas. Al mismo tiempo, varias f\u00e1bricas y minas tambi\u00e9n usan martillos neum\u00e1ticos para forjar bolas de acero, andamios y otras f\u00e1bricas, minas y materiales de construcci\u00f3n. Adem\u00e1s, esta serie de martillos neum\u00e1ticos tambi\u00e9n es una herramienta profesional de hierro forjado com\u00fanmente utilizada por los herreros. Puede hacer varios estilos de moldes y forjar varias flores, p\u00e1jaros y otras hermosas decoraciones de hierro forjado.<br \/>\nPodemos suministrar 6 kg, 16 kg, 25 kg, 40 kg, 55 kg, 75 kg, 100 kg, 150 kg, 250 kg, 400 kg, 560 kg, 750 kg, 1000 kg, 2000 kg para elegir seg\u00fan diferentes necesidades de trabajo de forja .Puedes elegir el modelo seg\u00fan las siguientes especificaciones<\/p>\n<p><strong>PAR\u00c1METRO T\u00c9CNICO<br \/>\nModelo:C41-560KG<br \/>\nPeso de las piezas que caen (KG): 560<\/strong>KG<br \/>\n<strong>Tipo de estructura:<\/strong>Martillo de aire dividido\u00a0<strong><br \/>\nEnerg\u00eda m\u00e1xima de golpe (KJ): 13,6<\/strong>KJ<strong><br \/>\nTama\u00f1o m\u00e1ximo forjado (di\u00e1metro) en acero redondo:<\/strong>\u03c6280mm<br \/>\n<strong>Tama\u00f1o m\u00e1ximo forjado (di\u00e1metro) en acero cuadrado:<\/strong>270X270mm<br \/>\n<strong>Fuerza:<\/strong> 45 kilovatios<br \/>\n<strong>Voltaje:<\/strong>\u00a0220V\/380V<br \/>\n<strong>Dimensi\u00f3n de embalaje:<\/strong> 3464*1500*3157<br \/>\n<strong>GW (kg):<\/strong> 16520<\/p>","protected":false},"featured_media":1024,"template":"","meta":{"_kad_post_transparent":"default","_kad_post_title":"hide","_kad_post_layout":"fullwidth","_kad_post_sidebar_id":"","_kad_post_content_style":"unboxed","_kad_post_vertical_padding":"hide","_kad_post_feature":"hide","_kad_post_feature_position":"","_kad_post_header":false,"_kad_post_footer":false},"product_brand":[],"product_cat":[28],"product_tag":[476,498,477,478,479],"class_list":{"0":"post-987","1":"product","2":"type-product","3":"status-publish","4":"has-post-thumbnail","6":"product_cat-blacksmith-power-hammer","7":"product_tag-all-kinds-of-wrought-iron-forging-power-hammer-dies-for-sale","8":"product_tag-c41-560kg-heavy-duty-wrought-iron-blacksmith-forging-hammer-for-sale","9":"product_tag-china-the-biggest-manufacture-anyang-pneumatic-hammer-from-lanchen","10":"product_tag-heavy-duty-560kg-wrought-iron-blacksmith-forging-hammer-for-sale","11":"product_tag-high-quality-cheap-price-air-hammer-c41-560kg-for-sale","13":"first","14":"instock","15":"shipping-taxable","16":"product-type-simple","17":"entry","18":"content-bg","19":"loop-entry"},"_links":{"self":[{"href":"https:\/\/zzlcmachinery.com\/es\/wp-json\/wp\/v2\/product\/987","targetHints":{"allow":["GET"]}}],"collection":[{"href":"https:\/\/zzlcmachinery.com\/es\/wp-json\/wp\/v2\/product"}],"about":[{"href":"https:\/\/zzlcmachinery.com\/es\/wp-json\/wp\/v2\/types\/product"}],"version-history":[{"count":0,"href":"https:\/\/zzlcmachinery.com\/es\/wp-json\/wp\/v2\/product\/987\/revisions"}],"wp:featuredmedia":[{"embeddable":true,"href":"https:\/\/zzlcmachinery.com\/es\/wp-json\/wp\/v2\/media\/1024"}],"wp:attachment":[{"href":"https:\/\/zzlcmachinery.com\/es\/wp-json\/wp\/v2\/media?parent=987"}],"wp:term":[{"taxonomy":"product_brand","embeddable":true,"href":"https:\/\/zzlcmachinery.com\/es\/wp-json\/wp\/v2\/product_brand?post=987"},{"taxonomy":"product_cat","embeddable":true,"href":"https:\/\/zzlcmachinery.com\/es\/wp-json\/wp\/v2\/product_cat?post=987"},{"taxonomy":"product_tag","embeddable":true,"href":"https:\/\/zzlcmachinery.com\/es\/wp-json\/wp\/v2\/product_tag?post=987"}],"curies":[{"name":"wp","href":"https:\/\/api.w.org\/{rel}","templated":true}]}}