{"id":985,"date":"2022-11-18T23:59:31","date_gmt":"2022-11-18T15:59:31","guid":{"rendered":"https:\/\/zzlcmachinery.com\/?post_type=product&#038;p=985"},"modified":"2022-11-22T14:22:36","modified_gmt":"2022-11-22T06:22:36","slug":"c41-400kg-china-biggest-hammer-manufacturer-provide-pneumatic-forging-hammer","status":"publish","type":"product","link":"https:\/\/zzlcmachinery.com\/es\/producto\/c41-400kg-china-mayor-martillo-fabricante-proporcionar-neumatico-forja-martillo\/","title":{"rendered":"C41-400KG El mayor fabricante de martillos de China proporciona un martillo de forja neum\u00e1tico"},"content":{"rendered":"","protected":false},"excerpt":{"rendered":"<p>Este fabricante de martillos C41-400KG m\u00e1s grande de China proporciona un martillo de forja neum\u00e1tico que convierte el movimiento de rotaci\u00f3n del motor en el movimiento del pist\u00f3n del cilindro de aire comprimido mediante el sistema reductor, cig\u00fce\u00f1al y biela. El martillo neum\u00e1tico est\u00e1 controlado por la palanca de pie y el dispositivo de control remoto para controlar la velocidad de golpe y la fuerza de golpe del yunque superior.<br \/>\nLa m\u00e1quina de martillo neum\u00e1tico es una herramienta de forja de metal vers\u00e1til y ampliamente utilizada, que tiene muchas funciones, tales como: trastornar, extender, trastornar continuo, estampar, cortar en caliente, forjar con soldadura, torcer y doblar.<br \/>\nLos clientes pueden elegir el martillo neum\u00e1tico que m\u00e1s les convenga seg\u00fan el material que necesitan forjar y el tama\u00f1o m\u00e1ximo del material. La aplicaci\u00f3n de energ\u00eda el\u00e9ctrica y cilindro mejora en gran medida la eficiencia de trabajo del martillo neum\u00e1tico. Es fundamental para el funcionamiento de herrer\u00edas y minas. maquinaria de forja.<br \/>\nPodemos suministrar 6 kg, 16 kg, 25 kg, 40 kg, 55 kg, 75 kg, 100 kg, 150 kg, 250 kg, 400 kg, 560 kg, 750 kg, 1000 kg, 2000 kg para elegir seg\u00fan diferentes necesidades de trabajo de forja .Puedes elegir el modelo seg\u00fan las siguientes especificaciones<\/p>\n<p><strong>PAR\u00c1METRO T\u00c9CNICO<br \/>\nModelo:C41-400KG<br \/>\nPeso de las piezas que caen (KG): 400<\/strong>KG<br \/>\n<strong>Tipo de estructura:<\/strong>Martillo de aire dividido con base<strong><br \/>\nEnerg\u00eda m\u00e1xima de golpe (KJ): 9.5<\/strong>KJ<strong><br \/>\nTama\u00f1o m\u00e1ximo forjado (di\u00e1metro) en acero redondo:<\/strong>\u03c6240 mm<br \/>\n<strong>Tama\u00f1o m\u00e1ximo forjado (di\u00e1metro) en acero cuadrado:<\/strong>220*220mm<br \/>\n<strong>Fuerza:<\/strong> 37 kilovatios<br \/>\n<strong>Voltaje:<\/strong>\u00a0220V\/380V<br \/>\n<strong>Dimensi\u00f3n de embalaje:<\/strong> 2785*1400*2885mm<br \/>\n<strong>peso del ombligo<\/strong>:4800KG<br \/>\n<strong>GW totales (kg):<\/strong> 12800KG<\/p>","protected":false},"featured_media":1004,"template":"","meta":{"_kad_post_transparent":"default","_kad_post_title":"hide","_kad_post_layout":"fullwidth","_kad_post_sidebar_id":"","_kad_post_content_style":"unboxed","_kad_post_vertical_padding":"hide","_kad_post_feature":"hide","_kad_post_feature_position":"","_kad_post_header":false,"_kad_post_footer":false},"product_brand":[],"product_cat":[28],"product_tag":[465,497,466,467,468,428,469,470],"class_list":{"0":"post-985","1":"product","2":"type-product","3":"status-publish","4":"has-post-thumbnail","6":"product_cat-blacksmith-power-hammer","7":"product_tag-400kg-air-hammer-metal-forging-hammer-for-sale","8":"product_tag-c41-400kg-china-biggest-hammer-manufacturer-provide-pneumatic-forging-hammer","9":"product_tag-c41-400kg-model-power-hammer-machine-for-iron-forging","10":"product_tag-china-automatic-anyang-forging-hammer-400kg","11":"product_tag-factory-direct-sale-wrought-iron-hammer-or-smith-forging-tool-for-sale","12":"product_tag-pneumatic-hammer-for-blacksmith","13":"product_tag-widely-used-wrought-iron-blacksmith-75kg-150kg-250kg-400kg-forging-power-hammer-for-hot-sale","14":"product_tag-wrought-iron-homemade-forging-hammer-machine-with-forging-hammer-dies","16":"first","17":"instock","18":"shipping-taxable","19":"product-type-simple","20":"entry","21":"content-bg","22":"loop-entry"},"_links":{"self":[{"href":"https:\/\/zzlcmachinery.com\/es\/wp-json\/wp\/v2\/product\/985","targetHints":{"allow":["GET"]}}],"collection":[{"href":"https:\/\/zzlcmachinery.com\/es\/wp-json\/wp\/v2\/product"}],"about":[{"href":"https:\/\/zzlcmachinery.com\/es\/wp-json\/wp\/v2\/types\/product"}],"version-history":[{"count":0,"href":"https:\/\/zzlcmachinery.com\/es\/wp-json\/wp\/v2\/product\/985\/revisions"}],"wp:featuredmedia":[{"embeddable":true,"href":"https:\/\/zzlcmachinery.com\/es\/wp-json\/wp\/v2\/media\/1004"}],"wp:attachment":[{"href":"https:\/\/zzlcmachinery.com\/es\/wp-json\/wp\/v2\/media?parent=985"}],"wp:term":[{"taxonomy":"product_brand","embeddable":true,"href":"https:\/\/zzlcmachinery.com\/es\/wp-json\/wp\/v2\/product_brand?post=985"},{"taxonomy":"product_cat","embeddable":true,"href":"https:\/\/zzlcmachinery.com\/es\/wp-json\/wp\/v2\/product_cat?post=985"},{"taxonomy":"product_tag","embeddable":true,"href":"https:\/\/zzlcmachinery.com\/es\/wp-json\/wp\/v2\/product_tag?post=985"}],"curies":[{"name":"wp","href":"https:\/\/api.w.org\/{rel}","templated":true}]}}