{"id":982,"date":"2022-11-18T23:57:53","date_gmt":"2022-11-18T15:57:53","guid":{"rendered":"https:\/\/zzlcmachinery.com\/?post_type=product&#038;p=982"},"modified":"2022-11-22T14:20:16","modified_gmt":"2022-11-22T06:20:16","slug":"c41-250kg-wrought-iron-metal-forging-power-hammer-for-sale","status":"publish","type":"product","link":"https:\/\/zzlcmachinery.com\/es\/producto\/c41-250kg-wrought-iron-metal-forging-power-hammer-for-sale\/","title":{"rendered":"Martillo de potencia de forja de metal de hierro forjado C41-250KG a la venta"},"content":{"rendered":"","protected":false},"excerpt":{"rendered":"<p>Este martillo de fuerza de forja de metal de hierro forjado C41-250KG a la venta es un tipo de martillo de forja libre. Se puede usar para todo tipo de forjas libres, como estiramiento, trastornado, punzonado, corte en caliente, soldadura forjada, doblado y torsi\u00f3n. se puede usar para forjar en matriz con matrices boster, pero no se puede usar para forjar en matriz cerrada, porque la energ\u00eda de golpe de la forja en matriz cerrada es muy grande, la varilla del martillo, la gu\u00eda, el cilindro de trabajo... etc. las partes principales se da\u00f1ar\u00e1n.<br \/>\nPodemos suministrar 6 kg, 16 kg, 25 kg, 40 kg, 55 kg, 75 kg, 100 kg, 150 kg, 250 kg, 400 kg, 560 kg, 750 kg, 1000 kg, 2000 kg para elegir seg\u00fan diferentes necesidades de trabajo de forja .Puedes elegir el modelo seg\u00fan las siguientes especificaciones<\/p>\n<p><strong>PAR\u00c1METRO T\u00c9CNICO<br \/>\nModelo:C41-250KG<br \/>\nPeso de las piezas que caen (KG): 250<\/strong>KG<br \/>\n<strong>Tipo de estructura:<\/strong>Martillo de aire dividido con base<strong><br \/>\nEnerg\u00eda m\u00e1xima de golpe (KJ): 5.6<\/strong>KJ<strong><br \/>\nTama\u00f1o m\u00e1ximo forjado (di\u00e1metro) en acero redondo:<\/strong>\u03c6175mm<br \/>\n<strong>Tama\u00f1o m\u00e1ximo forjado (di\u00e1metro) en acero cuadrado:<\/strong>145*145mm<br \/>\n<strong>Fuerza:<\/strong> 22 kilovatios<br \/>\n<strong>Voltaje:<\/strong>\u00a0220V\/380V<br \/>\n<strong>Dimensi\u00f3n de embalaje:<\/strong> 2875*1405*2570mm<br \/>\n<strong>Peso del yunque:<\/strong>2800KG<br \/>\n<strong>GW (kg):<\/strong> 8200<\/p>","protected":false},"featured_media":1016,"template":"","meta":{"_kad_post_transparent":"default","_kad_post_title":"hide","_kad_post_layout":"fullwidth","_kad_post_sidebar_id":"","_kad_post_content_style":"unboxed","_kad_post_vertical_padding":"hide","_kad_post_feature":"hide","_kad_post_feature_position":"","_kad_post_header":false,"_kad_post_footer":false},"product_brand":[],"product_cat":[28],"product_tag":[480,481,482,483,484,485,486,487],"class_list":{"0":"post-982","1":"product","2":"type-product","3":"status-publish","4":"has-post-thumbnail","6":"product_cat-blacksmith-power-hammer","7":"product_tag-16kg-2000kg-anyang-pneumatic-hammer-for-whole-world","8":"product_tag-250kg-air-planishing-hammer-for-blacksmith","9":"product_tag-blacksmith-anvil-wrought-iron-machinery-for-hammer","10":"product_tag-c41-40kg-75kg-150kg-250kg-blacksmith-air-forging-hammer-for-sale","11":"product_tag-hot-sale-250-kg-power-hammer-in-uk-usa","12":"product_tag-hot-sale-different-types-wrought-iron-metal-forging-air-hammer","13":"product_tag-hottest-sell-c41-250kg-electro-hydraulic-forging-hammer-for-sale","14":"product_tag-widely-used-iron-forging-250kg-air-pneumatic-hammer-with-ce","16":"first","17":"instock","18":"shipping-taxable","19":"product-type-simple","20":"entry","21":"content-bg","22":"loop-entry"},"_links":{"self":[{"href":"https:\/\/zzlcmachinery.com\/es\/wp-json\/wp\/v2\/product\/982","targetHints":{"allow":["GET"]}}],"collection":[{"href":"https:\/\/zzlcmachinery.com\/es\/wp-json\/wp\/v2\/product"}],"about":[{"href":"https:\/\/zzlcmachinery.com\/es\/wp-json\/wp\/v2\/types\/product"}],"version-history":[{"count":0,"href":"https:\/\/zzlcmachinery.com\/es\/wp-json\/wp\/v2\/product\/982\/revisions"}],"wp:featuredmedia":[{"embeddable":true,"href":"https:\/\/zzlcmachinery.com\/es\/wp-json\/wp\/v2\/media\/1016"}],"wp:attachment":[{"href":"https:\/\/zzlcmachinery.com\/es\/wp-json\/wp\/v2\/media?parent=982"}],"wp:term":[{"taxonomy":"product_brand","embeddable":true,"href":"https:\/\/zzlcmachinery.com\/es\/wp-json\/wp\/v2\/product_brand?post=982"},{"taxonomy":"product_cat","embeddable":true,"href":"https:\/\/zzlcmachinery.com\/es\/wp-json\/wp\/v2\/product_cat?post=982"},{"taxonomy":"product_tag","embeddable":true,"href":"https:\/\/zzlcmachinery.com\/es\/wp-json\/wp\/v2\/product_tag?post=982"}],"curies":[{"name":"wp","href":"https:\/\/api.w.org\/{rel}","templated":true}]}}