{"id":961,"date":"2022-11-17T23:45:25","date_gmt":"2022-11-17T15:45:25","guid":{"rendered":"https:\/\/zzlcmachinery.com\/?post_type=product&#038;p=961"},"modified":"2022-11-22T14:13:53","modified_gmt":"2022-11-22T06:13:53","slug":"c41-55kg-wrought-iron-forging-pneumatic-hammer-for-blacksmith","status":"publish","type":"product","link":"https:\/\/zzlcmachinery.com\/es\/producto\/c41-55kg-wrought-iron-forging-pneumatic-hammer-for-blacksmith\/","title":{"rendered":"Martillo neum\u00e1tico de forja de hierro forjado C41-55KG para herrero"},"content":{"rendered":"","protected":false},"excerpt":{"rendered":"<p>Este martillo neum\u00e1tico forjado de hierro forjado C41-55KG para herrero El martillo neum\u00e1tico forjado de hierro forjado C41-55KG es de tama\u00f1o peque\u00f1o, bajo en ruido, estructura simple, operaci\u00f3n conveniente, acci\u00f3n flexible, manejo, instalaci\u00f3n y mantenimiento convenientes. Esta m\u00e1quina es una m\u00e1quina de estructura monobloque propiamente dicha con base. La ventaja de un martillo neum\u00e1tico de este tipo es que se puede mover a cualquier sitio requerido por el cliente para trabajar, y es muy flexible. El martillo neum\u00e1tico de m\u00e1s de 55 KG puede forjar cuerpos met\u00e1licos m\u00e1s grandes. Este modelo es adecuado para varias forjas libres: como alterar, estirar, perforar, doblar, torcer, cortar en caliente, conectar terminales, etc., y los troqueles de almohadilla se pueden usar al mismo tiempo. Realice varias forjas de troqueles libres. Es adecuado para la forja libre de piezas con diferentes formas, especialmente para forjar hoces, badins, herraduras, azadones, etc. en empresas de municipios rurales y hogares profesionales. Al mismo tiempo, varias f\u00e1bricas y minas tambi\u00e9n utilizan martillos neum\u00e1ticos para forjar bolas de acero, andamios y otros suministros de construcci\u00f3n de f\u00e1bricas y minas. Adem\u00e1s, esta serie de martillos neum\u00e1ticos tambi\u00e9n es una herramienta profesional de hierro forjado com\u00fanmente utilizada por los herreros. Puede hacer varios estilos de moldes y forjar todo tipo de flores y p\u00e1jaros de hierro forjado y otras decoraciones exquisitas.<br \/>\nPodemos suministrar 6 kg, 16 kg, 25 kg, 40 kg, 55 kg, 75 kg, 100 kg, 150 kg, 250 kg, 400 kg, 560 kg, 750 kg, 1000 kg, 2000 kg para elegir seg\u00fan diferentes necesidades de trabajo de forja .Puedes elegir el modelo seg\u00fan las siguientes especificaciones<\/p>\n<p><strong>PAR\u00c1METRO T\u00c9CNICO<br \/>\nModelo:C41-55KG<br \/>\nPeso de las piezas que caen (KG): 55<\/strong>KG<br \/>\n<strong>Tipo de estructura:<\/strong>Martillo de aire dividido<strong><br \/>\nEnerg\u00eda m\u00e1xima de golpe (KJ):<\/strong>0.27KJ<strong><br \/>\nTama\u00f1o m\u00e1ximo forjado (di\u00e1metro) en acero redondo:<\/strong>\u03c645mm<br \/>\n<strong>Tama\u00f1o m\u00e1ximo forjado (di\u00e1metro) en acero cuadrado:<\/strong>40x40mm<br \/>\n<strong>Fuerza:<\/strong> 3 kilovatios<br \/>\n<strong>Voltaje:<\/strong>\u00a0220V\/380V<br \/>\n<strong>Dimensi\u00f3n de embalaje:<\/strong> 980*510*1200<br \/>\n<strong>GW (kg):<\/strong> 560<\/p>","protected":false},"featured_media":967,"template":"","meta":{"_kad_post_transparent":"default","_kad_post_title":"hide","_kad_post_layout":"fullwidth","_kad_post_sidebar_id":"","_kad_post_content_style":"unboxed","_kad_post_vertical_padding":"hide","_kad_post_feature":"hide","_kad_post_feature_position":"","_kad_post_header":false,"_kad_post_footer":false},"product_brand":[],"product_cat":[28],"product_tag":[450,448,445,446,451,453,454,449,447,428,452],"class_list":{"0":"post-961","1":"product","2":"type-product","3":"status-publish","4":"has-post-thumbnail","6":"product_cat-blacksmith-power-hammer","7":"product_tag-c41-series-blacksmith-hydraulic-hammer-for-iron","8":"product_tag-c41-55kg-blacksmith-forging-hammer-for-sale","9":"product_tag-c41-55kg-hammer-strength-power-rack","10":"product_tag-c41-55kg-pneumatic-air-power-hammer-with-anvil-55kg","11":"product_tag-china-the-most-popular-c41-40kg-75kg-150kg-blacksmith-air-hammer-for-sale","12":"product_tag-factory-direct-sale-20kg-25kg-40kg-power-hammer-for-sale-south-africa","13":"product_tag-factory-direct-sale-c41-25kg-homemade-blacksmith-power-hammer","14":"product_tag-hot-sale-anyang-power-hammer-uk-from-ellsen","15":"product_tag-pneumatic-forging-hammer-for-wrought-iron-blacksmith","16":"product_tag-pneumatic-hammer-for-blacksmith","17":"product_tag-wrought-iron-air-power-hammer-for-sale","19":"first","20":"instock","21":"shipping-taxable","22":"product-type-simple","23":"entry","24":"content-bg","25":"loop-entry"},"_links":{"self":[{"href":"https:\/\/zzlcmachinery.com\/es\/wp-json\/wp\/v2\/product\/961","targetHints":{"allow":["GET"]}}],"collection":[{"href":"https:\/\/zzlcmachinery.com\/es\/wp-json\/wp\/v2\/product"}],"about":[{"href":"https:\/\/zzlcmachinery.com\/es\/wp-json\/wp\/v2\/types\/product"}],"version-history":[{"count":0,"href":"https:\/\/zzlcmachinery.com\/es\/wp-json\/wp\/v2\/product\/961\/revisions"}],"wp:featuredmedia":[{"embeddable":true,"href":"https:\/\/zzlcmachinery.com\/es\/wp-json\/wp\/v2\/media\/967"}],"wp:attachment":[{"href":"https:\/\/zzlcmachinery.com\/es\/wp-json\/wp\/v2\/media?parent=961"}],"wp:term":[{"taxonomy":"product_brand","embeddable":true,"href":"https:\/\/zzlcmachinery.com\/es\/wp-json\/wp\/v2\/product_brand?post=961"},{"taxonomy":"product_cat","embeddable":true,"href":"https:\/\/zzlcmachinery.com\/es\/wp-json\/wp\/v2\/product_cat?post=961"},{"taxonomy":"product_tag","embeddable":true,"href":"https:\/\/zzlcmachinery.com\/es\/wp-json\/wp\/v2\/product_tag?post=961"}],"curies":[{"name":"wp","href":"https:\/\/api.w.org\/{rel}","templated":true}]}}