{"id":943,"date":"2022-11-17T19:44:01","date_gmt":"2022-11-17T11:44:01","guid":{"rendered":"https:\/\/zzlcmachinery.com\/?post_type=product&#038;p=943"},"modified":"2022-11-22T14:08:52","modified_gmt":"2022-11-22T06:08:52","slug":"factory-direct-sale-c41-25kg-homemade-blacksmith-power-hammer","status":"publish","type":"product","link":"https:\/\/zzlcmachinery.com\/es\/producto\/venta-directa-de-fabrica-c41-25kg-herrero-casero-martillo\/","title":{"rendered":"Venta directa de f\u00e1brica C41-25kg Martillo de herrer\u00eda casero"},"content":{"rendered":"","protected":false},"excerpt":{"rendered":"<p>Este martillo de herrer\u00eda hecho en casa C41-25kg de venta directa de f\u00e1brica es de tama\u00f1o peque\u00f1o, bajo en ruido, de estructura simple, f\u00e1cil de operar, de acci\u00f3n flexible y conveniente en el manejo, la instalaci\u00f3n y el mantenimiento. Este modelo es adecuado para varios forjados libres: como recalcado, estirado, punzonado, doblado, torsi\u00f3n, cizallado en caliente, conexi\u00f3n de terminales, etc. Al mismo tiempo, se pueden realizar varios forjados con troquel abierto usando troqueles de almohadilla. Es adecuado para la forja libre de piezas de diferentes formas, especialmente adecuado para empresas de municipios rurales y hogares profesionales que forjan hoces, Badin, ganado y herraduras y azadas. Al mismo tiempo, varias f\u00e1bricas y minas tambi\u00e9n usan martillos neum\u00e1ticos para forjar bolas de acero, andamios y otras f\u00e1bricas, minas y materiales de construcci\u00f3n. Adem\u00e1s, esta serie de martillos neum\u00e1ticos tambi\u00e9n es una herramienta profesional de hierro forjado com\u00fanmente utilizada por los herreros. Puede hacer varios estilos de moldes y forjar varias flores, p\u00e1jaros y otras hermosas decoraciones de hierro forjado.<br \/>\nPodemos suministrar 6 kg, 16 kg, 25 kg, 40 kg, 55 kg, 75 kg, 100 kg, 150 kg, 250 kg, 400 kg, 560 kg, 750 kg, 1000 kg, 2000 kg para elegir seg\u00fan diferentes necesidades de trabajo de forja .Puedes elegir el modelo seg\u00fan las siguientes especificaciones<\/p>\n<p><strong>PAR\u00c1METRO T\u00c9CNICO<br \/>\nModelo:C41-25KG<br \/>\nPeso de las piezas que caen (KG):<\/strong>25KG<br \/>\n<strong>Tipo de estructura:<\/strong>Martillo de aire separado<strong><br \/>\nEnerg\u00eda m\u00e1xima de golpe (KJ):<\/strong>0.27KJ<strong><br \/>\nTama\u00f1o m\u00e1ximo forjado (di\u00e1metro) en acero redondo:<\/strong>\u03c645mm<br \/>\n<strong>Tama\u00f1o m\u00e1ximo forjado (di\u00e1metro) en acero cuadrado:<\/strong>40x40mm<br \/>\n<strong>Fuerza:<\/strong> 3 kilovatios<br \/>\n<strong>Voltaje:<\/strong>\u00a0220V\/380V<br \/>\n<strong>Dimensi\u00f3n de embalaje:<\/strong> 980*510*1200<br \/>\n<strong>GW (kg):<\/strong> 560<\/p>","protected":false},"featured_media":947,"template":"","meta":{"_kad_post_transparent":"default","_kad_post_title":"hide","_kad_post_layout":"fullwidth","_kad_post_sidebar_id":"","_kad_post_content_style":"unboxed","_kad_post_vertical_padding":"hide","_kad_post_feature":"hide","_kad_post_feature_position":"","_kad_post_header":false,"_kad_post_footer":false},"product_brand":[],"product_cat":[28],"product_tag":[416,432,431,430,429,428],"class_list":{"0":"post-943","1":"product","2":"type-product","3":"status-publish","4":"has-post-thumbnail","6":"product_cat-blacksmith-power-hammer","7":"product_tag-air-hammer","8":"product_tag-c41-25kg-drop-forging-hammer-for-iron-blacksmith","9":"product_tag-c41-25kg-electric-pneumatic-hammer","10":"product_tag-high-efficiency-c41-25kg-power-runner-hammer-with-ce","11":"product_tag-hottest-sale-20kg-25kg-40kg-55kg-75kg-blacksmith-pneumatic-hammer","12":"product_tag-pneumatic-hammer-for-blacksmith","14":"first","15":"instock","16":"shipping-taxable","17":"product-type-simple","18":"entry","19":"content-bg","20":"loop-entry"},"_links":{"self":[{"href":"https:\/\/zzlcmachinery.com\/es\/wp-json\/wp\/v2\/product\/943","targetHints":{"allow":["GET"]}}],"collection":[{"href":"https:\/\/zzlcmachinery.com\/es\/wp-json\/wp\/v2\/product"}],"about":[{"href":"https:\/\/zzlcmachinery.com\/es\/wp-json\/wp\/v2\/types\/product"}],"version-history":[{"count":0,"href":"https:\/\/zzlcmachinery.com\/es\/wp-json\/wp\/v2\/product\/943\/revisions"}],"wp:featuredmedia":[{"embeddable":true,"href":"https:\/\/zzlcmachinery.com\/es\/wp-json\/wp\/v2\/media\/947"}],"wp:attachment":[{"href":"https:\/\/zzlcmachinery.com\/es\/wp-json\/wp\/v2\/media?parent=943"}],"wp:term":[{"taxonomy":"product_brand","embeddable":true,"href":"https:\/\/zzlcmachinery.com\/es\/wp-json\/wp\/v2\/product_brand?post=943"},{"taxonomy":"product_cat","embeddable":true,"href":"https:\/\/zzlcmachinery.com\/es\/wp-json\/wp\/v2\/product_cat?post=943"},{"taxonomy":"product_tag","embeddable":true,"href":"https:\/\/zzlcmachinery.com\/es\/wp-json\/wp\/v2\/product_tag?post=943"}],"curies":[{"name":"wp","href":"https:\/\/api.w.org\/{rel}","templated":true}]}}