{"id":912,"date":"2022-11-14T23:58:25","date_gmt":"2022-11-14T15:58:25","guid":{"rendered":"https:\/\/zzlcmachinery.com\/?post_type=product&#038;p=912"},"modified":"2022-11-22T14:06:50","modified_gmt":"2022-11-22T06:06:50","slug":"c41-16kg-hot-forging-machine-blacksmith-air-power-forging-hammer","status":"publish","type":"product","link":"https:\/\/zzlcmachinery.com\/es\/producto\/c41-16kg-hot-forging-machine-blacksmith-air-power-forging-hammer\/","title":{"rendered":"C41-16kg M\u00e1quina de forja en caliente Herrero Air Power Martillo de forja"},"content":{"rendered":"","protected":false},"excerpt":{"rendered":"<p>Esta m\u00e1quina de forjado en caliente C41-16kg es un tipo de martillo de forja libre. Su dise\u00f1o se basa en los dise\u00f1os probados y probados de muchos martillos europeos antiguos que todav\u00eda se usan en la actualidad. Muchos herreros lo utilizan para hacer varias forjas decorativas, lo que facilita el moldeado con hierro caliente. Con un martillo hidr\u00e1ulico independiente, no necesita un compresor de aire adicional. M\u00e1quina de metal forjado a trav\u00e9s de estiramiento, alteraci\u00f3n, estampado, corte en caliente, soldadura de forja, doblado, distorsi\u00f3n y otros medios, usando diferentes lugares: incrustado, moldeado, cortado, perforado, remache, estampado, etc. todo tipo de metales.<br \/>\nPodemos suministrar 6 kg, 16 kg, 25 kg, 40 kg, 55 kg, 75 kg, 100 kg, 150 kg, 250 kg, 400 kg, 560 kg, 750 kg, 1000 kg, 2000 kg para elegir seg\u00fan diferentes necesidades de trabajo de forja .Puedes elegir el modelo seg\u00fan las siguientes especificaciones<\/p>\n<p><strong>PAR\u00c1METRO T\u00c9CNICO<br \/>\nModelo:C41-16KG<br \/>\nPeso de las piezas que caen (KG):<\/strong>16KG<strong><br \/>\nEnerg\u00eda m\u00e1xima de golpe (KJ):<\/strong>0.18KJ<strong><br \/>\nTama\u00f1o m\u00e1ximo forjado (di\u00e1metro) en acero redondo:<\/strong>\u03c625mm<br \/>\n<strong>Tama\u00f1o m\u00e1ximo forjado (di\u00e1metro) en acero cuadrado:<\/strong>20X20mm<br \/>\n<strong>Fuerza:<\/strong> 1.5KW<br \/>\n<strong>Voltaje:<\/strong> 220V\/380V<br \/>\n<strong>Dimensi\u00f3n de embalaje:<\/strong> 660*420*970<br \/>\n<strong>GW (kg):<\/strong> 240<\/p>","protected":false},"featured_media":926,"template":"","meta":{"_kad_post_transparent":"default","_kad_post_title":"hide","_kad_post_layout":"fullwidth","_kad_post_sidebar_id":"","_kad_post_content_style":"unboxed","_kad_post_vertical_padding":"hide","_kad_post_feature":"hide","_kad_post_feature_position":"","_kad_post_header":false,"_kad_post_footer":false},"product_brand":[],"product_cat":[28],"product_tag":[406,412,413,404,405,400,410,411,402,403,408,401,409,407,399],"class_list":{"0":"post-912","1":"product","2":"type-product","3":"status-publish","4":"has-post-thumbnail","6":"product_cat-blacksmith-power-hammer","7":"product_tag-air-power-hammer","8":"product_tag-anyang-power-hammer-for-blacksmith","9":"product_tag-blacksmith-power-forging-hammer","10":"product_tag-blacksmith-power-hammer","11":"product_tag-blacksmith-power-hammer-for-sale","12":"product_tag-c41-16kg-hot-forging-machine-blacksmith-air-power-forging-hammer","13":"product_tag-c41-16kg-single-with-base-plate-pneumatic-hammer-forging","14":"product_tag-c41-20kg-25kg-40kg-power-hammer-anyang-price","15":"product_tag-forging-hammer-machine","16":"product_tag-free-forging-air-hammer-c41-16kg","17":"product_tag-pneumatic-forging-hammer","18":"product_tag-pneumatic-forging-hammer-price","19":"product_tag-pneumatic-power-hammer-for-sale","20":"product_tag-power-hammer-for-blacksmith","21":"product_tag-samll-air-hammer-for-sale-c41-16kg-hot-forging-machine-blacksmirh-air-power-forging-hammer","23":"first","24":"instock","25":"shipping-taxable","26":"product-type-simple","27":"entry","28":"content-bg","29":"loop-entry"},"_links":{"self":[{"href":"https:\/\/zzlcmachinery.com\/es\/wp-json\/wp\/v2\/product\/912","targetHints":{"allow":["GET"]}}],"collection":[{"href":"https:\/\/zzlcmachinery.com\/es\/wp-json\/wp\/v2\/product"}],"about":[{"href":"https:\/\/zzlcmachinery.com\/es\/wp-json\/wp\/v2\/types\/product"}],"version-history":[{"count":0,"href":"https:\/\/zzlcmachinery.com\/es\/wp-json\/wp\/v2\/product\/912\/revisions"}],"wp:featuredmedia":[{"embeddable":true,"href":"https:\/\/zzlcmachinery.com\/es\/wp-json\/wp\/v2\/media\/926"}],"wp:attachment":[{"href":"https:\/\/zzlcmachinery.com\/es\/wp-json\/wp\/v2\/media?parent=912"}],"wp:term":[{"taxonomy":"product_brand","embeddable":true,"href":"https:\/\/zzlcmachinery.com\/es\/wp-json\/wp\/v2\/product_brand?post=912"},{"taxonomy":"product_cat","embeddable":true,"href":"https:\/\/zzlcmachinery.com\/es\/wp-json\/wp\/v2\/product_cat?post=912"},{"taxonomy":"product_tag","embeddable":true,"href":"https:\/\/zzlcmachinery.com\/es\/wp-json\/wp\/v2\/product_tag?post=912"}],"curies":[{"name":"wp","href":"https:\/\/api.w.org\/{rel}","templated":true}]}}