{"id":867,"date":"2022-11-10T00:20:57","date_gmt":"2022-11-09T16:20:57","guid":{"rendered":"https:\/\/zzlcmachinery.com\/?post_type=product&#038;p=867"},"modified":"2022-12-13T13:42:15","modified_gmt":"2022-12-13T05:42:15","slug":"jk-30-sheet-iron-plate-cold-embossing-machine","status":"publish","type":"product","link":"https:\/\/zzlcmachinery.com\/es\/producto\/jk-30-sheet-iron-plate-cold-embossing-machine\/","title":{"rendered":"M\u00e1quina de estampado en fr\u00edo de chapa de hierro JK-30"},"content":{"rendered":"","protected":false},"excerpt":{"rendered":"<p>JK-30 Una m\u00e1quina de estampado en fr\u00edo de chapa de hierro es un tipo de m\u00e1quina que se utiliza para grabar patrones o dise\u00f1os en placas de metal sin el uso de calor. Esto se hace presionando la placa de metal entre dos troqueles que est\u00e1n grabados con el patr\u00f3n deseado o hechos a partir de un molde del dise\u00f1o seg\u00fan las necesidades del cliente. La m\u00e1quina aplica presi\u00f3n a la placa de metal, lo que hace que tome la forma de los troqueles y crea un patr\u00f3n en relieve en la superficie del metal. El estampado en fr\u00edo es una t\u00e9cnica com\u00fan que se utiliza en la fabricaci\u00f3n de productos como letreros de metal, paneles decorativos y otros productos que requieren patrones grabados en placas de metal. A menudo se prefiere el estampado en fr\u00edo al estampado en caliente porque no implica el uso de calor, que puede da\u00f1ar o distorsionar el metal.<br \/>\n\u00a1El ancho de la placa de chapa de hierro y el patr\u00f3n del molde se pueden personalizar de forma gratuita!<br \/>\n<strong>PAR\u00c1METRO T\u00c9CNICO<\/strong><br \/>\n<strong>Material:<\/strong> Chapa de hierro, Chapa de aluminio, Chapa de cobre, Chapa de acero inoxidable<br \/>\n<strong>Ancho del material:<\/strong>30 mm<br \/>\n<strong>Espesor del material<\/strong>: m\u00e1ximo 2 mm<br \/>\n<strong>Fuerza:<\/strong> 2,2 KW (seg\u00fan el ancho y el grosor del material laminado seg\u00fan las necesidades reales de los clientes)<br \/>\n<strong>Voltaje:<\/strong>\u00a0220V\/380V\/415V<br \/>\n<strong>Dimensi\u00f3n de embalaje:<\/strong> 1500\u00d7710\u00d7800mm<br \/>\n<strong>NO (kg):<\/strong> 350<br \/>\n<strong>GW (kg):<\/strong> 400<\/p>","protected":false},"featured_media":1535,"template":"","meta":{"_kad_post_transparent":"default","_kad_post_title":"hide","_kad_post_layout":"fullwidth","_kad_post_sidebar_id":"","_kad_post_content_style":"unboxed","_kad_post_vertical_padding":"hide","_kad_post_feature":"hide","_kad_post_feature_position":"","_kad_post_header":false,"_kad_post_footer":false},"product_brand":[],"product_cat":[29,19],"product_tag":[47,521,519,518,520,517,522],"class_list":{"0":"post-867","1":"product","2":"type-product","3":"status-publish","4":"has-post-thumbnail","6":"product_cat-electric-wrought-iron-processing-machine","7":"product_cat-cold-rolling-embossing-machine","8":"product_tag-cold-rolling-embossing-machine","9":"product_tag-cold-rolling-sheet-embossing-machine-manufacturers","10":"product_tag-iorn-sheet-embossing-machine","11":"product_tag-iron-plate-cold-embossing-machine","12":"product_tag-metal-sheet-embossing-machine-manufacturers-suppliers","13":"product_tag-sheet-iron-plate-cold-embossing-machine","14":"product_tag-sheet-iron-plate-embossing-machine","16":"first","17":"instock","18":"shipping-taxable","19":"product-type-simple","20":"entry","21":"content-bg","22":"loop-entry"},"_links":{"self":[{"href":"https:\/\/zzlcmachinery.com\/es\/wp-json\/wp\/v2\/product\/867","targetHints":{"allow":["GET"]}}],"collection":[{"href":"https:\/\/zzlcmachinery.com\/es\/wp-json\/wp\/v2\/product"}],"about":[{"href":"https:\/\/zzlcmachinery.com\/es\/wp-json\/wp\/v2\/types\/product"}],"version-history":[{"count":0,"href":"https:\/\/zzlcmachinery.com\/es\/wp-json\/wp\/v2\/product\/867\/revisions"}],"wp:featuredmedia":[{"embeddable":true,"href":"https:\/\/zzlcmachinery.com\/es\/wp-json\/wp\/v2\/media\/1535"}],"wp:attachment":[{"href":"https:\/\/zzlcmachinery.com\/es\/wp-json\/wp\/v2\/media?parent=867"}],"wp:term":[{"taxonomy":"product_brand","embeddable":true,"href":"https:\/\/zzlcmachinery.com\/es\/wp-json\/wp\/v2\/product_brand?post=867"},{"taxonomy":"product_cat","embeddable":true,"href":"https:\/\/zzlcmachinery.com\/es\/wp-json\/wp\/v2\/product_cat?post=867"},{"taxonomy":"product_tag","embeddable":true,"href":"https:\/\/zzlcmachinery.com\/es\/wp-json\/wp\/v2\/product_tag?post=867"}],"curies":[{"name":"wp","href":"https:\/\/api.w.org\/{rel}","templated":true}]}}