{"id":865,"date":"2022-11-10T00:19:56","date_gmt":"2022-11-09T16:19:56","guid":{"rendered":"https:\/\/zzlcmachinery.com\/?post_type=product&#038;p=865"},"modified":"2022-11-14T22:42:35","modified_gmt":"2022-11-14T14:42:35","slug":"lc-dl60s-cheapest-square-tube-flat-iron-square-steel-embossing-machine","status":"publish","type":"product","link":"https:\/\/zzlcmachinery.com\/es\/producto\/lc-dl60s-cheapest-square-tube-flat-iron-square-steel-embossing-machine\/","title":{"rendered":"M\u00e1quina de estampado de acero cuadrado de hierro plano de tubo cuadrado m\u00e1s barato LC-DL60S"},"content":{"rendered":"","protected":false},"excerpt":{"rendered":"<p>Esta m\u00e1quina de estampado de acero cuadrado de hierro plano de tubo cuadrado m\u00e1s barata LC-DL60S es un equipo profesional para laminaci\u00f3n en fr\u00edo y materiales de forja. Esta m\u00e1quina puede procesar tubos cuadrados, acero cuadrado, iorn plano con dimensiones comunes internacionales. En comparaci\u00f3n con el mismo tipo de m\u00e1quina de estampado en fr\u00edo, el costo del molde de esta m\u00e1quina se reduce mucho, como el procesamiento de tubos cuadrados, no hay necesidad de pague y grabe un conjunto de moldes para cada tubo cuadrado de diferentes tama\u00f1os, el tubo cuadrado de 20 \u00d7 20-80x80 mm es una combinaci\u00f3n. El molde se puede combinar libremente en un molde adecuado para tubos cuadrados de cualquier tama\u00f1o a trav\u00e9s de la superposici\u00f3n de juntas. Tambi\u00e9n se puede procesados incluyendo tubos rectangulares y tubos de acero inoxidable.<br \/>\n<strong>PAR\u00c1METRO T\u00c9CNICO<\/strong><br \/>\n<strong>Plancha:<\/strong> \u226410\u00d750 mm<br \/>\n<strong>Acero cuadrado:<\/strong>\u00a0\u226425\u00d725 mm<br \/>\n<strong>Tubo cuadrado:<\/strong> \u226480x80mm<br \/>\n<strong>Fuerza:<\/strong> 4KW<br \/>\n<strong>Voltaje:<\/strong> 220V\/380V<br \/>\n<strong>Dimensi\u00f3n de embalaje:<\/strong> 1000\u00d7800\u00d71200mm<br \/>\n<strong>NO (kg):<\/strong> 450<br \/>\n<strong>GW (kg):<\/strong> 500<\/p>","protected":false},"featured_media":888,"template":"","meta":{"_kad_post_transparent":"default","_kad_post_title":"hide","_kad_post_layout":"fullwidth","_kad_post_sidebar_id":"","_kad_post_content_style":"unboxed","_kad_post_vertical_padding":"hide","_kad_post_feature":"hide","_kad_post_feature_position":"","_kad_post_header":false,"_kad_post_footer":false},"product_brand":[],"product_cat":[29,19],"product_tag":[381,382,47,386,379,378,380,384,383,385,44,111],"class_list":{"0":"post-865","1":"product","2":"type-product","3":"status-publish","4":"has-post-thumbnail","6":"product_cat-electric-wrought-iron-processing-machine","7":"product_cat-cold-rolling-embossing-machine","8":"product_tag-china-metal-craft-embossing-equiment","9":"product_tag-china-wrought-iron-machine-and-cold-rolling-embossing-machine","10":"product_tag-cold-rolling-embossing-machine","11":"product_tag-flat-iorn-embossing-machine","12":"product_tag-iron-embossing-machine","13":"product_tag-lc-dl60s-cheapest-square-tube-flat-iron-square-steel-embossing-machine","14":"product_tag-professional-cold-rolling-metal-plate-embossing-machine","15":"product_tag-sauare-steel-embossing-machine","16":"product_tag-square-tube-embossing-machine","17":"product_tag-stainless-steel-pipe-embossing-machine","18":"product_tag-wrought-iron-embossing-machine","19":"product_tag-wrought-iron-machine","21":"first","22":"instock","23":"shipping-taxable","24":"product-type-simple","25":"entry","26":"content-bg","27":"loop-entry"},"_links":{"self":[{"href":"https:\/\/zzlcmachinery.com\/es\/wp-json\/wp\/v2\/product\/865","targetHints":{"allow":["GET"]}}],"collection":[{"href":"https:\/\/zzlcmachinery.com\/es\/wp-json\/wp\/v2\/product"}],"about":[{"href":"https:\/\/zzlcmachinery.com\/es\/wp-json\/wp\/v2\/types\/product"}],"version-history":[{"count":0,"href":"https:\/\/zzlcmachinery.com\/es\/wp-json\/wp\/v2\/product\/865\/revisions"}],"wp:featuredmedia":[{"embeddable":true,"href":"https:\/\/zzlcmachinery.com\/es\/wp-json\/wp\/v2\/media\/888"}],"wp:attachment":[{"href":"https:\/\/zzlcmachinery.com\/es\/wp-json\/wp\/v2\/media?parent=865"}],"wp:term":[{"taxonomy":"product_brand","embeddable":true,"href":"https:\/\/zzlcmachinery.com\/es\/wp-json\/wp\/v2\/product_brand?post=865"},{"taxonomy":"product_cat","embeddable":true,"href":"https:\/\/zzlcmachinery.com\/es\/wp-json\/wp\/v2\/product_cat?post=865"},{"taxonomy":"product_tag","embeddable":true,"href":"https:\/\/zzlcmachinery.com\/es\/wp-json\/wp\/v2\/product_tag?post=865"}],"curies":[{"name":"wp","href":"https:\/\/api.w.org\/{rel}","templated":true}]}}