{"id":834,"date":"2022-11-04T22:29:01","date_gmt":"2022-11-04T14:29:01","guid":{"rendered":"https:\/\/zzlcmachinery.com\/?post_type=product&#038;p=834"},"modified":"2022-11-26T00:47:30","modified_gmt":"2022-11-25T16:47:30","slug":"lc120-hydraulic-decorative-iron-pipe-iron-tube-twisting-machine","status":"publish","type":"product","link":"https:\/\/zzlcmachinery.com\/es\/producto\/lc120-hydraulic-decorative-iron-pipe-iron-tube-twisting-machine\/","title":{"rendered":"LC120 Hidr\u00e1ulica decorativa Tubo de hierro M\u00e1quina de torsi\u00f3n de tubos de hierro"},"content":{"rendered":"","protected":false},"excerpt":{"rendered":"<p>Esta m\u00e1quina torsionadora hidr\u00e1ulica de tubos de hierro decorativos LC120 solo se utiliza para procesar tubos redondos. La funci\u00f3n de la m\u00e1quina radica en la apariencia de varios patrones despu\u00e9s de que se procesan los tubos redondos. Estos productos semiacabados se utilizan principalmente en las barandillas y los soportes del esqueleto de puertas, ventanas, escaleras y pasamanos. No solo son hermosos sino tambi\u00e9n muy fuertes, los materiales utilizados son tubos redondos, por lo que en comparaci\u00f3n con puertas y ventanas s\u00f3lidas y pasamanos, el costo se reduce en m\u00e1s de 50%-80%. Es muy adecuado para herrer\u00edas que operan puertas y ventanas a gran escala. Esta m\u00e1quina retorcedora de tubos sol\u00eda procesar tubos redondos con un di\u00e1metro de 60-120 mm. Los tubos redondos se pueden convertir en tubos redondos, tubos cuadrados, tubos de 6 esquinas, tubos de 12 esquinas, tubos de 16 esquinas, etc. Despu\u00e9s del procesamiento. Estos tubos procesados tambi\u00e9n pueden tener varias formas de patr\u00f3n, que se fabrican principalmente mediante la torsi\u00f3n repetida de la m\u00e1quina. La densidad del patr\u00f3n y la profundidad del patr\u00f3n se pueden lograr ajustando el sistema hidr\u00e1ulico y los interruptores de l\u00edmite.<br \/>\nSe debe prestar especial atenci\u00f3n a que el espesor del tubo redondo no supere los 2,5 mm.<br \/>\nTome el tubo redondo convertido en un tubo cuadrado como ejemplo, tubo redondo con un di\u00e1metro de \u03c6 50 mm, \u03c6 60 mm, \u03c6 76 mm, \u03c6 89 mm, \u03c6 114 mm convertido en tubo cuadrado \u53e3 40 mm \u53e3 50 mm \u53e3 60 mm \u53e3 70 mm \u53e3 90 mm)<br \/>\nServicio en l\u00ednea las 24 horas. \u00a1H\u00e1ganos saber si tiene alguna pregunta!<br \/>\n<strong>PAR\u00c1METRO T\u00c9CNICO<br \/>\n<\/strong><strong>Modelo :LC-JKLG120<br \/>\nMaterial de procesamiento: Tubo redondo\u2264\u03a6120mmx3mm<br \/>\nDimensiones del producto terminado:<\/strong><br \/>\n<strong>tubo redondo<\/strong>\u2264\u03a6120mmx2.5mm<br \/>\n<strong>tubo plano<\/strong> \u2264 90x60x2,5 mm<br \/>\n<strong>Tubo cuadrado<\/strong>\u226440x40x2.5-90x90x2.5mm<br \/>\n<strong style=\"font-family: var(--global-body-font-family);\">Fuerza:<\/strong><span style=\"font-family: var(--global-body-font-family);\"> 11.7KW<br \/>\n<\/span><strong>Para troqueles gratis:<\/strong>6 juegos<br \/>\n<strong>Voltaje:<\/strong>\u00a0220V\/380V\/415V<br \/>\n<strong>Dimensi\u00f3n de embalaje:<\/strong>800*1200*700mm<strong><br \/>\n<\/strong><strong>NO (kg):<\/strong> 2500\u00a0 \u00a0 <strong>GW (kg):<\/strong> 2550<\/p>","protected":false},"featured_media":861,"template":"","meta":{"_kad_post_transparent":"default","_kad_post_title":"","_kad_post_layout":"default","_kad_post_sidebar_id":"","_kad_post_content_style":"default","_kad_post_vertical_padding":"default","_kad_post_feature":"","_kad_post_feature_position":"","_kad_post_header":false,"_kad_post_footer":false},"product_brand":[],"product_cat":[20,31],"product_tag":[350,353,354,339,349,343,355,351,352,111,347],"class_list":{"0":"post-834","1":"product","2":"type-product","3":"status-publish","4":"has-post-thumbnail","6":"product_cat-wrought-iron-twisting-machine","7":"product_cat-electric-pipe-twisting-machine","8":"product_tag-decorate-metal-pipe-tube-twist-wrought-iron-machine","9":"product_tag-decorative-pipe-tube-twisting-machine-pipe-threading-machine","10":"product_tag-factory-hot-sell-automatic-round-stainless-steel-pipe-twisting-machine","11":"product_tag-fully-automatic-multi-functional-round-tube-twisting-machine","12":"product_tag-iron-pipe-stainless-steel-pipe-tube-drawing-machine","13":"product_tag-ornamental-wrought-iron-round-pipe-twisting-making-machine","14":"product_tag-pipe-twisting-machine-for-wrought-iron","15":"product_tag-ss-tube-twisting-design-machine-wrought-iron-threading-pipe-machinery-price","16":"product_tag-tube-twisting-machine-spiral-twist-threading-round-metal-pipes-rotary-swaging-equipments","17":"product_tag-wrought-iron-machine","18":"product_tag-wrought-iron-tube-twisting-machine-for-steel-pipe","20":"first","21":"instock","22":"featured","23":"shipping-taxable","24":"product-type-simple","25":"entry","26":"content-bg","27":"loop-entry"},"_links":{"self":[{"href":"https:\/\/zzlcmachinery.com\/es\/wp-json\/wp\/v2\/product\/834","targetHints":{"allow":["GET"]}}],"collection":[{"href":"https:\/\/zzlcmachinery.com\/es\/wp-json\/wp\/v2\/product"}],"about":[{"href":"https:\/\/zzlcmachinery.com\/es\/wp-json\/wp\/v2\/types\/product"}],"version-history":[{"count":0,"href":"https:\/\/zzlcmachinery.com\/es\/wp-json\/wp\/v2\/product\/834\/revisions"}],"wp:featuredmedia":[{"embeddable":true,"href":"https:\/\/zzlcmachinery.com\/es\/wp-json\/wp\/v2\/media\/861"}],"wp:attachment":[{"href":"https:\/\/zzlcmachinery.com\/es\/wp-json\/wp\/v2\/media?parent=834"}],"wp:term":[{"taxonomy":"product_brand","embeddable":true,"href":"https:\/\/zzlcmachinery.com\/es\/wp-json\/wp\/v2\/product_brand?post=834"},{"taxonomy":"product_cat","embeddable":true,"href":"https:\/\/zzlcmachinery.com\/es\/wp-json\/wp\/v2\/product_cat?post=834"},{"taxonomy":"product_tag","embeddable":true,"href":"https:\/\/zzlcmachinery.com\/es\/wp-json\/wp\/v2\/product_tag?post=834"}],"curies":[{"name":"wp","href":"https:\/\/api.w.org\/{rel}","templated":true}]}}