{"id":832,"date":"2022-11-04T20:23:29","date_gmt":"2022-11-04T12:23:29","guid":{"rendered":"https:\/\/zzlcmachinery.com\/?post_type=product&#038;p=832"},"modified":"2022-11-26T00:47:32","modified_gmt":"2022-11-25T16:47:32","slug":"lc-jklg60-aotumatic-multi-function-round-pipe-twisting-machine","status":"publish","type":"product","link":"https:\/\/zzlcmachinery.com\/es\/producto\/lc-jklg60-aotumatic-multi-function-round-pipe-twisting-machine\/","title":{"rendered":"LC-JKLG60 Aotumatic M\u00e1quina de torsi\u00f3n de tubos redondos multifunci\u00f3n"},"content":{"rendered":"","protected":false},"excerpt":{"rendered":"<p>Esta m\u00e1quina torsionadora de tubos redondos multifunci\u00f3n LC-JKLG60 Aotumatic puede dibujar y procesar tubos redondos en espiral, tubos cuadrados alineados, tubos planos con diferentes espesores y patrones.<br \/>\nLa m\u00e1quina puede producir y procesar tubos redondos con un di\u00e1metro de no m\u00e1s de 60 mm y un espesor de menos de 1,2 mm en tubos en espiral. El tubo redondo se puede convertir en tubo cuadrado, tubo de 6 esquinas, tubo de 8 esquinas, tubo de 16 esquinas y otros patrones.<br \/>\nTirando de la m\u00e1quina se pueden procesar varios patrones en acero inoxidable bajo moldes especiales. El material procesado no solo es hermoso en apariencia, duradero y fuerte, sino tambi\u00e9n porque es hueco. El material ser\u00e1 el doble del costo del material del material s\u00f3lido. Es una m\u00e1quina esencial para el procesamiento de puertas, ventanas, escaleras, pasamanos y vallas.<br \/>\nServicio en l\u00ednea las 24 horas. \u00a1H\u00e1ganos saber si tiene alguna pregunta!<br \/>\n<strong>PAR\u00c1METRO T\u00c9CNICO<br \/>\n<\/strong><strong>Modelo :LC-JKLG60<br \/>\nMaterial de procesamiento: Tubo redondo\u2264\u03a660mmx1.2mm<br \/>\nDimensiones del producto terminado:<\/strong><br \/>\nRedondo<strong> tubo<\/strong>\u2264\u03a660mmx1.2mm<br \/>\nTubo plano \u2264 60x30x1,2 mm<br \/>\nTubo cuadrado\u226415x15x1.2-60x60x1.2mm<br \/>\n<strong style=\"font-family: var(--global-body-font-family);\">Fuerza:<\/strong><span style=\"font-family: var(--global-body-font-family);\"> 7.5KW<br \/>\n<\/span><strong>Para troqueles gratis:<\/strong>6 juegos<br \/>\n<strong>Voltaje:<\/strong>\u00a0220V\/380V\/415V<br \/>\n<strong>Dimensi\u00f3n de embalaje:<\/strong>800*1200*700mm<strong><br \/>\n<\/strong><strong>NO (kg):<\/strong> 1100\u00a0 \u00a0 \u00a0<strong>GW (kg):<\/strong> 1150<\/p>","protected":false},"featured_media":848,"template":"","meta":{"_kad_post_transparent":"default","_kad_post_title":"","_kad_post_layout":"default","_kad_post_sidebar_id":"","_kad_post_content_style":"default","_kad_post_vertical_padding":"default","_kad_post_feature":"","_kad_post_feature_position":"","_kad_post_header":false,"_kad_post_footer":false},"product_brand":[],"product_cat":[20,31,29],"product_tag":[333,334,335,336,337,338,339,340,341,342,343,344,348,345,346,347],"class_list":{"0":"post-832","1":"product","2":"type-product","3":"status-publish","4":"has-post-thumbnail","6":"product_cat-wrought-iron-twisting-machine","7":"product_cat-electric-pipe-twisting-machine","8":"product_cat-electric-wrought-iron-processing-machine","9":"product_tag-aotumatic-multi-function-round-pipe-twisting-machine","10":"product_tag-automatic-rod-pipe-twisting-machine-equipment-with-best-price","11":"product_tag-automatic-tube-threading-pipe-twisting-machine","12":"product_tag-electric-metal-twisting-machine-twist-forming-metal-gate-door-processing-equipment","13":"product_tag-factory-hot-sale-automatic-round-stainless-steel-pipe-twisting-machine","14":"product_tag-finished-products-by-pipe-twisting-machine-2","15":"product_tag-fully-automatic-multi-functional-round-tube-twisting-machine","16":"product_tag-metal-wrought-iron-pipe-twisting-machine-with-factory-price","17":"product_tag-moulds-for-pipe-twisting-machine","18":"product_tag-new-automatic-round-pipe-twisting-machine-for-square-pipe-twisting-shape","19":"product_tag-ornamental-wrought-iron-round-pipe-twisting-making-machine","20":"product_tag-pipe-embossing-and-stretching-machine","21":"product_tag-round-pipe-twisting-machine","22":"product_tag-stainless-steel-pipe-twisting-forming-machine-with-square-pipe-twisting-shape","23":"product_tag-wrought-iron-pipe-twist-and-bend-machine-copper-pipe-twisting-machine","24":"product_tag-wrought-iron-tube-twisting-machine-for-steel-pipe","26":"first","27":"instock","28":"featured","29":"shipping-taxable","30":"product-type-simple","31":"entry","32":"content-bg","33":"loop-entry"},"_links":{"self":[{"href":"https:\/\/zzlcmachinery.com\/es\/wp-json\/wp\/v2\/product\/832","targetHints":{"allow":["GET"]}}],"collection":[{"href":"https:\/\/zzlcmachinery.com\/es\/wp-json\/wp\/v2\/product"}],"about":[{"href":"https:\/\/zzlcmachinery.com\/es\/wp-json\/wp\/v2\/types\/product"}],"version-history":[{"count":0,"href":"https:\/\/zzlcmachinery.com\/es\/wp-json\/wp\/v2\/product\/832\/revisions"}],"wp:featuredmedia":[{"embeddable":true,"href":"https:\/\/zzlcmachinery.com\/es\/wp-json\/wp\/v2\/media\/848"}],"wp:attachment":[{"href":"https:\/\/zzlcmachinery.com\/es\/wp-json\/wp\/v2\/media?parent=832"}],"wp:term":[{"taxonomy":"product_brand","embeddable":true,"href":"https:\/\/zzlcmachinery.com\/es\/wp-json\/wp\/v2\/product_brand?post=832"},{"taxonomy":"product_cat","embeddable":true,"href":"https:\/\/zzlcmachinery.com\/es\/wp-json\/wp\/v2\/product_cat?post=832"},{"taxonomy":"product_tag","embeddable":true,"href":"https:\/\/zzlcmachinery.com\/es\/wp-json\/wp\/v2\/product_tag?post=832"}],"curies":[{"name":"wp","href":"https:\/\/api.w.org\/{rel}","templated":true}]}}