{"id":807,"date":"2022-11-01T20:30:06","date_gmt":"2022-11-01T12:30:06","guid":{"rendered":"https:\/\/zzlcmachinery.com\/?post_type=product&#038;p=807"},"modified":"2022-11-22T14:55:42","modified_gmt":"2022-11-22T06:55:42","slug":"lc-dk-hydraulic-folding-welding-spot-square-buckle-machine-for-forging-handrail","status":"publish","type":"product","link":"https:\/\/zzlcmachinery.com\/es\/producto\/lc-dk-hydraulic-folding-welding-spot-square-buckle-machine-for-forging-handrail\/","title":{"rendered":"LC-DK M\u00e1quina de hebilla cuadrada de punto de soldadura plegable hidr\u00e1ulica para barandilla de forja"},"content":{"rendered":"","protected":false},"excerpt":{"rendered":"<p>Esta m\u00e1quina hidr\u00e1ulica para doblar hebillas cuadradas por puntos de soldadura LC-DK es un equipo hidr\u00e1ulico semiautom\u00e1tico para enrollar hebillas. El sistema hidr\u00e1ulico es la principal fuerza motriz. Realiza principalmente la funci\u00f3n de envoltura en el punto de soldadura de piezas est\u00e1ndar de hierro forjado y barandillas de escaleras. Una m\u00e1quina imprescindible para el procesamiento art\u00edstico de metales al estilo europeo.<br \/>\nEsta m\u00e1quina tiene dos modos de operaci\u00f3n: procesamiento manual y procesamiento autom\u00e1tico. El procesamiento Jog puede procesar hebillas en c\u00e1mara lenta. Se utiliza principalmente para la depuraci\u00f3n de m\u00e1quinas y la depuraci\u00f3n de piezas est\u00e1ndar y selecci\u00f3n de hebillas. La funci\u00f3n de procesamiento autom\u00e1tico puede abrocharse continuamente, ahorrando tiempo y mano de obra.<br \/>\nLa funci\u00f3n de esta m\u00e1quina es empacar el punto de soldadura por el bot\u00f3n de acero, para que el bot\u00f3n no se caliente, lo cual es diferente al pasado. Las caracter\u00edsticas r\u00e1pidas y eficientes disfrutan de una gran reputaci\u00f3n en la l\u00ednea de producci\u00f3n de hierro.<br \/>\nServicio en l\u00ednea las 24 horas. \u00a1H\u00e1ganos saber si tiene alguna pregunta!<br \/>\n<strong>PAR\u00c1METRO T\u00c9CNICO<br \/>\n<\/strong><strong>Modelo :LC-DK<br \/>\nMaterial de procesamiento: acero dulce<br \/>\nEl tama\u00f1o de la hebilla de procesamiento:<\/strong>\u00a0\u226436x20mm<br \/>\n<strong>Fuerza:<\/strong> 2.2KW<br \/>\n<strong>Troqueles gratis: 4 juegos<\/strong><br \/>\n<strong>Voltaje:<\/strong>\u00a0220V\/380V\/415V<br \/>\n<strong>Dimensi\u00f3n de embalaje:<\/strong> 860\u00d7780\u00d71480mm<br \/>\n<strong>NO (kg):<\/strong> 550\u00a0 \u00a0 \u00a0<strong>GW (kg):<\/strong> 600<\/p>","protected":false},"featured_media":809,"template":"","meta":{"_kad_post_transparent":"default","_kad_post_title":"","_kad_post_layout":"default","_kad_post_sidebar_id":"","_kad_post_content_style":"default","_kad_post_vertical_padding":"default","_kad_post_feature":"","_kad_post_feature_position":"","_kad_post_header":false,"_kad_post_footer":false},"product_brand":[],"product_cat":[29],"product_tag":[320,318,319,321,111,322],"class_list":{"0":"post-807","1":"product","2":"type-product","3":"status-publish","4":"has-post-thumbnail","6":"product_cat-electric-wrought-iron-processing-machine","7":"product_tag-hydraulic-folding-welding-spot-square-buckle-machine-for-forging-handrail","8":"product_tag-hydraulic-wrought-iron-folding-square-buckle-machine-for-fence-staircase-welding-spot","9":"product_tag-hydraulic-wrought-iron-forging-handrail-welding-spot-square-buckle-machine","10":"product_tag-welding-buckle-machine-for-wrought-iron","11":"product_tag-wrought-iron-machine","12":"product_tag-wrought-iron-metal-buckle-machine","14":"first","15":"instock","16":"shipping-taxable","17":"product-type-simple","18":"entry","19":"content-bg","20":"loop-entry"},"_links":{"self":[{"href":"https:\/\/zzlcmachinery.com\/es\/wp-json\/wp\/v2\/product\/807","targetHints":{"allow":["GET"]}}],"collection":[{"href":"https:\/\/zzlcmachinery.com\/es\/wp-json\/wp\/v2\/product"}],"about":[{"href":"https:\/\/zzlcmachinery.com\/es\/wp-json\/wp\/v2\/types\/product"}],"version-history":[{"count":0,"href":"https:\/\/zzlcmachinery.com\/es\/wp-json\/wp\/v2\/product\/807\/revisions"}],"wp:featuredmedia":[{"embeddable":true,"href":"https:\/\/zzlcmachinery.com\/es\/wp-json\/wp\/v2\/media\/809"}],"wp:attachment":[{"href":"https:\/\/zzlcmachinery.com\/es\/wp-json\/wp\/v2\/media?parent=807"}],"wp:term":[{"taxonomy":"product_brand","embeddable":true,"href":"https:\/\/zzlcmachinery.com\/es\/wp-json\/wp\/v2\/product_brand?post=807"},{"taxonomy":"product_cat","embeddable":true,"href":"https:\/\/zzlcmachinery.com\/es\/wp-json\/wp\/v2\/product_cat?post=807"},{"taxonomy":"product_tag","embeddable":true,"href":"https:\/\/zzlcmachinery.com\/es\/wp-json\/wp\/v2\/product_tag?post=807"}],"curies":[{"name":"wp","href":"https:\/\/api.w.org\/{rel}","templated":true}]}}