{"id":766,"date":"2022-11-01T00:17:04","date_gmt":"2022-10-31T16:17:04","guid":{"rendered":"https:\/\/zzlcmachinery.com\/?post_type=product&#038;p=766"},"modified":"2022-11-22T15:10:56","modified_gmt":"2022-11-22T07:10:56","slug":"w12-professional-manual-scroll-bending-tool-with-12-free-dies-for-wrought-iron","status":"publish","type":"product","link":"https:\/\/zzlcmachinery.com\/es\/producto\/w12-professional-manual-scroll-bending-tool-con-12-troqueles-libres-para-hierro-forjado\/","title":{"rendered":"Herramienta manual profesional para doblar rollos W12 con 12 troqueles gratis para hierro forjado"},"content":{"rendered":"","protected":false},"excerpt":{"rendered":"<p>Esta herramienta de doblado manual profesional LC-W12 con 12 troqueles libres para hierro forjado es una herramienta manual de bricolaje para procesar hierro plano, acero cuadrado y acero redondo en forma de &quot;S&quot;, &quot;C&quot; y &quot;P&quot;.<br \/>\nEsta m\u00e1quina dobladora manual tiene 12 juegos de troqueles de doblado libre, que es un conjunto de m\u00e1quinas dobladoras con la mayor\u00eda de los moldes en la m\u00e1quina dobladora. Esta ventaja, sin duda, aumenta al m\u00e1ximo el rango de procesamiento de la m\u00e1quina y enriquece los tipos de patrones que se pueden completar. Se trata de una serie de plegadoras manuales necesarias para el bricolaje dom\u00e9stico del metal y la etapa inicial de la herrer\u00eda.<br \/>\nEsta m\u00e1quina solo tiene la funci\u00f3n de doblar flores en espiral, puede doblar hierro plano, acero cuadrado y acero redondo con forma de &quot;S&quot;, &quot;C&quot; y &quot;P&quot;.<br \/>\nServicio en l\u00ednea las 24 horas. \u00a1H\u00e1ganos saber si tiene alguna pregunta!<br \/>\n<strong>PAR\u00c1METRO T\u00c9CNICO<br \/>\n<\/strong><strong>Modelo :LC-W12<br \/>\nplancha\u00a0<\/strong> \u00a0 \u22645mm*30mm<br \/>\n<strong>Acero redondo<\/strong> \u2264\u03a610mm<br \/>\n<strong>Acero cuadrado<\/strong> \u226410mm*10mm<br \/>\n<strong>Fuerza:<\/strong> Manual<br \/>\n<strong>Dimensi\u00f3n de embalaje:<\/strong> 200\u00d7200\u00d7400mm<br \/>\n<strong>NO (kg):<\/strong>45<br \/>\n<strong>GW (kg): 50<\/strong><\/p>","protected":false},"featured_media":776,"template":"","meta":{"_kad_post_transparent":"default","_kad_post_title":"","_kad_post_layout":"default","_kad_post_sidebar_id":"","_kad_post_content_style":"default","_kad_post_vertical_padding":"default","_kad_post_feature":"","_kad_post_feature_position":"","_kad_post_header":false,"_kad_post_footer":false},"product_brand":[],"product_cat":[33,34],"product_tag":[281,282,253,280,268,277,279,278,239,176],"class_list":{"0":"post-766","1":"product","2":"type-product","3":"status-publish","4":"has-post-thumbnail","6":"product_cat-manual-wrounght-iron-processing-tools","7":"product_cat-manual-scroll-bender","8":"product_tag-bending-machine-for-sale","9":"product_tag-buy-manual-scroll-bending-machine","10":"product_tag-buy-wrought-iron-scroll-bender","11":"product_tag-dies-for-w12-manual-scroll-bending-machine","12":"product_tag-diy-metal-working-tools","13":"product_tag-manual-scroll-bender","14":"product_tag-manual-steel-scroll-bending-tools","15":"product_tag-professional-manual-metal-scroll-bending-tool-with-12-sets-free-dies-for-wrought-iron","16":"product_tag-scroll-bender-machine-for-flat-iron-round-pipe-square-steel-square-tube","17":"product_tag-wrought-iron-scroll-bender-for-sale","19":"first","20":"instock","21":"shipping-taxable","22":"product-type-simple","23":"entry","24":"content-bg","25":"loop-entry"},"_links":{"self":[{"href":"https:\/\/zzlcmachinery.com\/es\/wp-json\/wp\/v2\/product\/766","targetHints":{"allow":["GET"]}}],"collection":[{"href":"https:\/\/zzlcmachinery.com\/es\/wp-json\/wp\/v2\/product"}],"about":[{"href":"https:\/\/zzlcmachinery.com\/es\/wp-json\/wp\/v2\/types\/product"}],"version-history":[{"count":0,"href":"https:\/\/zzlcmachinery.com\/es\/wp-json\/wp\/v2\/product\/766\/revisions"}],"wp:featuredmedia":[{"embeddable":true,"href":"https:\/\/zzlcmachinery.com\/es\/wp-json\/wp\/v2\/media\/776"}],"wp:attachment":[{"href":"https:\/\/zzlcmachinery.com\/es\/wp-json\/wp\/v2\/media?parent=766"}],"wp:term":[{"taxonomy":"product_brand","embeddable":true,"href":"https:\/\/zzlcmachinery.com\/es\/wp-json\/wp\/v2\/product_brand?post=766"},{"taxonomy":"product_cat","embeddable":true,"href":"https:\/\/zzlcmachinery.com\/es\/wp-json\/wp\/v2\/product_cat?post=766"},{"taxonomy":"product_tag","embeddable":true,"href":"https:\/\/zzlcmachinery.com\/es\/wp-json\/wp\/v2\/product_tag?post=766"}],"curies":[{"name":"wp","href":"https:\/\/api.w.org\/{rel}","templated":true}]}}