{"id":741,"date":"2022-10-31T00:04:18","date_gmt":"2022-10-30T16:04:18","guid":{"rendered":"https:\/\/zzlcmachinery.com\/?post_type=product&#038;p=741"},"modified":"2022-11-22T15:20:15","modified_gmt":"2022-11-22T07:20:15","slug":"lc-w3-manual-metal-craft-scroll-bender","status":"publish","type":"product","link":"https:\/\/zzlcmachinery.com\/es\/producto\/lc-w3-manual-metal-craft-scroll-bender\/","title":{"rendered":"Dobladora manual de rollos para manualidades de metal LC-W3"},"content":{"rendered":"","protected":false},"excerpt":{"rendered":"<p>LC-W3 Manual Metal Craft Scroll Bender, a trav\u00e9s de la integraci\u00f3n y modificaci\u00f3n t\u00e9cnica, esta m\u00e1quina dobladora manual combina m\u00faltiples m\u00e1quinas dobladoras manuales originales en una m\u00e1quina dobladora manual multifuncional, que ha cambiado de la peque\u00f1a capacidad de procesamiento original a la capacidad de procesamiento que ahora puede ser comparable al de la maquinaria el\u00e9ctrica. Mejore la precisi\u00f3n y la resistencia del producto, y hay manuales, moldes de equipos y moldes de m\u00e1quinas dobladoras el\u00e9ctricas que son comunes, f\u00e1ciles de operar, ahorran energ\u00eda y son ecol\u00f3gicos.<br \/>\nEste producto puede procesar acero cuadrado, tubo cuadrado, hierro plano, acero redondo, tubo redondo en forma de P, S, C, estos patrones pueden usarse ampliamente en el procesamiento, puertas, escaleras, cercas, muebles de hierro forjado, etc. El doblado manual m\u00e1quina es definitivamente una buena opci\u00f3n para la etapa inicial de la carrera del herrero.<br \/>\nServicio en l\u00ednea las 24 horas. \u00a1H\u00e1ganos saber si tiene alguna pregunta!<br \/>\n<strong>PAR\u00c1METRO T\u00c9CNICO<br \/>\n<\/strong><strong>Modelo :LC-W5<br \/>\nPlancha:<\/strong>\u226430*5mm<br \/>\n<strong>Acero redondo:<\/strong> \u2264\u03c610mm<br \/>\n<strong>Acero cuadrado:<\/strong>\u226410*10mm<br \/>\n<strong>Fuerza:<\/strong> Manual<br \/>\n<strong>Dimensi\u00f3n de embalaje:<\/strong> 500\u00d7500\u00d7500mm<br \/>\n<strong>NO (kg):<\/strong>40<br \/>\n<strong>GW (kg):<\/strong>45<\/p>","protected":false},"featured_media":743,"template":"","meta":{"_kad_post_transparent":"default","_kad_post_title":"","_kad_post_layout":"default","_kad_post_sidebar_id":"","_kad_post_content_style":"default","_kad_post_vertical_padding":"default","_kad_post_feature":"","_kad_post_feature_position":"","_kad_post_header":false,"_kad_post_footer":false},"product_brand":[],"product_cat":[33,34],"product_tag":[253,248,258,247,246,245,244,251,250,254,72,249,252,255,256,257],"class_list":{"0":"post-741","1":"product","2":"type-product","3":"status-publish","4":"has-post-thumbnail","6":"product_cat-manual-wrounght-iron-processing-tools","7":"product_cat-manual-scroll-bender","8":"product_tag-buy-wrought-iron-scroll-bender","9":"product_tag-diy-metal-scroll-bender-2022","10":"product_tag-ellsen-wrought-iron-machinery-factory","11":"product_tag-homemade-metal-scroll-bender-iron-projects","12":"product_tag-how-to-make-a-scroll-bender","13":"product_tag-manual-metal-craft-scroll-bender","14":"product_tag-manual-ornamental-iron-scroll-bender-tools","15":"product_tag-metal-bender-machine","16":"product_tag-metal-craft-bending-tools-ornametal-scroll-bender","17":"product_tag-metal-craft-hand-tools","18":"product_tag-metal-scroll-bender","19":"product_tag-metalcraft-scroll-bender","20":"product_tag-scroll-bender-manual","21":"product_tag-scroll-bender-product","22":"product_tag-scroll-benders-metal-tool-bender-machine","23":"product_tag-scrolls-fabrication-metalcraft","25":"first","26":"instock","27":"shipping-taxable","28":"product-type-simple","29":"entry","30":"content-bg","31":"loop-entry"},"_links":{"self":[{"href":"https:\/\/zzlcmachinery.com\/es\/wp-json\/wp\/v2\/product\/741","targetHints":{"allow":["GET"]}}],"collection":[{"href":"https:\/\/zzlcmachinery.com\/es\/wp-json\/wp\/v2\/product"}],"about":[{"href":"https:\/\/zzlcmachinery.com\/es\/wp-json\/wp\/v2\/types\/product"}],"version-history":[{"count":0,"href":"https:\/\/zzlcmachinery.com\/es\/wp-json\/wp\/v2\/product\/741\/revisions"}],"wp:featuredmedia":[{"embeddable":true,"href":"https:\/\/zzlcmachinery.com\/es\/wp-json\/wp\/v2\/media\/743"}],"wp:attachment":[{"href":"https:\/\/zzlcmachinery.com\/es\/wp-json\/wp\/v2\/media?parent=741"}],"wp:term":[{"taxonomy":"product_brand","embeddable":true,"href":"https:\/\/zzlcmachinery.com\/es\/wp-json\/wp\/v2\/product_brand?post=741"},{"taxonomy":"product_cat","embeddable":true,"href":"https:\/\/zzlcmachinery.com\/es\/wp-json\/wp\/v2\/product_cat?post=741"},{"taxonomy":"product_tag","embeddable":true,"href":"https:\/\/zzlcmachinery.com\/es\/wp-json\/wp\/v2\/product_tag?post=741"}],"curies":[{"name":"wp","href":"https:\/\/api.w.org\/{rel}","templated":true}]}}