{"id":727,"date":"2022-10-30T20:46:07","date_gmt":"2022-10-30T12:46:07","guid":{"rendered":"https:\/\/zzlcmachinery.com\/?post_type=product&#038;p=727"},"modified":"2022-11-22T15:27:33","modified_gmt":"2022-11-22T07:27:33","slug":"lc-hd14-multifunction-wrought-iron-ornamental-scroll-bender","status":"publish","type":"product","link":"https:\/\/zzlcmachinery.com\/es\/producto\/lc-hd14-multifunction-wrought-iron-ornamental-scroll-bender\/","title":{"rendered":"LC-HD14 Manual Metal Craft Homemade Scroll Bender"},"content":{"rendered":"","protected":false},"excerpt":{"rendered":"<p>LC-HD14 Dobladora de desplazamiento casera artesanal de metal manual, a trav\u00e9s de la integraci\u00f3n t\u00e9cnica y la modificaci\u00f3n, esta m\u00e1quina dobladora manual combina m\u00faltiples m\u00e1quinas dobladoras manuales originales en una m\u00e1quina dobladora manual multifuncional, que ha cambiado de la peque\u00f1a capacidad de procesamiento original a la capacidad de procesamiento que puede ahora ser comparable a la de la maquinaria el\u00e9ctrica. Mejore la precisi\u00f3n y la resistencia del producto, y hay manuales, moldes de equipos y moldes de m\u00e1quinas dobladoras el\u00e9ctricas que son comunes, f\u00e1ciles de operar, ahorran energ\u00eda y son ecol\u00f3gicos.<br \/>\nEste producto puede procesar acero cuadrado, tubo cuadrado, hierro plano, acero redondo, tubo redondo en forma de P, S, C, estos patrones pueden usarse ampliamente en el procesamiento, puertas, escaleras, cercas, muebles de hierro forjado, etc. El doblado manual m\u00e1quina es definitivamente una buena opci\u00f3n para la etapa inicial de la carrera del herrero.<br \/>\nServicio en l\u00ednea las 24 horas. \u00a1H\u00e1ganos saber si tiene alguna pregunta!<br \/>\n<strong>PAR\u00c1METRO T\u00c9CNICO<br \/>\n<\/strong><strong>Modelo :LC-HD14<br \/>\nPlancha:<\/strong>\u226430*6mm<br \/>\n<strong>Acero redondo:<\/strong> \u2264\u03c614mm<br \/>\n<strong>Acero cuadrado:<\/strong>\u226414*14mm<br \/>\n<strong>Tubo cuadrado:<\/strong>\u226414*14mm<br \/>\n<strong>Tubo redondo:<\/strong>\u2264\u03c619mm<br \/>\n<strong>Fuerza:<\/strong> Manual<br \/>\n<strong>Dimensi\u00f3n de embalaje:<\/strong> 600\u00d7600\u00d7600mm<br \/>\n<strong>NO (kg):<\/strong>50<br \/>\n<strong>GW (kg):<\/strong>55<\/p>","protected":false},"featured_media":729,"template":"","meta":{"_kad_post_transparent":"default","_kad_post_title":"","_kad_post_layout":"default","_kad_post_sidebar_id":"","_kad_post_content_style":"default","_kad_post_vertical_padding":"default","_kad_post_feature":"","_kad_post_feature_position":"","_kad_post_header":false,"_kad_post_footer":false},"product_brand":[],"product_cat":[33,34],"product_tag":[232,235,49,182,237,236,231,233,234,238,185,192,194,189,111,193],"class_list":{"0":"post-727","1":"product","2":"type-product","3":"status-publish","4":"has-post-thumbnail","6":"product_cat-manual-wrounght-iron-processing-tools","7":"product_cat-manual-scroll-bender","8":"product_tag-buy-metal-scroll-bender","9":"product_tag-buy-metal-tube-bender-with-free-dies","10":"product_tag-electric-scroll-bending-machine","11":"product_tag-iron-pattern-bender","12":"product_tag-manual-metal-craft-homemade-scroll-bender","13":"product_tag-manual-metal-craft-tools-for-sale","14":"product_tag-manual-metal-scroll-bender","15":"product_tag-manual-metal-scroll-wrought-iron-craft-bending","16":"product_tag-metal-tube-bender","17":"product_tag-scroll-bender-tools","18":"product_tag-scroll-bending-machine-for-sale","19":"product_tag-scroll-making-machine","20":"product_tag-scroll-pattern-bender-equipment","21":"product_tag-scroll-pattern-bending-machine","22":"product_tag-wrought-iron-machine","23":"product_tag-wrought-iron-scrolling-bending-machine","25":"first","26":"instock","27":"shipping-taxable","28":"product-type-simple","29":"entry","30":"content-bg","31":"loop-entry"},"_links":{"self":[{"href":"https:\/\/zzlcmachinery.com\/es\/wp-json\/wp\/v2\/product\/727","targetHints":{"allow":["GET"]}}],"collection":[{"href":"https:\/\/zzlcmachinery.com\/es\/wp-json\/wp\/v2\/product"}],"about":[{"href":"https:\/\/zzlcmachinery.com\/es\/wp-json\/wp\/v2\/types\/product"}],"version-history":[{"count":0,"href":"https:\/\/zzlcmachinery.com\/es\/wp-json\/wp\/v2\/product\/727\/revisions"}],"wp:featuredmedia":[{"embeddable":true,"href":"https:\/\/zzlcmachinery.com\/es\/wp-json\/wp\/v2\/media\/729"}],"wp:attachment":[{"href":"https:\/\/zzlcmachinery.com\/es\/wp-json\/wp\/v2\/media?parent=727"}],"wp:term":[{"taxonomy":"product_brand","embeddable":true,"href":"https:\/\/zzlcmachinery.com\/es\/wp-json\/wp\/v2\/product_brand?post=727"},{"taxonomy":"product_cat","embeddable":true,"href":"https:\/\/zzlcmachinery.com\/es\/wp-json\/wp\/v2\/product_cat?post=727"},{"taxonomy":"product_tag","embeddable":true,"href":"https:\/\/zzlcmachinery.com\/es\/wp-json\/wp\/v2\/product_tag?post=727"}],"curies":[{"name":"wp","href":"https:\/\/api.w.org\/{rel}","templated":true}]}}