{"id":708,"date":"2022-10-29T23:52:18","date_gmt":"2022-10-29T15:52:18","guid":{"rendered":"https:\/\/zzlcmachinery.com\/?post_type=product&#038;p=708"},"modified":"2022-11-22T15:31:38","modified_gmt":"2022-11-22T07:31:38","slug":"lc-jkdn25c-wrought-iron-metal-twisting-machine","status":"publish","type":"product","link":"https:\/\/zzlcmachinery.com\/es\/producto\/lc-jkdn25c-wrought-iron-metal-twisting-machine\/","title":{"rendered":"M\u00e1quina de torsi\u00f3n de metal de hierro forjado LC-JKDN25C"},"content":{"rendered":"","protected":false},"excerpt":{"rendered":"<p>La m\u00e1quina de torsi\u00f3n de metal de hierro forjado LC-JKDN25C es una m\u00e1quina importante para fabricar puertas, cercas, barandillas, escaleras, muebles, camas, sillas y mesas de hierro, barras de hierro forjado, piezas y cabezas de guirnaldas para herrero. La m\u00e1quina de torsi\u00f3n mejora la tecnolog\u00eda sobre la base de la m\u00e1quina de torsi\u00f3n el\u00e9ctrica original. El programa de la m\u00e1quina se corrige autom\u00e1ticamente, manteniendo todos los productos iguales, por lo que puede lograr el prop\u00f3sito de la producci\u00f3n en masa, LC-JKDN25C esta m\u00e1quina solo tiene la funci\u00f3n de torcer el giro.<br \/>\nDespu\u00e9s de mejorar la m\u00e1quina. Esta m\u00e1quina puede cambiar libremente entre el mecanismo del cabrestante y el contrapunto original. Desmonte el riel deslizante telesc\u00f3pico del asiento trasero giratorio y luego empuje el mecanismo de la cesta de flores para conectarlo con la toma de corriente original para girar la cesta de flores. Por lo tanto, los clientes pueden considerar esta m\u00e1quina cuando el presupuesto es limitado, y cuando el presupuesto es suficiente, el molde se puede complementar para obtener la funci\u00f3n de la m\u00e1quina de cestas de flores torcidas.<br \/>\nNo solo puede torcer la forma de pretzel, tambi\u00e9n puede torcer cestas de flores (jaulas de p\u00e1jaros).<br \/>\nEl molde viene con la m\u00e1quina para proporcionar 9 juegos de moldes.<br \/>\nServicio en l\u00ednea las 24 horas. \u00a1H\u00e1ganos saber si tiene alguna pregunta!<br \/>\n<strong>PAR\u00c1METRO T\u00c9CNICO<br \/>\n<\/strong><strong>Modelo :LC-JKDN25C<br \/>\nCapacidad m\u00e1xima de trabajo:<\/strong> Longitud\u2264200-800 mm<br \/>\n<strong>Acero cuadrado<\/strong> \u226425\u00d725mm<br \/>\n<strong>plancha<\/strong> \u226480x10mm<br \/>\n<strong>Fuerza:<\/strong> 5.2KW<br \/>\n<strong>Para troqueles gratis:<\/strong>6 juegos de troqueles cuadrados de acero, 3 juegos de troqueles de hierro plano<br \/>\n<strong>Voltaje:<\/strong>\u00a0220V\/380V\/415V<br \/>\n<strong>Dimensi\u00f3n de embalaje:<\/strong> 1400\u00d7620\u00d71100mm<br \/>\n<strong>NO (kg):<\/strong> 480\u00a0 \u00a0 \u00a0 <strong>GW (kg):<\/strong> 550<\/p>","protected":false},"featured_media":721,"template":"","meta":{"_kad_post_transparent":"default","_kad_post_title":"","_kad_post_layout":"default","_kad_post_sidebar_id":"","_kad_post_content_style":"default","_kad_post_vertical_padding":"default","_kad_post_feature":"","_kad_post_feature_position":"","_kad_post_header":false,"_kad_post_footer":false},"product_brand":[],"product_cat":[20,29],"product_tag":[196,230,229,204,197,209],"class_list":{"0":"post-708","1":"product","2":"type-product","3":"status-publish","4":"has-post-thumbnail","6":"product_cat-wrought-iron-twisting-machine","7":"product_cat-electric-wrought-iron-processing-machine","8":"product_tag-automatic-wrought-iron-twisting-machine","9":"product_tag-electric-metal-twisting-machine","10":"product_tag-finished-product-of-wrought-iron-twisting-machine","11":"product_tag-multifunctional-wrought-iron-machine","12":"product_tag-twisting-machine-at-best-price-in-china","13":"product_tag-wrought-iron-twist-machine","15":"first","16":"instock","17":"shipping-taxable","18":"product-type-simple","19":"entry","20":"content-bg","21":"loop-entry"},"_links":{"self":[{"href":"https:\/\/zzlcmachinery.com\/es\/wp-json\/wp\/v2\/product\/708","targetHints":{"allow":["GET"]}}],"collection":[{"href":"https:\/\/zzlcmachinery.com\/es\/wp-json\/wp\/v2\/product"}],"about":[{"href":"https:\/\/zzlcmachinery.com\/es\/wp-json\/wp\/v2\/types\/product"}],"version-history":[{"count":0,"href":"https:\/\/zzlcmachinery.com\/es\/wp-json\/wp\/v2\/product\/708\/revisions"}],"wp:featuredmedia":[{"embeddable":true,"href":"https:\/\/zzlcmachinery.com\/es\/wp-json\/wp\/v2\/media\/721"}],"wp:attachment":[{"href":"https:\/\/zzlcmachinery.com\/es\/wp-json\/wp\/v2\/media?parent=708"}],"wp:term":[{"taxonomy":"product_brand","embeddable":true,"href":"https:\/\/zzlcmachinery.com\/es\/wp-json\/wp\/v2\/product_brand?post=708"},{"taxonomy":"product_cat","embeddable":true,"href":"https:\/\/zzlcmachinery.com\/es\/wp-json\/wp\/v2\/product_cat?post=708"},{"taxonomy":"product_tag","embeddable":true,"href":"https:\/\/zzlcmachinery.com\/es\/wp-json\/wp\/v2\/product_tag?post=708"}],"curies":[{"name":"wp","href":"https:\/\/api.w.org\/{rel}","templated":true}]}}