{"id":707,"date":"2022-10-29T23:51:51","date_gmt":"2022-10-29T15:51:51","guid":{"rendered":"https:\/\/zzlcmachinery.com\/?post_type=product&#038;p=707"},"modified":"2022-11-22T15:34:49","modified_gmt":"2022-11-22T07:34:49","slug":"lc-jkdn25e-electric-8-wires-basket-twisting-machine-iron-craft-bird-cage-making-machine-wrought-iron-machine","status":"publish","type":"product","link":"https:\/\/zzlcmachinery.com\/es\/producto\/lc-jkdn25e-electric-8-wires-basket-twisting-machine-iron-craft-bird-cage-making-machine-wrought-iron-machine\/","title":{"rendered":"LC-JKDN25E m\u00e1quina el\u00e9ctrica de torsi\u00f3n de cesta de 8 cables, m\u00e1quina de fabricaci\u00f3n de jaulas de p\u00e1jaros artesanales de hierro, m\u00e1quina de hierro forjado"},"content":{"rendered":"","protected":false},"excerpt":{"rendered":"<p>LC-JKDN25E M\u00e1quina el\u00e9ctrica para torcer cestas de 8 alambres, m\u00e1quina para fabricar jaulas de p\u00e1jaros artesanales de hierro, la m\u00e1quina de hierro forjado es una herramienta profesional de procesamiento de metales especialmente utilizada para procesar jaulas de p\u00e1jaros de alambres m\u00faltiples. Puede procesar cestas de flores de 8 hilos, cestas de flores de 4 hilos y cestas de flores de 12 hilos (cestas de flores de 12 hilos como opci\u00f3n personalizable para los clientes). Durante el procesamiento, primero se deben procesar 4 u 8 cables de material: los dos extremos del material deben soldarse antes del procesamiento.<br \/>\nEn particular, la producci\u00f3n de canastas de flores de 8 alambres debe calcinarse y enfriarse antes del procesamiento, y el producto terminado es excelente. El di\u00e1metro m\u00e1ximo de procesamiento de esta m\u00e1quina es de acero cuadrado de 25 mm. La capacidad m\u00e1xima de procesamiento de esta m\u00e1quina es de 12 l\u00edneas de canastas de flores. La m\u00e1quina proporciona moldes gratuitos al azar. Se proporcionan 5 juegos de moldes para cestas de flores de forma gratuita (incluida la cesta de flores de 8 alambres y la cesta de flores de 4 cestas): el di\u00e1metro de la matriz de procesamiento es de 12 mm, 14 mm, 18 mm, 20 mm. Servicio en l\u00ednea de 24 horas. H\u00e1ganos saber si \u00a1tienes alguna pregunta!<br \/>\n<strong>PAR\u00c1METRO T\u00c9CNICO<br \/>\n<\/strong><strong>Modelo :LC-JKDN25D<br \/>\nCapacidad m\u00e1xima de trabajo:<\/strong> Longitud\u2264200-800 mm<br \/>\n<strong>Acero cuadrado<\/strong> \u226425\u00d725 mm Acero redondo :\u03a66mm,\u03a68mm<br \/>\n<strong>plancha<\/strong> \u226480x10mm<br \/>\n<strong>Fuerza:<\/strong> 5.2KW<br \/>\n<strong>Para troqueles gratis:<\/strong>6 juegos de troqueles cuadrados de acero, 3 juegos de troqueles de hierro plano, 5 juegos de troqueles de flores de cesta<br \/>\n<strong>Voltaje:<\/strong>\u00a0220V\/380V\/415V<br \/>\n<strong>Dimensi\u00f3n de embalaje:<\/strong> 1400\u00d7620\u00d71100mm<br \/>\n<strong>NO (kg):<\/strong> 480\u00a0 \u00a0 \u00a0 <strong>GW (kg):<\/strong> 550<\/p>","protected":false},"featured_media":710,"template":"","meta":{"_kad_post_transparent":"default","_kad_post_title":"","_kad_post_layout":"default","_kad_post_sidebar_id":"","_kad_post_content_style":"default","_kad_post_vertical_padding":"default","_kad_post_feature":"","_kad_post_feature_position":"","_kad_post_header":false,"_kad_post_footer":false},"product_brand":[],"product_cat":[20,29],"product_tag":[214,223,221,228,212,210,226,219,211,225,216,220,222,218,227,224,213,215,111,217],"class_list":{"0":"post-707","1":"product","2":"type-product","3":"status-publish","4":"has-post-thumbnail","6":"product_cat-wrought-iron-twisting-machine","7":"product_cat-electric-wrought-iron-processing-machine","8":"product_tag-basket-maker","9":"product_tag-basket-twister","10":"product_tag-buy-basket-making-tool","11":"product_tag-buy-used-wrought-iron-machines","12":"product_tag-electric-4-wires-basket-twisting-machine","13":"product_tag-electric-8-wires-basket-making-machine","14":"product_tag-ellsen-metalcraft-machinery","15":"product_tag-ellsen-ornamental-wrought-iron","16":"product_tag-iron-craft-bird-cage-making-machine","17":"product_tag-metal-bar-twisting-basket-making-machine","18":"product_tag-metal-craft-basket-making-machine","19":"product_tag-metal-craft-making-attachemnt-steel-twister-tool","20":"product_tag-metal-craft-twister-tool","21":"product_tag-metal-twisting-machine","22":"product_tag-metal-twisting-wrought-iron-machine-for-making-wire-basket","23":"product_tag-steel-basket-twist-tool","24":"product_tag-wire-twister-machine","25":"product_tag-wrought-iron-basket-machine","26":"product_tag-wrought-iron-machine","27":"product_tag-wrought-iron-twisting-machine-manufacturers","29":"first","30":"instock","31":"shipping-taxable","32":"product-type-simple","33":"entry","34":"content-bg","35":"loop-entry"},"_links":{"self":[{"href":"https:\/\/zzlcmachinery.com\/es\/wp-json\/wp\/v2\/product\/707","targetHints":{"allow":["GET"]}}],"collection":[{"href":"https:\/\/zzlcmachinery.com\/es\/wp-json\/wp\/v2\/product"}],"about":[{"href":"https:\/\/zzlcmachinery.com\/es\/wp-json\/wp\/v2\/types\/product"}],"version-history":[{"count":0,"href":"https:\/\/zzlcmachinery.com\/es\/wp-json\/wp\/v2\/product\/707\/revisions"}],"wp:featuredmedia":[{"embeddable":true,"href":"https:\/\/zzlcmachinery.com\/es\/wp-json\/wp\/v2\/media\/710"}],"wp:attachment":[{"href":"https:\/\/zzlcmachinery.com\/es\/wp-json\/wp\/v2\/media?parent=707"}],"wp:term":[{"taxonomy":"product_brand","embeddable":true,"href":"https:\/\/zzlcmachinery.com\/es\/wp-json\/wp\/v2\/product_brand?post=707"},{"taxonomy":"product_cat","embeddable":true,"href":"https:\/\/zzlcmachinery.com\/es\/wp-json\/wp\/v2\/product_cat?post=707"},{"taxonomy":"product_tag","embeddable":true,"href":"https:\/\/zzlcmachinery.com\/es\/wp-json\/wp\/v2\/product_tag?post=707"}],"curies":[{"name":"wp","href":"https:\/\/api.w.org\/{rel}","templated":true}]}}