{"id":687,"date":"2022-10-28T18:36:53","date_gmt":"2022-10-28T10:36:53","guid":{"rendered":"https:\/\/zzlcmachinery.com\/?post_type=product&#038;p=687"},"modified":"2022-10-30T18:14:10","modified_gmt":"2022-10-30T10:14:10","slug":"lc-jkdn25d-muliti-function-wrought-iron-metal-twisting-machine-design-for-sale","status":"publish","type":"product","link":"https:\/\/zzlcmachinery.com\/es\/producto\/lc-jkdn25d-muliti-function-wrought-iron-metal-twisting-machine-design-for-sale\/","title":{"rendered":"Dise\u00f1o de m\u00e1quina de torsi\u00f3n de metal de hierro forjado de funci\u00f3n m\u00faltiple LC-JKDN25D para la venta"},"content":{"rendered":"","protected":false},"excerpt":{"rendered":"<p>LC-JKDN25D El dise\u00f1o de la m\u00e1quina de torsi\u00f3n de metal de hierro forjado de funciones m\u00faltiples para la venta es la m\u00e1quina de torsi\u00f3n de metal m\u00e1s vers\u00e1til, que puede torcer hierro plano, acero cuadrado, acero redondo y tubo cuadrado. No solo puede procesar materiales met\u00e1licos en forma de torsi\u00f3n, sino que tambi\u00e9n puede torcer varios aceros cuadrados o redondos para formar m\u00faltiples patrones de flores de canastas o torceduras que enriquecen en gran medida el procesamiento de la estructura art\u00edstica de los pasamanos de puertas y ventanas.<br \/>\nEl m\u00e1ximo puede torcer acero cuadrado de 25x25 mm, hierro plano de 30x8 mm, puede torcer 4 piezas de acero redondo de \u03a612 mm, 4 piezas de acero cuadrado de 12x12 mm en una forma de canasta de flores de 4 hileras a su vez.<br \/>\nEst\u00e1n disponibles cestas de 4 hebras, cestas de 8 hebras y cestas de 12 hebras. 8 mm.<br \/>\nEsta m\u00e1quina distribuye aleatoriamente 12 juegos de moldes, y los clientes deben comprar los moldes para canastas de flores de 8 y 12 hilos.<br \/>\nServicio en l\u00ednea las 24 horas. \u00a1H\u00e1ganos saber si tiene alguna pregunta!<br \/>\n<strong>PAR\u00c1METRO T\u00c9CNICO<br \/>\n<\/strong><strong>Modelo: LC-JKDN25D<br \/>\nCapacidad m\u00e1xima de trabajo:<\/strong> Longitud\u2264200-800 mm<br \/>\n<strong>Acero cuadrado<\/strong> \u226425\u00d725 mm Acero redondo :\u03a66mm,\u03a68mm<br \/>\n<strong>plancha<\/strong> \u226480x10mm<br \/>\n<strong>Fuerza:<\/strong> 5.2KW<br \/>\n<strong>Para troqueles gratis:<\/strong>6 juegos de troqueles cuadrados de acero, 3 juegos de troqueles de hierro plano, 4 juegos de troqueles de flores de canasta de 4 hilos<br \/>\n<strong>Voltaje:<\/strong>\u00a0220V\/380V\/415V<br \/>\n<strong>Dimensi\u00f3n de embalaje:<\/strong> 1400\u00d7620\u00d71100mm<br \/>\n<strong>NO (kg):<\/strong> 480\u00a0 \u00a0 \u00a0 <strong>GW (kg):<\/strong> 550<\/p>","protected":false},"featured_media":690,"template":"","meta":{"_kad_post_transparent":"default","_kad_post_title":"","_kad_post_layout":"default","_kad_post_sidebar_id":"","_kad_post_content_style":"default","_kad_post_vertical_padding":"default","_kad_post_feature":"","_kad_post_feature_position":"","_kad_post_header":false,"_kad_post_footer":false},"product_brand":[],"product_cat":[20,29],"product_tag":[207,208,196,198,206,202,205,200,204,203,197,199,201,209],"class_list":{"0":"post-687","1":"product","2":"type-product","3":"status-publish","4":"has-post-thumbnail","6":"product_cat-wrought-iron-twisting-machine","7":"product_cat-electric-wrought-iron-processing-machine","8":"product_tag-4-strand-flower-basket-electric-twisting-machine","9":"product_tag-8-strand-flower-basket-electric-twisting-machine","10":"product_tag-automatic-wrought-iron-twisting-machine","11":"product_tag-ellsen-wrought-iron-machine","12":"product_tag-flower-ball-twisting-machine-for-wrought-iron","13":"product_tag-high-quality-wrought-iron-twisting-machine","14":"product_tag-muliti-function-wrought-iron-metal-twisting-machine-design","15":"product_tag-multi-function-wrought-iron-machine-for-sale","16":"product_tag-multifunctional-wrought-iron-machine","17":"product_tag-twisting-machine","18":"product_tag-twisting-machine-at-best-price-in-china","19":"product_tag-twisting-machines","20":"product_tag-wrought-iron-metal-twisting-machine-for-sale","21":"product_tag-wrought-iron-twist-machine","23":"first","24":"instock","25":"shipping-taxable","26":"product-type-simple","27":"entry","28":"content-bg","29":"loop-entry"},"_links":{"self":[{"href":"https:\/\/zzlcmachinery.com\/es\/wp-json\/wp\/v2\/product\/687","targetHints":{"allow":["GET"]}}],"collection":[{"href":"https:\/\/zzlcmachinery.com\/es\/wp-json\/wp\/v2\/product"}],"about":[{"href":"https:\/\/zzlcmachinery.com\/es\/wp-json\/wp\/v2\/types\/product"}],"version-history":[{"count":0,"href":"https:\/\/zzlcmachinery.com\/es\/wp-json\/wp\/v2\/product\/687\/revisions"}],"wp:featuredmedia":[{"embeddable":true,"href":"https:\/\/zzlcmachinery.com\/es\/wp-json\/wp\/v2\/media\/690"}],"wp:attachment":[{"href":"https:\/\/zzlcmachinery.com\/es\/wp-json\/wp\/v2\/media?parent=687"}],"wp:term":[{"taxonomy":"product_brand","embeddable":true,"href":"https:\/\/zzlcmachinery.com\/es\/wp-json\/wp\/v2\/product_brand?post=687"},{"taxonomy":"product_cat","embeddable":true,"href":"https:\/\/zzlcmachinery.com\/es\/wp-json\/wp\/v2\/product_cat?post=687"},{"taxonomy":"product_tag","embeddable":true,"href":"https:\/\/zzlcmachinery.com\/es\/wp-json\/wp\/v2\/product_tag?post=687"}],"curies":[{"name":"wp","href":"https:\/\/api.w.org\/{rel}","templated":true}]}}